{"id":387305,"date":"2025-10-09T15:16:26","date_gmt":"2025-10-09T19:16:26","guid":{"rendered":"https:\/\/www.avenuedesigncanada.com\/?post_type=product&#038;p=387305"},"modified":"2026-02-12T10:47:56","modified_gmt":"2026-02-12T15:47:56","slug":"table-diner-agnes","status":"publish","type":"product","link":"https:\/\/www.avenuedesigncanada.com\/fr\/product\/table-diner-agnes\/","title":{"rendered":"Table \u00e0 diner Agnes"},"content":{"rendered":"<p><em>Les caract\u00e9ristiques de la table \u00e0 d\u00eener Agnes:<\/em><\/p>\n<p>Plateau en verre rond de 60&Prime; sur base en m\u00e9tal moul\u00e9 sculpt\u00e9 en acier inoxydable poli<\/p>\n<p>Le dessus est en verre non tremp\u00e9 UltraClear de 3\/4&Prime; d&rsquo;\u00e9paisseur, \u00e0 bords plats.<\/p>\n<p>Motif \u00ab\u00a0manchette\u00a0\u00bb sculpt\u00e9 sur la base<\/p>\n<p>Butoirs en caoutchouc pour le verre<\/p>\n<p>Patins ajustables<\/p>\n<p>\u00c9galement disponible avec plateau rond en verre de 54 po<\/p>\n<p>Vous avez des questions sur ce produit ? Nos concepteurs sont l\u00e0 pour vous aider. Appelez-nous au (514) 340-9351  <\/p>\n","protected":false},"excerpt":{"rendered":"<p>Le design \u00e9poustouflant des montants sculpt\u00e9s et polis en acier inoxydable conf\u00e8re \u00e0 la table \u00e0 d\u00eener Agnes une beaut\u00e9 sophistiqu\u00e9e. Le m\u00e9tal s&rsquo;incurve et s&rsquo;\u00e9tire pour former un cercle ouvert qui sert de base. Le plateau rond en verre permet d&rsquo;admirer la base raffin\u00e9e.  <\/p>\n","protected":false},"featured_media":387307,"template":"","meta":{"_kad_blocks_custom_css":"","_kad_blocks_head_custom_js":"","_kad_blocks_body_custom_js":"","_kad_blocks_footer_custom_js":"","_kad_post_transparent":"","_kad_post_title":"","_kad_post_layout":"","_kad_post_sidebar_id":"","_kad_post_content_style":"","_kad_post_vertical_padding":"","_kad_post_feature":"","_kad_post_feature_position":"","_kad_post_header":false,"_kad_post_footer":false,"_kad_post_classname":""},"product_brand":[],"product_cat":[1306],"product_tag":[1844],"class_list":{"0":"post-387305","1":"product","2":"type-product","3":"status-publish","4":"has-post-thumbnail","6":"product_cat-tables-de-salle-a-manger","7":"product_tag-barcelona-cg-fr-2","9":"first","10":"instock","11":"taxable","12":"shipping-taxable","13":"product-type-simple","14":"entry","15":"content-bg","16":"loop-entry"},"taxonomy_info":{"product_cat":[{"value":1306,"label":"Tables"}],"product_tag":[{"value":1844,"label":"BARCELONA - CG"}]},"featured_image_src_large":["https:\/\/www.avenuedesigncanada.com\/wp-content\/uploads\/2025\/10\/338772-1024x1024.jpg",1024,1024,true],"author_info":[],"comment_info":"","_links":{"self":[{"href":"https:\/\/www.avenuedesigncanada.com\/fr\/wp-json\/wp\/v2\/product\/387305","targetHints":{"allow":["GET"]}}],"collection":[{"href":"https:\/\/www.avenuedesigncanada.com\/fr\/wp-json\/wp\/v2\/product"}],"about":[{"href":"https:\/\/www.avenuedesigncanada.com\/fr\/wp-json\/wp\/v2\/types\/product"}],"wp:featuredmedia":[{"embeddable":true,"href":"https:\/\/www.avenuedesigncanada.com\/fr\/wp-json\/wp\/v2\/media\/387307"}],"wp:attachment":[{"href":"https:\/\/www.avenuedesigncanada.com\/fr\/wp-json\/wp\/v2\/media?parent=387305"}],"wp:term":[{"taxonomy":"product_brand","embeddable":true,"href":"https:\/\/www.avenuedesigncanada.com\/fr\/wp-json\/wp\/v2\/product_brand?post=387305"},{"taxonomy":"product_cat","embeddable":true,"href":"https:\/\/www.avenuedesigncanada.com\/fr\/wp-json\/wp\/v2\/product_cat?post=387305"},{"taxonomy":"product_tag","embeddable":true,"href":"https:\/\/www.avenuedesigncanada.com\/fr\/wp-json\/wp\/v2\/product_tag?post=387305"}],"curies":[{"name":"wp","href":"https:\/\/api.w.org\/{rel}","templated":true}]}}