{"id":387408,"date":"2025-10-10T10:26:49","date_gmt":"2025-10-10T14:26:49","guid":{"rendered":"https:\/\/www.avenuedesigncanada.com\/?post_type=product&#038;p=387408"},"modified":"2026-02-12T10:47:57","modified_gmt":"2026-02-12T15:47:57","slug":"table-diner-dalton","status":"publish","type":"product","link":"https:\/\/www.avenuedesigncanada.com\/fr\/product\/table-diner-dalton\/","title":{"rendered":"Table \u00e0 diner Dalton"},"content":{"rendered":"<p>Plateau de table en verre, soutenu par une base en ch\u00eane \u00e0 trois pieds, en angle, en finition Greige alt\u00e9r\u00e9 avec des accents en acier inoxydable poli en finition Bronze clair<\/p>\n<p>Texture en m\u00e9tal martel\u00e9 sur le design du bol situ\u00e9 \u00e0 l&rsquo;int\u00e9rieur de la base<\/p>\n<p>Patins r\u00e9glables<\/p>\n<p>Le style moderne chic cr\u00e9e un design unique de table de salle \u00e0 manger avec du bois, du m\u00e9tal et du verre.<br \/>\nVous avez des questions sur ce produit ? Nos concepteurs sont l\u00e0 pour vous aider. Appelez-nous au (514) 340-9351  <\/p>\n","protected":false},"excerpt":{"rendered":"<p>Le design moderne en faux bois donne \u00e0 la table \u00e0 d\u00eener Dalton un style distinctif. Le bois textur\u00e9 et l&rsquo;acier inoxydable poli composent trois pieds effil\u00e9s qui soutiennent un plateau en m\u00e9tal martel\u00e9 et textur\u00e9. Le dessus est un cercle de verre qui offre une vue sur la magnifique base.  <\/p>\n","protected":false},"featured_media":387410,"template":"","meta":{"_kad_blocks_custom_css":"","_kad_blocks_head_custom_js":"","_kad_blocks_body_custom_js":"","_kad_blocks_footer_custom_js":"","_kad_post_transparent":"","_kad_post_title":"","_kad_post_layout":"","_kad_post_sidebar_id":"","_kad_post_content_style":"","_kad_post_vertical_padding":"","_kad_post_feature":"","_kad_post_feature_position":"","_kad_post_header":false,"_kad_post_footer":false,"_kad_post_classname":""},"product_brand":[],"product_cat":[1306],"product_tag":[1844],"class_list":{"0":"post-387408","1":"product","2":"type-product","3":"status-publish","4":"has-post-thumbnail","6":"product_cat-tables-de-salle-a-manger","7":"product_tag-barcelona-cg-fr-2","9":"first","10":"instock","11":"taxable","12":"shipping-taxable","13":"product-type-simple","14":"entry","15":"content-bg","16":"loop-entry"},"taxonomy_info":{"product_cat":[{"value":1306,"label":"Tables"}],"product_tag":[{"value":1844,"label":"BARCELONA - CG"}]},"featured_image_src_large":["https:\/\/www.avenuedesigncanada.com\/wp-content\/uploads\/2025\/10\/332773-1024x1024.jpg",1024,1024,true],"author_info":[],"comment_info":"","_links":{"self":[{"href":"https:\/\/www.avenuedesigncanada.com\/fr\/wp-json\/wp\/v2\/product\/387408","targetHints":{"allow":["GET"]}}],"collection":[{"href":"https:\/\/www.avenuedesigncanada.com\/fr\/wp-json\/wp\/v2\/product"}],"about":[{"href":"https:\/\/www.avenuedesigncanada.com\/fr\/wp-json\/wp\/v2\/types\/product"}],"wp:featuredmedia":[{"embeddable":true,"href":"https:\/\/www.avenuedesigncanada.com\/fr\/wp-json\/wp\/v2\/media\/387410"}],"wp:attachment":[{"href":"https:\/\/www.avenuedesigncanada.com\/fr\/wp-json\/wp\/v2\/media?parent=387408"}],"wp:term":[{"taxonomy":"product_brand","embeddable":true,"href":"https:\/\/www.avenuedesigncanada.com\/fr\/wp-json\/wp\/v2\/product_brand?post=387408"},{"taxonomy":"product_cat","embeddable":true,"href":"https:\/\/www.avenuedesigncanada.com\/fr\/wp-json\/wp\/v2\/product_cat?post=387408"},{"taxonomy":"product_tag","embeddable":true,"href":"https:\/\/www.avenuedesigncanada.com\/fr\/wp-json\/wp\/v2\/product_tag?post=387408"}],"curies":[{"name":"wp","href":"https:\/\/api.w.org\/{rel}","templated":true}]}}