{"id":389163,"date":"2025-10-27T16:21:48","date_gmt":"2025-10-27T20:21:48","guid":{"rendered":"https:\/\/www.avenuedesigncanada.com\/?post_type=product&#038;p=389163"},"modified":"2026-02-12T10:48:03","modified_gmt":"2026-02-12T15:48:03","slug":"table-a-diner-rectangulaire-kimono-rallonges","status":"publish","type":"product","link":"https:\/\/www.avenuedesigncanada.com\/fr\/product\/table-a-diner-rectangulaire-kimono-rallonges\/","title":{"rendered":"Table \u00e0 diner  rectangulaire \u00e0 rallonge Kimono"},"content":{"rendered":"<p><em>La table \u00e0 manger rectangulaire extensible Kimono pr\u00e9sente les caract\u00e9ristiques suivantes :<\/em><\/p>\n<p>Base en m\u00e9tal avec plateau en placage de ch\u00eane ou de noyer, en verre laqu\u00e9 extra blanc brillant, en verre laqu\u00e9 velout\u00e9 mat anti-rayures, en verre d&rsquo;art ou en SuperMarble.<\/p>\n<p>Disponible en diff\u00e9rentes tailles, options de finition et options de plateau.<br \/>\nVous avez des questions sur ce produit ? Nos concepteurs sont l\u00e0 pour vous aider. Appelez-nous au (514) 340-9351  <\/p>\n","protected":false},"excerpt":{"rendered":"<p>La table \u00e0 manger extensible rectangulaire Kimono est dot\u00e9e d&rsquo;une base en m\u00e9tal et d&rsquo;un plateau en placage de ch\u00eane ou de noyer, en verre laqu\u00e9 brillant extra blanc, en verre laqu\u00e9 anti-rayures velours mat, en verre d&rsquo;art ou en SuperMarble. Disponible en plusieurs tailles et finitions, c&rsquo;est un choix \u00e9l\u00e9gant et pratique pour les salles \u00e0 manger de toutes tailles. <\/p>\n","protected":false},"featured_media":389167,"template":"","meta":{"_kad_blocks_custom_css":"","_kad_blocks_head_custom_js":"","_kad_blocks_body_custom_js":"","_kad_blocks_footer_custom_js":"","_kad_post_transparent":"","_kad_post_title":"","_kad_post_layout":"","_kad_post_sidebar_id":"","_kad_post_content_style":"","_kad_post_vertical_padding":"","_kad_post_feature":"","_kad_post_feature_position":"","_kad_post_header":false,"_kad_post_footer":false,"_kad_post_classname":""},"product_brand":[],"product_cat":[1306],"product_tag":[1822],"class_list":{"0":"post-389163","1":"product","2":"type-product","3":"status-publish","4":"has-post-thumbnail","6":"product_cat-tables-de-salle-a-manger","7":"product_tag-roma-fr","9":"first","10":"instock","11":"taxable","12":"shipping-taxable","13":"product-type-simple","14":"entry","15":"content-bg","16":"loop-entry"},"taxonomy_info":{"product_cat":[{"value":1306,"label":"Tables"}],"product_tag":[{"value":1822,"label":"ROMA"}]},"featured_image_src_large":["https:\/\/www.avenuedesigncanada.com\/wp-content\/uploads\/2025\/10\/Kimono-1-1-1024x1024.jpg",1024,1024,true],"author_info":[],"comment_info":"","_links":{"self":[{"href":"https:\/\/www.avenuedesigncanada.com\/fr\/wp-json\/wp\/v2\/product\/389163","targetHints":{"allow":["GET"]}}],"collection":[{"href":"https:\/\/www.avenuedesigncanada.com\/fr\/wp-json\/wp\/v2\/product"}],"about":[{"href":"https:\/\/www.avenuedesigncanada.com\/fr\/wp-json\/wp\/v2\/types\/product"}],"wp:featuredmedia":[{"embeddable":true,"href":"https:\/\/www.avenuedesigncanada.com\/fr\/wp-json\/wp\/v2\/media\/389167"}],"wp:attachment":[{"href":"https:\/\/www.avenuedesigncanada.com\/fr\/wp-json\/wp\/v2\/media?parent=389163"}],"wp:term":[{"taxonomy":"product_brand","embeddable":true,"href":"https:\/\/www.avenuedesigncanada.com\/fr\/wp-json\/wp\/v2\/product_brand?post=389163"},{"taxonomy":"product_cat","embeddable":true,"href":"https:\/\/www.avenuedesigncanada.com\/fr\/wp-json\/wp\/v2\/product_cat?post=389163"},{"taxonomy":"product_tag","embeddable":true,"href":"https:\/\/www.avenuedesigncanada.com\/fr\/wp-json\/wp\/v2\/product_tag?post=389163"}],"curies":[{"name":"wp","href":"https:\/\/api.w.org\/{rel}","templated":true}]}}