{"id":389212,"date":"2025-10-28T12:25:51","date_gmt":"2025-10-28T16:25:51","guid":{"rendered":"https:\/\/www.avenuedesigncanada.com\/?post_type=product&#038;p=389212"},"modified":"2026-02-12T10:48:03","modified_gmt":"2026-02-12T15:48:03","slug":"table-a-diner-rectangulaire-fiandre-avec-rallonges","status":"publish","type":"product","link":"https:\/\/www.avenuedesigncanada.com\/fr\/product\/table-a-diner-rectangulaire-fiandre-avec-rallonges\/","title":{"rendered":"FiandreTable \u00e0 diner  rectangulaire \u00e0 rallonge"},"content":{"rendered":"<p><em>La table \u00e0 manger rectangulaire extensible Fiandre pr\u00e9sente les caract\u00e9ristiques suivantes :<\/em><\/p>\n<p>Base en m\u00e9tal avec plateau en placage de ch\u00eane ou de noyer, en verre laqu\u00e9 extra blanc brillant, en verre laqu\u00e9 velout\u00e9 mat anti-rayures, en verre d&rsquo;art ou en SuperMarble.<\/p>\n<p>Disponible en plusieurs finitions et options de plateau. Le haut mesure 75&Prime; de long et s&rsquo;\u00e9tend jusqu&rsquo;\u00e0 94,5&Prime; et 114&Prime;.<br \/>\nVous avez des questions sur ce produit ? Nos concepteurs sont l\u00e0 pour vous aider. Appelez-nous au (514) 340-9351  <\/p>\n","protected":false},"excerpt":{"rendered":"<p>\u00c9l\u00e9gante et fonctionnelle, la table \u00e0 manger extensible rectangulaire Fiandre est dot\u00e9e d&rsquo;une base en m\u00e9tal et d&rsquo;un plateau en placage de ch\u00eane ou de noyer, en verre laqu\u00e9 extra blanc brillant, en verre laqu\u00e9 velout\u00e9 mat anti-rayures, en verre d&rsquo;art ou en SuperMarble. Elle mesure 75&Prime; de long et s&rsquo;\u00e9tend jusqu&rsquo;\u00e0 94,5&Prime; ou 114&Prime;, avec de multiples finitions et options de plateaux pour une exp\u00e9rience gastronomique vraiment personnalis\u00e9e. <\/p>\n","protected":false},"featured_media":389214,"template":"","meta":{"_kad_blocks_custom_css":"","_kad_blocks_head_custom_js":"","_kad_blocks_body_custom_js":"","_kad_blocks_footer_custom_js":"","_kad_post_transparent":"","_kad_post_title":"","_kad_post_layout":"","_kad_post_sidebar_id":"","_kad_post_content_style":"","_kad_post_vertical_padding":"","_kad_post_feature":"","_kad_post_feature_position":"","_kad_post_header":false,"_kad_post_footer":false,"_kad_post_classname":""},"product_brand":[],"product_cat":[1306],"product_tag":[1822],"class_list":{"0":"post-389212","1":"product","2":"type-product","3":"status-publish","4":"has-post-thumbnail","6":"product_cat-tables-de-salle-a-manger","7":"product_tag-roma-fr","9":"first","10":"instock","11":"taxable","12":"shipping-taxable","13":"product-type-simple","14":"entry","15":"content-bg","16":"loop-entry"},"taxonomy_info":{"product_cat":[{"value":1306,"label":"Tables"}],"product_tag":[{"value":1822,"label":"ROMA"}]},"featured_image_src_large":["https:\/\/www.avenuedesigncanada.com\/wp-content\/uploads\/2025\/10\/Fiandre-1-1024x1024.jpg",1024,1024,true],"author_info":[],"comment_info":"","_links":{"self":[{"href":"https:\/\/www.avenuedesigncanada.com\/fr\/wp-json\/wp\/v2\/product\/389212","targetHints":{"allow":["GET"]}}],"collection":[{"href":"https:\/\/www.avenuedesigncanada.com\/fr\/wp-json\/wp\/v2\/product"}],"about":[{"href":"https:\/\/www.avenuedesigncanada.com\/fr\/wp-json\/wp\/v2\/types\/product"}],"wp:featuredmedia":[{"embeddable":true,"href":"https:\/\/www.avenuedesigncanada.com\/fr\/wp-json\/wp\/v2\/media\/389214"}],"wp:attachment":[{"href":"https:\/\/www.avenuedesigncanada.com\/fr\/wp-json\/wp\/v2\/media?parent=389212"}],"wp:term":[{"taxonomy":"product_brand","embeddable":true,"href":"https:\/\/www.avenuedesigncanada.com\/fr\/wp-json\/wp\/v2\/product_brand?post=389212"},{"taxonomy":"product_cat","embeddable":true,"href":"https:\/\/www.avenuedesigncanada.com\/fr\/wp-json\/wp\/v2\/product_cat?post=389212"},{"taxonomy":"product_tag","embeddable":true,"href":"https:\/\/www.avenuedesigncanada.com\/fr\/wp-json\/wp\/v2\/product_tag?post=389212"}],"curies":[{"name":"wp","href":"https:\/\/api.w.org\/{rel}","templated":true}]}}