{"id":389228,"date":"2025-10-28T12:58:03","date_gmt":"2025-10-28T16:58:03","guid":{"rendered":"https:\/\/www.avenuedesigncanada.com\/?post_type=product&#038;p=389228"},"modified":"2026-02-12T10:48:03","modified_gmt":"2026-02-12T15:48:03","slug":"table-a-diner-bach-barrel","status":"publish","type":"product","link":"https:\/\/www.avenuedesigncanada.com\/fr\/product\/table-a-diner-bach-barrel\/","title":{"rendered":"Table \u00e0 diner  Bach Barrel"},"content":{"rendered":"<p><em>La table de salle \u00e0 manger Bach Barrel pr\u00e9sente les caract\u00e9ristiques suivantes :<\/em><\/p>\n<p>Base en m\u00e9tal et plateau en forme de tonneau en verre clair ou fum\u00e9, en verre d&rsquo;art, en verre fusionn\u00e9 laqu\u00e9 bronze, en SuperC\u00e9ramique ou en SuperMarbre.<\/p>\n<p>Disponible en diff\u00e9rentes tailles, options de finition et options de plateau.<br \/>\nVous avez des questions sur ce produit ? Nos concepteurs sont l\u00e0 pour vous aider. Appelez-nous au (514) 340-9351  <\/p>\n","protected":false},"excerpt":{"rendered":"<p>La table de salle \u00e0 manger Bach Barrel pr\u00e9sente un plateau audacieux en forme de tonneau et une base en m\u00e9tal. Pour le plateau, vous avez le choix entre le verre clair ou fum\u00e9, le verre d&rsquo;art, le verre fusionn\u00e9 laqu\u00e9 bronze, la SuperC\u00e9ramique ou le SuperMarbre. Diff\u00e9rentes tailles et finitions vous permettent d&rsquo;adapter cette pi\u00e8ce \u00e0 votre espace.  <\/p>\n","protected":false},"featured_media":389230,"template":"","meta":{"_kad_blocks_custom_css":"","_kad_blocks_head_custom_js":"","_kad_blocks_body_custom_js":"","_kad_blocks_footer_custom_js":"","_kad_post_transparent":"","_kad_post_title":"","_kad_post_layout":"","_kad_post_sidebar_id":"","_kad_post_content_style":"","_kad_post_vertical_padding":"","_kad_post_feature":"","_kad_post_feature_position":"","_kad_post_header":false,"_kad_post_footer":false,"_kad_post_classname":""},"product_brand":[],"product_cat":[1306],"product_tag":[1822],"class_list":{"0":"post-389228","1":"product","2":"type-product","3":"status-publish","4":"has-post-thumbnail","6":"product_cat-tables-de-salle-a-manger","7":"product_tag-roma-fr","9":"first","10":"instock","11":"taxable","12":"shipping-taxable","13":"product-type-simple","14":"entry","15":"content-bg","16":"loop-entry"},"taxonomy_info":{"product_cat":[{"value":1306,"label":"Tables"}],"product_tag":[{"value":1822,"label":"ROMA"}]},"featured_image_src_large":["https:\/\/www.avenuedesigncanada.com\/wp-content\/uploads\/2025\/10\/Bach-1-1024x1024.jpg",1024,1024,true],"author_info":[],"comment_info":"","_links":{"self":[{"href":"https:\/\/www.avenuedesigncanada.com\/fr\/wp-json\/wp\/v2\/product\/389228","targetHints":{"allow":["GET"]}}],"collection":[{"href":"https:\/\/www.avenuedesigncanada.com\/fr\/wp-json\/wp\/v2\/product"}],"about":[{"href":"https:\/\/www.avenuedesigncanada.com\/fr\/wp-json\/wp\/v2\/types\/product"}],"wp:featuredmedia":[{"embeddable":true,"href":"https:\/\/www.avenuedesigncanada.com\/fr\/wp-json\/wp\/v2\/media\/389230"}],"wp:attachment":[{"href":"https:\/\/www.avenuedesigncanada.com\/fr\/wp-json\/wp\/v2\/media?parent=389228"}],"wp:term":[{"taxonomy":"product_brand","embeddable":true,"href":"https:\/\/www.avenuedesigncanada.com\/fr\/wp-json\/wp\/v2\/product_brand?post=389228"},{"taxonomy":"product_cat","embeddable":true,"href":"https:\/\/www.avenuedesigncanada.com\/fr\/wp-json\/wp\/v2\/product_cat?post=389228"},{"taxonomy":"product_tag","embeddable":true,"href":"https:\/\/www.avenuedesigncanada.com\/fr\/wp-json\/wp\/v2\/product_tag?post=389228"}],"curies":[{"name":"wp","href":"https:\/\/api.w.org\/{rel}","templated":true}]}}