{"id":394333,"date":"2025-11-05T10:15:39","date_gmt":"2025-11-05T15:15:39","guid":{"rendered":"https:\/\/www.avenuedesigncanada.com\/?post_type=product&#038;p=394333"},"modified":"2026-02-12T10:48:11","modified_gmt":"2026-02-12T15:48:11","slug":"buffet-pica-laque","status":"publish","type":"product","link":"https:\/\/www.avenuedesigncanada.com\/fr\/product\/buffet-pica-laque\/","title":{"rendered":"Buffet laqu\u00e9 Pica"},"content":{"rendered":"<p><em>Le buffet Pica laqu\u00e9 pr\u00e9sente les caract\u00e9ristiques suivantes :<\/em><br \/>\nFinition en bois laqu\u00e9 blanc, anthracite ou gris clair<br \/>\nTablettes int\u00e9rieures en verre transparent<br \/>\nCadre et pieds en m\u00e9tal laqu\u00e9 disponibles en plusieurs finitions<br \/>\nRangement central laqu\u00e9 en option<br \/>\n\u00c9galement disponible en placage ch\u00eane naturel, noyer ou ch\u00eane anthracite, verre laqu\u00e9 ou SuperMarble<br \/>\nPropos\u00e9 en plusieurs configurations et tailles.<\/p>\n<p>Vous avez des questions sur ce produit ? Nos concepteurs sont l\u00e0 pour vous aider. Appelez-nous au (514) 340-9351  <\/p>\n","protected":false},"excerpt":{"rendered":"<p>Buffet en bois laqu\u00e9 blanc, anthracite ou gris clair avec \u00e9tag\u00e8res int\u00e9rieures en verre transparent. Cadre et pieds en m\u00e9tal laqu\u00e9 disponibles dans diff\u00e9rentes finitions. \u00c9galement disponible en placage ch\u00eane naturel, noyer ou ch\u00eane anthracite, verre laqu\u00e9, SuperMarble, diff\u00e9rentes configurations et tailles, et en option, un caisson central laqu\u00e9.  <\/p>\n","protected":false},"featured_media":394335,"template":"","meta":{"_kad_blocks_custom_css":"","_kad_blocks_head_custom_js":"","_kad_blocks_body_custom_js":"","_kad_blocks_footer_custom_js":"","_kad_post_transparent":"","_kad_post_title":"","_kad_post_layout":"","_kad_post_sidebar_id":"","_kad_post_content_style":"","_kad_post_vertical_padding":"","_kad_post_feature":"","_kad_post_feature_position":"","_kad_post_header":false,"_kad_post_footer":false,"_kad_post_classname":""},"product_brand":[],"product_cat":[1303],"product_tag":[1822],"class_list":{"0":"post-394333","1":"product","2":"type-product","3":"status-publish","4":"has-post-thumbnail","6":"product_cat-buffets","7":"product_tag-roma-fr","9":"first","10":"instock","11":"taxable","12":"shipping-taxable","13":"product-type-simple","14":"entry","15":"content-bg","16":"loop-entry"},"taxonomy_info":{"product_cat":[{"value":1303,"label":"Buffets"}],"product_tag":[{"value":1822,"label":"ROMA"}]},"featured_image_src_large":["https:\/\/www.avenuedesigncanada.com\/wp-content\/uploads\/2025\/11\/Pica-Lacquer-1-1024x1024.jpg",1024,1024,true],"author_info":[],"comment_info":"","_links":{"self":[{"href":"https:\/\/www.avenuedesigncanada.com\/fr\/wp-json\/wp\/v2\/product\/394333","targetHints":{"allow":["GET"]}}],"collection":[{"href":"https:\/\/www.avenuedesigncanada.com\/fr\/wp-json\/wp\/v2\/product"}],"about":[{"href":"https:\/\/www.avenuedesigncanada.com\/fr\/wp-json\/wp\/v2\/types\/product"}],"wp:featuredmedia":[{"embeddable":true,"href":"https:\/\/www.avenuedesigncanada.com\/fr\/wp-json\/wp\/v2\/media\/394335"}],"wp:attachment":[{"href":"https:\/\/www.avenuedesigncanada.com\/fr\/wp-json\/wp\/v2\/media?parent=394333"}],"wp:term":[{"taxonomy":"product_brand","embeddable":true,"href":"https:\/\/www.avenuedesigncanada.com\/fr\/wp-json\/wp\/v2\/product_brand?post=394333"},{"taxonomy":"product_cat","embeddable":true,"href":"https:\/\/www.avenuedesigncanada.com\/fr\/wp-json\/wp\/v2\/product_cat?post=394333"},{"taxonomy":"product_tag","embeddable":true,"href":"https:\/\/www.avenuedesigncanada.com\/fr\/wp-json\/wp\/v2\/product_tag?post=394333"}],"curies":[{"name":"wp","href":"https:\/\/api.w.org\/{rel}","templated":true}]}}