{"id":394423,"date":"2025-11-05T15:40:01","date_gmt":"2025-11-05T20:40:01","guid":{"rendered":"https:\/\/www.avenuedesigncanada.com\/?post_type=product&#038;p=394423"},"modified":"2026-02-12T10:48:11","modified_gmt":"2026-02-12T15:48:11","slug":"buffet-musa","status":"publish","type":"product","link":"https:\/\/www.avenuedesigncanada.com\/fr\/product\/buffet-musa\/","title":{"rendered":"Buffet Musa"},"content":{"rendered":"<p><em>Le buffet Musa pr\u00e9sente les caract\u00e9ristiques suivantes :<\/em><br \/>\nConstruction en bois avec placage de noyer ou de ch\u00eane ou fa\u00e7ades de portes laqu\u00e9es mates<br \/>\nTablettes int\u00e9rieures en verre transparent<br \/>\nDessus et c\u00f4t\u00e9s en bois laqu\u00e9 mat<br \/>\nPieds en m\u00e9tal laqu\u00e9 disponibles dans plusieurs finitions<br \/>\nVersion optionnelle sans pieds en m\u00e9tal de 27,5 pouces de haut<br \/>\nDisponible en largeur de 56,75 pouces avec ou sans pieds.<\/p>\n<p>Vous avez des questions sur ce produit ? Nos concepteurs sont l\u00e0 pour vous aider. Appelez-nous au (514) 340-9351  <\/p>\n","protected":false},"excerpt":{"rendered":"<p>Le buffet Musa associe une construction en bois aux lignes \u00e9pur\u00e9es \u00e0 des placages de noyer ou de ch\u00eane ou \u00e0 des fa\u00e7ades de portes laqu\u00e9es mates, offrant une silhouette moderne et raffin\u00e9e. Les \u00e9tag\u00e8res int\u00e9rieures en verre transparent offrent un espace d&rsquo;exposition \u00e9l\u00e9gant, et les dessus et c\u00f4t\u00e9s laqu\u00e9s mats s&rsquo;accordent avec les pieds en m\u00e9tal laqu\u00e9 disponibles en option dans plusieurs finitions. Disponible en version compacte ou plus haute, ce buffet s&rsquo;adapte parfaitement \u00e0 tout salon ou salle \u00e0 manger contemporain.  <\/p>\n","protected":false},"featured_media":394425,"template":"","meta":{"_kad_blocks_custom_css":"","_kad_blocks_head_custom_js":"","_kad_blocks_body_custom_js":"","_kad_blocks_footer_custom_js":"","_kad_post_transparent":"","_kad_post_title":"","_kad_post_layout":"","_kad_post_sidebar_id":"","_kad_post_content_style":"","_kad_post_vertical_padding":"","_kad_post_feature":"","_kad_post_feature_position":"","_kad_post_header":false,"_kad_post_footer":false,"_kad_post_classname":""},"product_brand":[],"product_cat":[1303],"product_tag":[1822],"class_list":{"0":"post-394423","1":"product","2":"type-product","3":"status-publish","4":"has-post-thumbnail","6":"product_cat-buffets","7":"product_tag-roma-fr","9":"first","10":"instock","11":"taxable","12":"shipping-taxable","13":"product-type-simple","14":"entry","15":"content-bg","16":"loop-entry"},"taxonomy_info":{"product_cat":[{"value":1303,"label":"Buffets"}],"product_tag":[{"value":1822,"label":"ROMA"}]},"featured_image_src_large":["https:\/\/www.avenuedesigncanada.com\/wp-content\/uploads\/2025\/11\/Musa-1-1024x1024.jpg",1024,1024,true],"author_info":[],"comment_info":"","_links":{"self":[{"href":"https:\/\/www.avenuedesigncanada.com\/fr\/wp-json\/wp\/v2\/product\/394423","targetHints":{"allow":["GET"]}}],"collection":[{"href":"https:\/\/www.avenuedesigncanada.com\/fr\/wp-json\/wp\/v2\/product"}],"about":[{"href":"https:\/\/www.avenuedesigncanada.com\/fr\/wp-json\/wp\/v2\/types\/product"}],"wp:featuredmedia":[{"embeddable":true,"href":"https:\/\/www.avenuedesigncanada.com\/fr\/wp-json\/wp\/v2\/media\/394425"}],"wp:attachment":[{"href":"https:\/\/www.avenuedesigncanada.com\/fr\/wp-json\/wp\/v2\/media?parent=394423"}],"wp:term":[{"taxonomy":"product_brand","embeddable":true,"href":"https:\/\/www.avenuedesigncanada.com\/fr\/wp-json\/wp\/v2\/product_brand?post=394423"},{"taxonomy":"product_cat","embeddable":true,"href":"https:\/\/www.avenuedesigncanada.com\/fr\/wp-json\/wp\/v2\/product_cat?post=394423"},{"taxonomy":"product_tag","embeddable":true,"href":"https:\/\/www.avenuedesigncanada.com\/fr\/wp-json\/wp\/v2\/product_tag?post=394423"}],"curies":[{"name":"wp","href":"https:\/\/api.w.org\/{rel}","templated":true}]}}