{"id":394479,"date":"2025-11-06T11:28:28","date_gmt":"2025-11-06T16:28:28","guid":{"rendered":"https:\/\/www.avenuedesigncanada.com\/?post_type=product&#038;p=394479"},"modified":"2026-02-12T10:48:12","modified_gmt":"2026-02-12T15:48:12","slug":"buffet-eden","status":"publish","type":"product","link":"https:\/\/www.avenuedesigncanada.com\/fr\/product\/buffet-eden\/","title":{"rendered":"Buffet Eden"},"content":{"rendered":"<p><em>Le buffet Eden pr\u00e9sente les caract\u00e9ristiques suivantes :<\/em><br \/>\nConstruction en bois avec fa\u00e7ades de portes en miroir bronze ou fum\u00e9<br \/>\nTablettes int\u00e9rieures en verre transparent<br \/>\nDessus et c\u00f4t\u00e9s laqu\u00e9s anthracite mat ou noir mat<br \/>\nPieds en m\u00e9tal laqu\u00e9 disponibles dans plusieurs finitions<br \/>\nVersion optionnelle sans pieds en m\u00e9tal de 27,5 pouces de haut<br \/>\nDisponible en largeur de 56,75 pouces avec ou sans pieds.<\/p>\n<p>Vous avez des questions sur ce produit ? Nos concepteurs sont l\u00e0 pour vous aider. Appelez-nous au (514) 340-9351  <\/p>\n","protected":false},"excerpt":{"rendered":"<p>Avec sa construction en bois et ses fa\u00e7ades de portes en miroir bronze ou fum\u00e9, le buffet Eden \u00e9quilibre l&rsquo;\u00e9l\u00e9gance r\u00e9fl\u00e9chie avec des lignes \u00e9pur\u00e9es. Les \u00e9tag\u00e8res en verre transparent \u00e0 l&rsquo;int\u00e9rieur et les dessus et c\u00f4t\u00e9s laqu\u00e9s mat offrent une beaut\u00e9 fonctionnelle, tandis que les pieds en m\u00e9tal laqu\u00e9 en option offrent une polyvalence. Ce meuble apporte une sophistication moderne et une touche de glamour \u00e0 n&rsquo;importe quelle pi\u00e8ce.  <\/p>\n","protected":false},"featured_media":394495,"template":"","meta":{"_kad_blocks_custom_css":"","_kad_blocks_head_custom_js":"","_kad_blocks_body_custom_js":"","_kad_blocks_footer_custom_js":"","_kad_post_transparent":"","_kad_post_title":"","_kad_post_layout":"","_kad_post_sidebar_id":"","_kad_post_content_style":"","_kad_post_vertical_padding":"","_kad_post_feature":"","_kad_post_feature_position":"","_kad_post_header":false,"_kad_post_footer":false,"_kad_post_classname":""},"product_brand":[],"product_cat":[1303],"product_tag":[1822],"class_list":{"0":"post-394479","1":"product","2":"type-product","3":"status-publish","4":"has-post-thumbnail","6":"product_cat-buffets","7":"product_tag-roma-fr","9":"first","10":"instock","11":"taxable","12":"shipping-taxable","13":"product-type-simple","14":"entry","15":"content-bg","16":"loop-entry"},"taxonomy_info":{"product_cat":[{"value":1303,"label":"Buffets"}],"product_tag":[{"value":1822,"label":"ROMA"}]},"featured_image_src_large":["https:\/\/www.avenuedesigncanada.com\/wp-content\/uploads\/2025\/11\/Eden-1-1-1024x1024.jpg",1024,1024,true],"author_info":[],"comment_info":"","_links":{"self":[{"href":"https:\/\/www.avenuedesigncanada.com\/fr\/wp-json\/wp\/v2\/product\/394479","targetHints":{"allow":["GET"]}}],"collection":[{"href":"https:\/\/www.avenuedesigncanada.com\/fr\/wp-json\/wp\/v2\/product"}],"about":[{"href":"https:\/\/www.avenuedesigncanada.com\/fr\/wp-json\/wp\/v2\/types\/product"}],"wp:featuredmedia":[{"embeddable":true,"href":"https:\/\/www.avenuedesigncanada.com\/fr\/wp-json\/wp\/v2\/media\/394495"}],"wp:attachment":[{"href":"https:\/\/www.avenuedesigncanada.com\/fr\/wp-json\/wp\/v2\/media?parent=394479"}],"wp:term":[{"taxonomy":"product_brand","embeddable":true,"href":"https:\/\/www.avenuedesigncanada.com\/fr\/wp-json\/wp\/v2\/product_brand?post=394479"},{"taxonomy":"product_cat","embeddable":true,"href":"https:\/\/www.avenuedesigncanada.com\/fr\/wp-json\/wp\/v2\/product_cat?post=394479"},{"taxonomy":"product_tag","embeddable":true,"href":"https:\/\/www.avenuedesigncanada.com\/fr\/wp-json\/wp\/v2\/product_tag?post=394479"}],"curies":[{"name":"wp","href":"https:\/\/api.w.org\/{rel}","templated":true}]}}