{"id":394526,"date":"2025-11-07T08:10:44","date_gmt":"2025-11-07T13:10:44","guid":{"rendered":"https:\/\/www.avenuedesigncanada.com\/?post_type=product&#038;p=394526"},"modified":"2026-02-12T10:48:13","modified_gmt":"2026-02-12T15:48:13","slug":"table-a-diner-bijon-copy-copy-copy-copy-copy-copy-copy-copy-copy-copy-copy-copy-copy-copy-copy-copy-copy-2","status":"publish","type":"product","link":"https:\/\/www.avenuedesigncanada.com\/fr\/product\/table-a-diner-bijon-copy-copy-copy-copy-copy-copy-copy-copy-copy-copy-copy-copy-copy-copy-copy-copy-copy-2\/","title":{"rendered":"Table \u00e0 diner  rectangulaire Kalla 98&Prime;"},"content":{"rendered":"<p><em>La table \u00e0 manger Kalla pr\u00e9sente les caract\u00e9ristiques suivantes :<\/em><\/p>\n<div class=\"rte\">\n<div class=\"rte\">Plateau de table en placage de ch\u00eane rustique \u00e0 bord chanfrein\u00e9. Pied en bois de ch\u00eane massif avec acier dor\u00e9 bross\u00e9. <\/div>\n<\/div>\n<p>Vous avez des questions sur ce produit ? Nos concepteurs sont l\u00e0 pour vous aider. Appelez-nous au (514) 340-9351  <\/p>\n","protected":false},"excerpt":{"rendered":"<p>La table de salle \u00e0 manger Kalla est un chef-d&rsquo;\u0153uvre rustique fabriqu\u00e9 en bois de ch\u00eane et en placage de ch\u00eane avec des cannelures verticales. Ses multiples it\u00e9rations pr\u00e9sentent des bords chanfrein\u00e9s, des bases en ch\u00eane massif et des accents en acier dor\u00e9 bross\u00e9, combinant l&rsquo;artisanat traditionnel \u00e0 l&rsquo;\u00e9l\u00e9gance contemporaine. <\/p>\n","protected":false},"featured_media":395224,"template":"","meta":{"_kad_blocks_custom_css":"","_kad_blocks_head_custom_js":"","_kad_blocks_body_custom_js":"","_kad_blocks_footer_custom_js":"","_kad_post_transparent":"","_kad_post_title":"","_kad_post_layout":"","_kad_post_sidebar_id":"","_kad_post_content_style":"","_kad_post_vertical_padding":"","_kad_post_feature":"","_kad_post_feature_position":"","_kad_post_header":false,"_kad_post_footer":false,"_kad_post_classname":""},"product_brand":[],"product_cat":[1306],"product_tag":[1824],"class_list":{"0":"post-394526","1":"product","2":"type-product","3":"status-publish","4":"has-post-thumbnail","6":"product_cat-tables-de-salle-a-manger","7":"product_tag-sol-fr","9":"first","10":"instock","11":"taxable","12":"shipping-taxable","13":"product-type-simple","14":"entry","15":"content-bg","16":"loop-entry"},"taxonomy_info":{"product_cat":[{"value":1306,"label":"Tables"}],"product_tag":[{"value":1824,"label":"SOL"}]},"featured_image_src_large":["https:\/\/www.avenuedesigncanada.com\/wp-content\/uploads\/2025\/11\/Kalla1-2-1024x1024.jpg",1024,1024,true],"author_info":[],"comment_info":"","_links":{"self":[{"href":"https:\/\/www.avenuedesigncanada.com\/fr\/wp-json\/wp\/v2\/product\/394526","targetHints":{"allow":["GET"]}}],"collection":[{"href":"https:\/\/www.avenuedesigncanada.com\/fr\/wp-json\/wp\/v2\/product"}],"about":[{"href":"https:\/\/www.avenuedesigncanada.com\/fr\/wp-json\/wp\/v2\/types\/product"}],"wp:featuredmedia":[{"embeddable":true,"href":"https:\/\/www.avenuedesigncanada.com\/fr\/wp-json\/wp\/v2\/media\/395224"}],"wp:attachment":[{"href":"https:\/\/www.avenuedesigncanada.com\/fr\/wp-json\/wp\/v2\/media?parent=394526"}],"wp:term":[{"taxonomy":"product_brand","embeddable":true,"href":"https:\/\/www.avenuedesigncanada.com\/fr\/wp-json\/wp\/v2\/product_brand?post=394526"},{"taxonomy":"product_cat","embeddable":true,"href":"https:\/\/www.avenuedesigncanada.com\/fr\/wp-json\/wp\/v2\/product_cat?post=394526"},{"taxonomy":"product_tag","embeddable":true,"href":"https:\/\/www.avenuedesigncanada.com\/fr\/wp-json\/wp\/v2\/product_tag?post=394526"}],"curies":[{"name":"wp","href":"https:\/\/api.w.org\/{rel}","templated":true}]}}