{"id":394529,"date":"2025-11-07T08:16:44","date_gmt":"2025-11-07T13:16:44","guid":{"rendered":"https:\/\/www.avenuedesigncanada.com\/?post_type=product&#038;p=394529"},"modified":"2026-02-12T10:48:15","modified_gmt":"2026-02-12T15:48:15","slug":"table-a-diner-bijon-copy-copy-copy-copy-copy-copy-copy-copy-copy-copy-copy-copy-copy-copy-copy-copy-copy-copy","status":"publish","type":"product","link":"https:\/\/www.avenuedesigncanada.com\/fr\/product\/table-a-diner-bijon-copy-copy-copy-copy-copy-copy-copy-copy-copy-copy-copy-copy-copy-copy-copy-copy-copy-copy\/","title":{"rendered":"Base de la Table \u00e0 diner  Lianne"},"content":{"rendered":"<p><em>La base de la table de salle \u00e0 manger Lianne pr\u00e9sente les caract\u00e9ristiques suivantes :<\/em><\/p>\n<div class=\"rte\">\n<div class=\"rte\">Base de table de salle \u00e0 manger g\u00e9om\u00e9trique construite en acier inoxydable avec une finition laqu\u00e9e or. Con\u00e7ue pour \u00eatre utilis\u00e9e avec un plateau de table de salle \u00e0 manger rond en verre de 59&Prime;, ou utilisez deux bases avec un plateau en verre de 86,5&Prime; pour une table de salle \u00e0 manger rectangulaire. Les plateaux de table sont vendus s\u00e9par\u00e9ment.  <\/div>\n<\/div>\n<p>Vous avez des questions sur ce produit ? Nos concepteurs sont l\u00e0 pour vous aider. Appelez-nous au (514) 340-9351  <\/p>\n","protected":false},"excerpt":{"rendered":"<p>La base de table de salle \u00e0 manger Lianne est une d\u00e9claration g\u00e9om\u00e9trique en acier inoxydable avec une finition laqu\u00e9e or. Parfaite pour \u00eatre utilis\u00e9e avec un plateau de table rond en verre de 59&Prime; ou deux bases avec un plateau rectangulaire de 86,5&Prime; (plateaux vendus s\u00e9par\u00e9ment), elle ajoute une touche sculpturale moderne \u00e0 votre salle \u00e0 manger. <\/p>\n","protected":false},"featured_media":395226,"template":"","meta":{"_kad_blocks_custom_css":"","_kad_blocks_head_custom_js":"","_kad_blocks_body_custom_js":"","_kad_blocks_footer_custom_js":"","_kad_post_transparent":"","_kad_post_title":"","_kad_post_layout":"","_kad_post_sidebar_id":"","_kad_post_content_style":"","_kad_post_vertical_padding":"","_kad_post_feature":"","_kad_post_feature_position":"","_kad_post_header":false,"_kad_post_footer":false,"_kad_post_classname":""},"product_brand":[],"product_cat":[1306],"product_tag":[1824],"class_list":{"0":"post-394529","1":"product","2":"type-product","3":"status-publish","4":"has-post-thumbnail","6":"product_cat-tables-de-salle-a-manger","7":"product_tag-sol-fr","9":"first","10":"instock","11":"taxable","12":"shipping-taxable","13":"product-type-simple","14":"entry","15":"content-bg","16":"loop-entry"},"taxonomy_info":{"product_cat":[{"value":1306,"label":"Tables"}],"product_tag":[{"value":1824,"label":"SOL"}]},"featured_image_src_large":["https:\/\/www.avenuedesigncanada.com\/wp-content\/uploads\/2025\/11\/Lianne-1-1024x1024.jpg",1024,1024,true],"author_info":[],"comment_info":"","_links":{"self":[{"href":"https:\/\/www.avenuedesigncanada.com\/fr\/wp-json\/wp\/v2\/product\/394529","targetHints":{"allow":["GET"]}}],"collection":[{"href":"https:\/\/www.avenuedesigncanada.com\/fr\/wp-json\/wp\/v2\/product"}],"about":[{"href":"https:\/\/www.avenuedesigncanada.com\/fr\/wp-json\/wp\/v2\/types\/product"}],"wp:featuredmedia":[{"embeddable":true,"href":"https:\/\/www.avenuedesigncanada.com\/fr\/wp-json\/wp\/v2\/media\/395226"}],"wp:attachment":[{"href":"https:\/\/www.avenuedesigncanada.com\/fr\/wp-json\/wp\/v2\/media?parent=394529"}],"wp:term":[{"taxonomy":"product_brand","embeddable":true,"href":"https:\/\/www.avenuedesigncanada.com\/fr\/wp-json\/wp\/v2\/product_brand?post=394529"},{"taxonomy":"product_cat","embeddable":true,"href":"https:\/\/www.avenuedesigncanada.com\/fr\/wp-json\/wp\/v2\/product_cat?post=394529"},{"taxonomy":"product_tag","embeddable":true,"href":"https:\/\/www.avenuedesigncanada.com\/fr\/wp-json\/wp\/v2\/product_tag?post=394529"}],"curies":[{"name":"wp","href":"https:\/\/api.w.org\/{rel}","templated":true}]}}