{"id":394596,"date":"2025-11-07T13:11:28","date_gmt":"2025-11-07T18:11:28","guid":{"rendered":"https:\/\/www.avenuedesigncanada.com\/?post_type=product&#038;p=394596"},"modified":"2026-02-12T10:48:15","modified_gmt":"2026-02-12T15:48:15","slug":"bureau-matisse","status":"publish","type":"product","link":"https:\/\/www.avenuedesigncanada.com\/fr\/product\/bureau-matisse\/","title":{"rendered":"Matisse Desk"},"content":{"rendered":"<p><em>The Matisse Desk features:<\/em><\/p>\n<p data-pm-slice=\"1 1 []\">Bureau avec structure m\u00e9tallique disponible en plusieurs finitions laqu\u00e9es. Plateau et tiroir disponibles en placage bois et compartiment de rangement disponible en cuir. <\/p>\n<p>Avez-vous des questions \u00e0 propos de ce produit ?<br \/>\nNos designers sont l\u00e0 pour vous aider. Appelez-nous au (514) 340-9351<\/p>\n","protected":false},"excerpt":{"rendered":"<p>Le bureau Matisse allie \u00e9l\u00e9gance contemporaine et design fonctionnel. Dot\u00e9 d&rsquo;une structure m\u00e9tallique \u00e9pur\u00e9e disponible dans une vari\u00e9t\u00e9 de finitions laqu\u00e9es, il s&rsquo;harmonise parfaitement avec un plateau et un tiroir en placage de bois, tandis que le compartiment de rangement peut \u00eatre personnalis\u00e9 en cuir pour une touche luxueuse. Id\u00e9al pour un bureau ou un espace de travail moderne, ce bureau allie style, fonctionnalit\u00e9 et savoir-faire artisanal.  <\/p>\n","protected":false},"featured_media":394608,"template":"","meta":{"_kad_blocks_custom_css":"","_kad_blocks_head_custom_js":"","_kad_blocks_body_custom_js":"","_kad_blocks_footer_custom_js":"","_kad_post_transparent":"","_kad_post_title":"","_kad_post_layout":"","_kad_post_sidebar_id":"","_kad_post_content_style":"","_kad_post_vertical_padding":"","_kad_post_feature":"","_kad_post_feature_position":"","_kad_post_header":false,"_kad_post_footer":false,"_kad_post_classname":""},"product_brand":[],"product_cat":[1310],"product_tag":[1822],"class_list":{"0":"post-394596","1":"product","2":"type-product","3":"status-publish","4":"has-post-thumbnail","6":"product_cat-bureaux","7":"product_tag-roma-fr","9":"first","10":"instock","11":"taxable","12":"shipping-taxable","13":"product-type-simple","14":"entry","15":"content-bg","16":"loop-entry"},"taxonomy_info":{"product_cat":[{"value":1310,"label":"Bureaux"}],"product_tag":[{"value":1822,"label":"ROMA"}]},"featured_image_src_large":["https:\/\/www.avenuedesigncanada.com\/wp-content\/uploads\/2025\/11\/Matisse-1-1-1024x1024.jpg",1024,1024,true],"author_info":[],"comment_info":"","_links":{"self":[{"href":"https:\/\/www.avenuedesigncanada.com\/fr\/wp-json\/wp\/v2\/product\/394596","targetHints":{"allow":["GET"]}}],"collection":[{"href":"https:\/\/www.avenuedesigncanada.com\/fr\/wp-json\/wp\/v2\/product"}],"about":[{"href":"https:\/\/www.avenuedesigncanada.com\/fr\/wp-json\/wp\/v2\/types\/product"}],"wp:featuredmedia":[{"embeddable":true,"href":"https:\/\/www.avenuedesigncanada.com\/fr\/wp-json\/wp\/v2\/media\/394608"}],"wp:attachment":[{"href":"https:\/\/www.avenuedesigncanada.com\/fr\/wp-json\/wp\/v2\/media?parent=394596"}],"wp:term":[{"taxonomy":"product_brand","embeddable":true,"href":"https:\/\/www.avenuedesigncanada.com\/fr\/wp-json\/wp\/v2\/product_brand?post=394596"},{"taxonomy":"product_cat","embeddable":true,"href":"https:\/\/www.avenuedesigncanada.com\/fr\/wp-json\/wp\/v2\/product_cat?post=394596"},{"taxonomy":"product_tag","embeddable":true,"href":"https:\/\/www.avenuedesigncanada.com\/fr\/wp-json\/wp\/v2\/product_tag?post=394596"}],"curies":[{"name":"wp","href":"https:\/\/api.w.org\/{rel}","templated":true}]}}