{"id":394612,"date":"2025-11-07T13:37:46","date_gmt":"2025-11-07T18:37:46","guid":{"rendered":"https:\/\/www.avenuedesigncanada.com\/?post_type=product&#038;p=394612"},"modified":"2026-02-12T10:48:15","modified_gmt":"2026-02-12T15:48:15","slug":"bureau-zac","status":"publish","type":"product","link":"https:\/\/www.avenuedesigncanada.com\/fr\/product\/bureau-zac\/","title":{"rendered":"Zac Desk"},"content":{"rendered":"<p><em>Caract\u00e9ristiques du bureau Zac :<\/em><\/p>\n<p data-pm-slice=\"1 1 []\">Bureau avec structure m\u00e9tallique et 2 plateaux m\u00e9talliques disponibles en plusieurs finitions. Plateau et 2 tiroirs en placage de ch\u00eane naturel ou spessart. <\/p>\n<p>Avez-vous des questions \u00e0 propos de ce produit ?<br \/>\nNos designers sont l\u00e0 pour vous aider. Appelez-nous au (514) 340-9351<\/p>\n","protected":false},"excerpt":{"rendered":"<p>Le bureau Zac allie style industriel et chaleur naturelle, ce qui en fait un ajout polyvalent \u00e0 tout espace de travail. Son \u00e9l\u00e9gant cadre m\u00e9tallique soutient deux plateaux m\u00e9talliques, disponibles dans une vari\u00e9t\u00e9 de finitions, tandis que le plateau et les deux tiroirs sont recouverts d&rsquo;un placage en ch\u00eane naturel ou Spessart pour une touche de texture organique. Con\u00e7u pour allier style et fonctionnalit\u00e9, ce bureau offre un rangement pratique et une esth\u00e9tique sophistiqu\u00e9e pour les int\u00e9rieurs modernes, \u00e0 la maison ou au bureau.  <\/p>\n","protected":false},"featured_media":394614,"template":"","meta":{"_kad_blocks_custom_css":"","_kad_blocks_head_custom_js":"","_kad_blocks_body_custom_js":"","_kad_blocks_footer_custom_js":"","_kad_post_transparent":"","_kad_post_title":"","_kad_post_layout":"","_kad_post_sidebar_id":"","_kad_post_content_style":"","_kad_post_vertical_padding":"","_kad_post_feature":"","_kad_post_feature_position":"","_kad_post_header":false,"_kad_post_footer":false,"_kad_post_classname":""},"product_brand":[],"product_cat":[1310],"product_tag":[1822],"class_list":{"0":"post-394612","1":"product","2":"type-product","3":"status-publish","4":"has-post-thumbnail","6":"product_cat-bureaux","7":"product_tag-roma-fr","9":"first","10":"instock","11":"taxable","12":"shipping-taxable","13":"product-type-simple","14":"entry","15":"content-bg","16":"loop-entry"},"taxonomy_info":{"product_cat":[{"value":1310,"label":"Bureaux"}],"product_tag":[{"value":1822,"label":"ROMA"}]},"featured_image_src_large":["https:\/\/www.avenuedesigncanada.com\/wp-content\/uploads\/2025\/11\/Zac-1-1024x1024.jpg",1024,1024,true],"author_info":[],"comment_info":"","_links":{"self":[{"href":"https:\/\/www.avenuedesigncanada.com\/fr\/wp-json\/wp\/v2\/product\/394612","targetHints":{"allow":["GET"]}}],"collection":[{"href":"https:\/\/www.avenuedesigncanada.com\/fr\/wp-json\/wp\/v2\/product"}],"about":[{"href":"https:\/\/www.avenuedesigncanada.com\/fr\/wp-json\/wp\/v2\/types\/product"}],"wp:featuredmedia":[{"embeddable":true,"href":"https:\/\/www.avenuedesigncanada.com\/fr\/wp-json\/wp\/v2\/media\/394614"}],"wp:attachment":[{"href":"https:\/\/www.avenuedesigncanada.com\/fr\/wp-json\/wp\/v2\/media?parent=394612"}],"wp:term":[{"taxonomy":"product_brand","embeddable":true,"href":"https:\/\/www.avenuedesigncanada.com\/fr\/wp-json\/wp\/v2\/product_brand?post=394612"},{"taxonomy":"product_cat","embeddable":true,"href":"https:\/\/www.avenuedesigncanada.com\/fr\/wp-json\/wp\/v2\/product_cat?post=394612"},{"taxonomy":"product_tag","embeddable":true,"href":"https:\/\/www.avenuedesigncanada.com\/fr\/wp-json\/wp\/v2\/product_tag?post=394612"}],"curies":[{"name":"wp","href":"https:\/\/api.w.org\/{rel}","templated":true}]}}