{"id":394654,"date":"2025-11-07T15:12:08","date_gmt":"2025-11-07T20:12:08","guid":{"rendered":"https:\/\/www.avenuedesigncanada.com\/?post_type=product&#038;p=394654"},"modified":"2026-02-12T10:48:16","modified_gmt":"2026-02-12T15:48:16","slug":"table-console-extensible-mago","status":"publish","type":"product","link":"https:\/\/www.avenuedesigncanada.com\/fr\/product\/table-console-extensible-mago\/","title":{"rendered":"Table console \u00e0 rallonge Mago"},"content":{"rendered":"<p><em>La table console \u00e0 rallonge Mago pr\u00e9sente les caract\u00e9ristiques suivantes :<\/em><br \/>\nConsole \u00e0 structure m\u00e9tallique avec plateau en verre laqu\u00e9 et rallonge en m\u00e9lamine. Table de salle \u00e0 manger \u00e0 rallonge disponible en plusieurs finitions. <\/p>\n<p>Vous avez des questions sur ce produit ?<br \/>\nNos concepteurs sont l\u00e0 pour vous aider.<br \/>\nAppelez-nous au (514) 340-9351<\/p>\n","protected":false},"excerpt":{"rendered":"<p>La table console extensible Mago pr\u00e9sente une structure en m\u00e9tal avec des finitions laqu\u00e9es personnalisables et un choix de plateaux en verre laqu\u00e9 ou en m\u00e9lamine. Les rallonges permettent de l&rsquo;adapter \u00e0 la salle \u00e0 manger ou \u00e0 d&rsquo;autres usages, alliant la fonctionnalit\u00e9 au style contemporain. <\/p>\n","protected":false},"featured_media":394920,"template":"","meta":{"_kad_blocks_custom_css":"","_kad_blocks_head_custom_js":"","_kad_blocks_body_custom_js":"","_kad_blocks_footer_custom_js":"","_kad_post_transparent":"","_kad_post_title":"","_kad_post_layout":"","_kad_post_sidebar_id":"","_kad_post_content_style":"","_kad_post_vertical_padding":"","_kad_post_feature":"","_kad_post_feature_position":"","_kad_post_header":false,"_kad_post_footer":false,"_kad_post_classname":""},"product_brand":[],"product_cat":[1328,1306],"product_tag":[1822],"class_list":{"0":"post-394654","1":"product","2":"type-product","3":"status-publish","4":"has-post-thumbnail","6":"product_cat-consoles","7":"product_cat-tables-de-salle-a-manger","8":"product_tag-roma-fr","10":"first","11":"instock","12":"taxable","13":"shipping-taxable","14":"product-type-simple","15":"entry","16":"content-bg","17":"loop-entry"},"taxonomy_info":{"product_cat":[{"value":1328,"label":"Consoles"},{"value":1306,"label":"Tables"}],"product_tag":[{"value":1822,"label":"ROMA"}]},"featured_image_src_large":["https:\/\/www.avenuedesigncanada.com\/wp-content\/uploads\/2025\/11\/Mago-1-3-1024x1024.jpg",1024,1024,true],"author_info":[],"comment_info":"","_links":{"self":[{"href":"https:\/\/www.avenuedesigncanada.com\/fr\/wp-json\/wp\/v2\/product\/394654","targetHints":{"allow":["GET"]}}],"collection":[{"href":"https:\/\/www.avenuedesigncanada.com\/fr\/wp-json\/wp\/v2\/product"}],"about":[{"href":"https:\/\/www.avenuedesigncanada.com\/fr\/wp-json\/wp\/v2\/types\/product"}],"wp:featuredmedia":[{"embeddable":true,"href":"https:\/\/www.avenuedesigncanada.com\/fr\/wp-json\/wp\/v2\/media\/394920"}],"wp:attachment":[{"href":"https:\/\/www.avenuedesigncanada.com\/fr\/wp-json\/wp\/v2\/media?parent=394654"}],"wp:term":[{"taxonomy":"product_brand","embeddable":true,"href":"https:\/\/www.avenuedesigncanada.com\/fr\/wp-json\/wp\/v2\/product_brand?post=394654"},{"taxonomy":"product_cat","embeddable":true,"href":"https:\/\/www.avenuedesigncanada.com\/fr\/wp-json\/wp\/v2\/product_cat?post=394654"},{"taxonomy":"product_tag","embeddable":true,"href":"https:\/\/www.avenuedesigncanada.com\/fr\/wp-json\/wp\/v2\/product_tag?post=394654"}],"curies":[{"name":"wp","href":"https:\/\/api.w.org\/{rel}","templated":true}]}}