{"id":394680,"date":"2025-11-08T12:06:22","date_gmt":"2025-11-08T17:06:22","guid":{"rendered":"https:\/\/www.avenuedesigncanada.com\/?post_type=product&#038;p=394680"},"modified":"2026-02-12T10:48:17","modified_gmt":"2026-02-12T15:48:17","slug":"table-de-nuit-acora","status":"publish","type":"product","link":"https:\/\/www.avenuedesigncanada.com\/fr\/product\/table-de-nuit-acora\/","title":{"rendered":"Table de nuit Acora"},"content":{"rendered":"<p><em>La table de nuit Acora pr\u00e9sente les caract\u00e9ristiques suivantes :<\/em><\/p>\n<p>Le cadre en bois de la table de nuit Acora, qui pr\u00e9sente des fa\u00e7ades de tiroirs tridimensionnelles, est envelopp\u00e9 de magnifiques feuilles de laiton et repose sur un socle.<\/p>\n<p>Avez-vous des questions \u00e0 propos de ce produit ? Nos designers sont l\u00e0 pour vous aider.  Appelez-nous au (514) 340-9351<\/p>\n","protected":false},"excerpt":{"rendered":"<p>La table de nuit Acora est une pi\u00e8ce d&rsquo;apparat saisissante, d\u00e9finie par un cadre en bois envelopp\u00e9 de feuilles de laiton magnifiquement finies. Ses fa\u00e7ades de tiroirs tridimensionnelles ajoutent de la profondeur et de l&rsquo;intrigue visuelle, tandis que le socle apporte une base audacieuse et contemporaine. Con\u00e7u pour rehausser les int\u00e9rieurs luxueux, l&rsquo;Acora allie savoir-faire artisanal et sophistication sculpturale.  <\/p>\n","protected":false},"featured_media":394731,"template":"","meta":{"_kad_blocks_custom_css":"","_kad_blocks_head_custom_js":"","_kad_blocks_body_custom_js":"","_kad_blocks_footer_custom_js":"","_kad_post_transparent":"","_kad_post_title":"","_kad_post_layout":"","_kad_post_sidebar_id":"","_kad_post_content_style":"","_kad_post_vertical_padding":"","_kad_post_feature":"","_kad_post_feature_position":"","_kad_post_header":false,"_kad_post_footer":false,"_kad_post_classname":""},"product_brand":[],"product_cat":[1299],"product_tag":[1844],"class_list":{"0":"post-394680","1":"product","2":"type-product","3":"status-publish","4":"has-post-thumbnail","6":"product_cat-tables-de-nuit","7":"product_tag-barcelona-cg-fr-2","9":"first","10":"instock","11":"taxable","12":"shipping-taxable","13":"product-type-simple","14":"entry","15":"content-bg","16":"loop-entry"},"taxonomy_info":{"product_cat":[{"value":1299,"label":"Tables de chevet"}],"product_tag":[{"value":1844,"label":"BARCELONA - CG"}]},"featured_image_src_large":["https:\/\/www.avenuedesigncanada.com\/wp-content\/uploads\/2025\/11\/Acora-1-2.jpg",600,600,false],"author_info":[],"comment_info":"","_links":{"self":[{"href":"https:\/\/www.avenuedesigncanada.com\/fr\/wp-json\/wp\/v2\/product\/394680","targetHints":{"allow":["GET"]}}],"collection":[{"href":"https:\/\/www.avenuedesigncanada.com\/fr\/wp-json\/wp\/v2\/product"}],"about":[{"href":"https:\/\/www.avenuedesigncanada.com\/fr\/wp-json\/wp\/v2\/types\/product"}],"wp:featuredmedia":[{"embeddable":true,"href":"https:\/\/www.avenuedesigncanada.com\/fr\/wp-json\/wp\/v2\/media\/394731"}],"wp:attachment":[{"href":"https:\/\/www.avenuedesigncanada.com\/fr\/wp-json\/wp\/v2\/media?parent=394680"}],"wp:term":[{"taxonomy":"product_brand","embeddable":true,"href":"https:\/\/www.avenuedesigncanada.com\/fr\/wp-json\/wp\/v2\/product_brand?post=394680"},{"taxonomy":"product_cat","embeddable":true,"href":"https:\/\/www.avenuedesigncanada.com\/fr\/wp-json\/wp\/v2\/product_cat?post=394680"},{"taxonomy":"product_tag","embeddable":true,"href":"https:\/\/www.avenuedesigncanada.com\/fr\/wp-json\/wp\/v2\/product_tag?post=394680"}],"curies":[{"name":"wp","href":"https:\/\/api.w.org\/{rel}","templated":true}]}}