{"id":394737,"date":"2025-11-08T13:48:07","date_gmt":"2025-11-08T18:48:07","guid":{"rendered":"https:\/\/www.avenuedesigncanada.com\/?post_type=product&#038;p=394737"},"modified":"2026-02-12T10:48:17","modified_gmt":"2026-02-12T15:48:17","slug":"table-de-nuit-tempo","status":"publish","type":"product","link":"https:\/\/www.avenuedesigncanada.com\/fr\/product\/table-de-nuit-tempo\/","title":{"rendered":"Table de nuit Tempo"},"content":{"rendered":"<p><em>La table de nuit Tempo pr\u00e9sente les caract\u00e9ristiques suivantes :<\/em><\/p>\n<p>Des bandes d&rsquo;aluminium sabl\u00e9 s&rsquo;entrecroisent pour former la base de la table de nuit Tempo, con\u00e7ue pour \u00eatre plac\u00e9e sur le c\u00f4t\u00e9 droit d&rsquo;un lit. Version gauche disponible. <\/p>\n<p>Avez-vous des questions \u00e0 propos de ce produit ? Nos designers sont l\u00e0 pour vous aider.  Appelez-nous au (514) 340-9351<\/p>\n","protected":false},"excerpt":{"rendered":"<p>La table de nuit Tempo se caract\u00e9rise par des bandes entrecrois\u00e9es d&rsquo;aluminium sabl\u00e9 qui forment une base technique saisissante. Con\u00e7ue sp\u00e9cialement pour \u00eatre plac\u00e9e sur le c\u00f4t\u00e9 droit d&rsquo;un lit, cette pi\u00e8ce sculpturale apporte une \u00e9l\u00e9gance industrielle \u00e0 la chambre \u00e0 coucher, avec une version c\u00f4t\u00e9 gauche disponible pour plus de flexibilit\u00e9. Sa g\u00e9om\u00e9trie audacieuse et ses mat\u00e9riaux raffin\u00e9s en font un accent moderne remarquable.  <\/p>\n","protected":false},"featured_media":394739,"template":"","meta":{"_kad_blocks_custom_css":"","_kad_blocks_head_custom_js":"","_kad_blocks_body_custom_js":"","_kad_blocks_footer_custom_js":"","_kad_post_transparent":"","_kad_post_title":"","_kad_post_layout":"","_kad_post_sidebar_id":"","_kad_post_content_style":"","_kad_post_vertical_padding":"","_kad_post_feature":"","_kad_post_feature_position":"","_kad_post_header":false,"_kad_post_footer":false,"_kad_post_classname":""},"product_brand":[],"product_cat":[1299],"product_tag":[1844],"class_list":{"0":"post-394737","1":"product","2":"type-product","3":"status-publish","4":"has-post-thumbnail","6":"product_cat-tables-de-nuit","7":"product_tag-barcelona-cg-fr-2","9":"first","10":"instock","11":"taxable","12":"shipping-taxable","13":"product-type-simple","14":"entry","15":"content-bg","16":"loop-entry"},"taxonomy_info":{"product_cat":[{"value":1299,"label":"Tables de chevet"}],"product_tag":[{"value":1844,"label":"BARCELONA - CG"}]},"featured_image_src_large":["https:\/\/www.avenuedesigncanada.com\/wp-content\/uploads\/2025\/11\/Tempo-1.jpg",600,600,false],"author_info":[],"comment_info":"","_links":{"self":[{"href":"https:\/\/www.avenuedesigncanada.com\/fr\/wp-json\/wp\/v2\/product\/394737","targetHints":{"allow":["GET"]}}],"collection":[{"href":"https:\/\/www.avenuedesigncanada.com\/fr\/wp-json\/wp\/v2\/product"}],"about":[{"href":"https:\/\/www.avenuedesigncanada.com\/fr\/wp-json\/wp\/v2\/types\/product"}],"wp:featuredmedia":[{"embeddable":true,"href":"https:\/\/www.avenuedesigncanada.com\/fr\/wp-json\/wp\/v2\/media\/394739"}],"wp:attachment":[{"href":"https:\/\/www.avenuedesigncanada.com\/fr\/wp-json\/wp\/v2\/media?parent=394737"}],"wp:term":[{"taxonomy":"product_brand","embeddable":true,"href":"https:\/\/www.avenuedesigncanada.com\/fr\/wp-json\/wp\/v2\/product_brand?post=394737"},{"taxonomy":"product_cat","embeddable":true,"href":"https:\/\/www.avenuedesigncanada.com\/fr\/wp-json\/wp\/v2\/product_cat?post=394737"},{"taxonomy":"product_tag","embeddable":true,"href":"https:\/\/www.avenuedesigncanada.com\/fr\/wp-json\/wp\/v2\/product_tag?post=394737"}],"curies":[{"name":"wp","href":"https:\/\/api.w.org\/{rel}","templated":true}]}}