{"id":395182,"date":"2025-11-12T11:45:24","date_gmt":"2025-11-12T16:45:24","guid":{"rendered":"https:\/\/www.avenuedesigncanada.com\/?post_type=product&#038;p=395182"},"modified":"2026-03-25T14:50:49","modified_gmt":"2026-03-25T18:50:49","slug":"bibliotheque-atena","status":"publish","type":"product","link":"https:\/\/www.avenuedesigncanada.com\/fr\/product\/bibliotheque-atena\/","title":{"rendered":"Biblioth\u00e8que Atena"},"content":{"rendered":"<p>Avez-vous des questions \u00e0 propos de ce produit ?<\/p>\n<p>Le module de biblioth\u00e8que Atena est disponible sans panneau arri\u00e8re, en finition m\u00e9tal laqu\u00e9 laiton fonc\u00e9, sable ou noir. Il est \u00e9galement disponible avec un panneau arri\u00e8re, le cadre \u00e9tant propos\u00e9 en finition m\u00e9tal laqu\u00e9 laiton fonc\u00e9 ou noir mat, avec plusieurs options pour le panneau arri\u00e8re. Ces deux modules peuvent \u00eatre combin\u00e9s pour cr\u00e9er diverses configurations de biblioth\u00e8que adapt\u00e9es \u00e0 votre espace et \u00e0 votre style.<\/p>\n<p>Nos designers sont l\u00e0 pour vous aider. Appelez-nous au (514) 340-9351<\/p>\n","protected":false},"excerpt":{"rendered":"<p><em><strong>Les caract\u00e9ristiques de le biblioth\u00e8que Atena:<\/strong><\/em><\/p>\n<p>Le module de biblioth\u00e8que Atena est disponible sans panneau arri\u00e8re, en finition m\u00e9tal laqu\u00e9 laiton fonc\u00e9, sable ou noir. Il est \u00e9galement disponible avec un panneau arri\u00e8re, le cadre \u00e9tant propos\u00e9 en finition m\u00e9tal laqu\u00e9 laiton fonc\u00e9 ou noir mat, avec plusieurs options pour le panneau arri\u00e8re. Ces deux modules peuvent \u00eatre combin\u00e9s pour cr\u00e9er diverses configurations de biblioth\u00e8que adapt\u00e9es \u00e0 votre espace et \u00e0 votre style.<\/p>\n","protected":false},"featured_media":395184,"template":"","meta":{"_kad_blocks_custom_css":"","_kad_blocks_head_custom_js":"","_kad_blocks_body_custom_js":"","_kad_blocks_footer_custom_js":"","_kad_post_transparent":"default","_kad_post_title":"","_kad_post_layout":"default","_kad_post_sidebar_id":"","_kad_post_content_style":"default","_kad_post_vertical_padding":"default","_kad_post_feature":"","_kad_post_feature_position":"","_kad_post_header":false,"_kad_post_footer":false,"_kad_post_classname":""},"product_brand":[],"product_cat":[1309],"product_tag":[1822],"class_list":{"0":"post-395182","1":"product","2":"type-product","3":"status-publish","4":"has-post-thumbnail","6":"product_cat-rangement-fr","7":"product_tag-roma-fr","9":"first","10":"instock","11":"taxable","12":"shipping-taxable","13":"product-type-simple","14":"entry","15":"content-bg","16":"loop-entry"},"taxonomy_info":{"product_cat":[{"value":1309,"label":"Rangement"}],"product_tag":[{"value":1822,"label":"ROMA"}]},"featured_image_src_large":["https:\/\/www.avenuedesigncanada.com\/wp-content\/uploads\/2025\/11\/Atena-1-1024x1024.jpg",1024,1024,true],"author_info":[],"comment_info":"","_links":{"self":[{"href":"https:\/\/www.avenuedesigncanada.com\/fr\/wp-json\/wp\/v2\/product\/395182","targetHints":{"allow":["GET"]}}],"collection":[{"href":"https:\/\/www.avenuedesigncanada.com\/fr\/wp-json\/wp\/v2\/product"}],"about":[{"href":"https:\/\/www.avenuedesigncanada.com\/fr\/wp-json\/wp\/v2\/types\/product"}],"wp:featuredmedia":[{"embeddable":true,"href":"https:\/\/www.avenuedesigncanada.com\/fr\/wp-json\/wp\/v2\/media\/395184"}],"wp:attachment":[{"href":"https:\/\/www.avenuedesigncanada.com\/fr\/wp-json\/wp\/v2\/media?parent=395182"}],"wp:term":[{"taxonomy":"product_brand","embeddable":true,"href":"https:\/\/www.avenuedesigncanada.com\/fr\/wp-json\/wp\/v2\/product_brand?post=395182"},{"taxonomy":"product_cat","embeddable":true,"href":"https:\/\/www.avenuedesigncanada.com\/fr\/wp-json\/wp\/v2\/product_cat?post=395182"},{"taxonomy":"product_tag","embeddable":true,"href":"https:\/\/www.avenuedesigncanada.com\/fr\/wp-json\/wp\/v2\/product_tag?post=395182"}],"curies":[{"name":"wp","href":"https:\/\/api.w.org\/{rel}","templated":true}]}}