{"id":400334,"date":"2026-01-08T09:59:19","date_gmt":"2026-01-08T14:59:19","guid":{"rendered":"https:\/\/www.avenuedesigncanada.com\/product\/jaxon-etagere\/"},"modified":"2026-02-12T10:48:21","modified_gmt":"2026-02-12T15:48:21","slug":"jaxon-etagere","status":"publish","type":"product","link":"https:\/\/www.avenuedesigncanada.com\/fr\/product\/jaxon-etagere\/","title":{"rendered":"Jaxon Etagere"},"content":{"rendered":"<p><em>Caract\u00e9ristiques de l&rsquo;\u00e9tag\u00e8re Jaxon :<\/em><\/p>\n<p data-pm-slice=\"1 1 []\">Finition en \u00e9tain satin\u00e9 vieilli et placage en ch\u00eane de couleur naturelle.<\/p>\n<p>Avez-vous des questions \u00e0 propos de ce produit ?<br \/>\nNos designers sont l\u00e0 pour vous aider. Appelez-nous au (514) 340-9351<\/p>\n","protected":false},"excerpt":{"rendered":"<p data-start=\"73\" data-end=\"403\">L&rsquo;\u00e9tag\u00e8re Jaxon allie un design intemporel \u00e0 une sophistication moderne. Avec sa finition en \u00e9tain satin\u00e9 vieilli et son placage en ch\u00eane de couleur naturelle, elle offre un \u00e9quilibre saisissant entre les textures du m\u00e9tal et du bois. Id\u00e9ale pour exposer des livres, des objets d\u00e9coratifs ou des pi\u00e8ces de collection, cette pi\u00e8ce apporte \u00e9l\u00e9gance et fonctionnalit\u00e9 \u00e0 tout espace de vie.  <\/p>\n","protected":false},"featured_media":399790,"template":"","meta":{"_kad_blocks_custom_css":"","_kad_blocks_head_custom_js":"","_kad_blocks_body_custom_js":"","_kad_blocks_footer_custom_js":"","_kad_post_transparent":"","_kad_post_title":"","_kad_post_layout":"","_kad_post_sidebar_id":"","_kad_post_content_style":"","_kad_post_vertical_padding":"","_kad_post_feature":"","_kad_post_feature_position":"","_kad_post_header":false,"_kad_post_footer":false,"_kad_post_classname":""},"product_brand":[],"product_cat":[1309],"product_tag":[1513],"class_list":{"0":"post-400334","1":"product","2":"type-product","3":"status-publish","4":"has-post-thumbnail","6":"product_cat-rangement-fr","7":"product_tag-paramount-fr","9":"first","10":"instock","11":"taxable","12":"shipping-taxable","13":"product-type-simple","14":"entry","15":"content-bg","16":"loop-entry"},"taxonomy_info":{"product_cat":[{"value":1309,"label":"Rangement"}],"product_tag":[{"value":1513,"label":"Paramount"}]},"featured_image_src_large":["https:\/\/www.avenuedesigncanada.com\/wp-content\/uploads\/2026\/01\/Jaxon-1-1024x1024.jpg",1024,1024,true],"author_info":[],"comment_info":"","_links":{"self":[{"href":"https:\/\/www.avenuedesigncanada.com\/fr\/wp-json\/wp\/v2\/product\/400334","targetHints":{"allow":["GET"]}}],"collection":[{"href":"https:\/\/www.avenuedesigncanada.com\/fr\/wp-json\/wp\/v2\/product"}],"about":[{"href":"https:\/\/www.avenuedesigncanada.com\/fr\/wp-json\/wp\/v2\/types\/product"}],"wp:featuredmedia":[{"embeddable":true,"href":"https:\/\/www.avenuedesigncanada.com\/fr\/wp-json\/wp\/v2\/media\/399790"}],"wp:attachment":[{"href":"https:\/\/www.avenuedesigncanada.com\/fr\/wp-json\/wp\/v2\/media?parent=400334"}],"wp:term":[{"taxonomy":"product_brand","embeddable":true,"href":"https:\/\/www.avenuedesigncanada.com\/fr\/wp-json\/wp\/v2\/product_brand?post=400334"},{"taxonomy":"product_cat","embeddable":true,"href":"https:\/\/www.avenuedesigncanada.com\/fr\/wp-json\/wp\/v2\/product_cat?post=400334"},{"taxonomy":"product_tag","embeddable":true,"href":"https:\/\/www.avenuedesigncanada.com\/fr\/wp-json\/wp\/v2\/product_tag?post=400334"}],"curies":[{"name":"wp","href":"https:\/\/api.w.org\/{rel}","templated":true}]}}