{"id":400336,"date":"2026-01-08T08:15:37","date_gmt":"2026-01-08T13:15:37","guid":{"rendered":"https:\/\/www.avenuedesigncanada.com\/product\/helena-bookcase\/"},"modified":"2026-02-12T10:48:21","modified_gmt":"2026-02-12T15:48:21","slug":"helena-bookcase","status":"publish","type":"product","link":"https:\/\/www.avenuedesigncanada.com\/fr\/product\/helena-bookcase\/","title":{"rendered":"Helena Bookcase"},"content":{"rendered":"<p><em>Caract\u00e9ristiques de la biblioth\u00e8que Helena :<\/em><\/p>\n<p>Cadre disponible en plusieurs finis m\u00e9talliques laqu\u00e9s et \u00e9tag\u00e8res disponibles en m\u00e9tal laqu\u00e9, placage de bois, SuperCeramic ou SuperMarble. Serre-livres en acier laqu\u00e9 disponibles en option. Trois tailles disponibles : 51 po, 71 po ou 94,5 po de largeur.<\/p>\n<p>Vous avez des questions sur ce produit ?<\/p>\n<p>Nos designers sont l\u00e0 pour vous aider. Appelez-nous au (514) 340-9351.<\/p>\n","protected":false},"excerpt":{"rendered":"<p>La biblioth\u00e8que Helena allie un design polyvalent \u00e0 une \u00e9l\u00e9gance moderne. Son cadre est disponible dans une vari\u00e9t\u00e9 de finitions m\u00e9talliques laqu\u00e9es, tandis que les \u00e9tag\u00e8res peuvent \u00eatre personnalis\u00e9es, ce qui en fait un meuble vraiment unique. Des serre-livres en acier laqu\u00e9 en option ajoutent \u00e0 la fois fonctionnalit\u00e9 et style. Cette biblioth\u00e8que s&rsquo;adapte parfaitement \u00e0 n&rsquo;importe quel espace tout en mettant en valeur votre collection avec sophistication.<\/p>\n","protected":false},"featured_media":398845,"template":"","meta":{"_kad_blocks_custom_css":"","_kad_blocks_head_custom_js":"","_kad_blocks_body_custom_js":"","_kad_blocks_footer_custom_js":"","_kad_post_transparent":"default","_kad_post_title":"","_kad_post_layout":"default","_kad_post_sidebar_id":"","_kad_post_content_style":"default","_kad_post_vertical_padding":"default","_kad_post_feature":"","_kad_post_feature_position":"","_kad_post_header":false,"_kad_post_footer":false,"_kad_post_classname":""},"product_brand":[],"product_cat":[1309],"product_tag":[1822],"class_list":{"0":"post-400336","1":"product","2":"type-product","3":"status-publish","4":"has-post-thumbnail","6":"product_cat-rangement-fr","7":"product_tag-roma-fr","9":"first","10":"instock","11":"taxable","12":"shipping-taxable","13":"product-type-simple","14":"entry","15":"content-bg","16":"loop-entry"},"taxonomy_info":{"product_cat":[{"value":1309,"label":"Rangement"}],"product_tag":[{"value":1822,"label":"ROMA"}]},"featured_image_src_large":["https:\/\/www.avenuedesigncanada.com\/wp-content\/uploads\/2026\/01\/Helena-1-1024x1024.jpg",1024,1024,true],"author_info":[],"comment_info":"","_links":{"self":[{"href":"https:\/\/www.avenuedesigncanada.com\/fr\/wp-json\/wp\/v2\/product\/400336","targetHints":{"allow":["GET"]}}],"collection":[{"href":"https:\/\/www.avenuedesigncanada.com\/fr\/wp-json\/wp\/v2\/product"}],"about":[{"href":"https:\/\/www.avenuedesigncanada.com\/fr\/wp-json\/wp\/v2\/types\/product"}],"wp:featuredmedia":[{"embeddable":true,"href":"https:\/\/www.avenuedesigncanada.com\/fr\/wp-json\/wp\/v2\/media\/398845"}],"wp:attachment":[{"href":"https:\/\/www.avenuedesigncanada.com\/fr\/wp-json\/wp\/v2\/media?parent=400336"}],"wp:term":[{"taxonomy":"product_brand","embeddable":true,"href":"https:\/\/www.avenuedesigncanada.com\/fr\/wp-json\/wp\/v2\/product_brand?post=400336"},{"taxonomy":"product_cat","embeddable":true,"href":"https:\/\/www.avenuedesigncanada.com\/fr\/wp-json\/wp\/v2\/product_cat?post=400336"},{"taxonomy":"product_tag","embeddable":true,"href":"https:\/\/www.avenuedesigncanada.com\/fr\/wp-json\/wp\/v2\/product_tag?post=400336"}],"curies":[{"name":"wp","href":"https:\/\/api.w.org\/{rel}","templated":true}]}}