{"id":400337,"date":"2026-01-08T08:15:35","date_gmt":"2026-01-08T13:15:35","guid":{"rendered":"https:\/\/www.avenuedesigncanada.com\/product\/charlotte-bookcase\/"},"modified":"2026-02-12T10:48:22","modified_gmt":"2026-02-12T15:48:22","slug":"charlotte-bookcase","status":"publish","type":"product","link":"https:\/\/www.avenuedesigncanada.com\/fr\/product\/charlotte-bookcase\/","title":{"rendered":"Biblioth\u00e8que Charlotte"},"content":{"rendered":"<p><em>La biblioth\u00e8que Charlotte pr\u00e9sente les caract\u00e9ristiques suivantes :<\/em><br \/>\nSyst\u00e8me de biblioth\u00e8que modulaire \u00e0 montage mural ou au plafond<br \/>\nDisponible en plusieurs finitions m\u00e9talliques<br \/>\n\u00c9tag\u00e8res, tiroirs, armoires, options de bar, de t\u00e9l\u00e9vision et de bureau personnalis\u00e9es.<\/p>\n<p>Avez-vous des questions \u00e0 propos de ce produit ?<br \/>\nNos designers sont l\u00e0 pour vous aider. Appelez-nous au (514) 340-9351<\/p>\n","protected":false},"excerpt":{"rendered":"<p>La biblioth\u00e8que Charlotte est une solution de rangement polyvalente et modulaire con\u00e7ue pour s&rsquo;adapter \u00e0 votre espace et \u00e0 votre style. Disponibles pour un montage mural ou au plafond, ses modules interconnect\u00e9s sont propos\u00e9s dans une vari\u00e9t\u00e9 de finitions en m\u00e9tal laqu\u00e9. Personnalisez votre configuration avec une combinaison d&rsquo;\u00e9tag\u00e8res, de tiroirs, d&rsquo;armoires, de meubles de bar, de meubles TV ou de bureaux, tous propos\u00e9s dans une gamme de finitions. Alliant fonctionnalit\u00e9 et design contemporain, la biblioth\u00e8que Charlotte est parfaite pour cr\u00e9er un espace de vie ou de travail personnalis\u00e9, \u00e9l\u00e9gant et organis\u00e9.   <\/p>\n","protected":false},"featured_media":398825,"template":"","meta":{"_kad_blocks_custom_css":"","_kad_blocks_head_custom_js":"","_kad_blocks_body_custom_js":"","_kad_blocks_footer_custom_js":"","_kad_post_transparent":"default","_kad_post_title":"","_kad_post_layout":"default","_kad_post_sidebar_id":"","_kad_post_content_style":"default","_kad_post_vertical_padding":"default","_kad_post_feature":"","_kad_post_feature_position":"","_kad_post_header":false,"_kad_post_footer":false,"_kad_post_classname":""},"product_brand":[],"product_cat":[1309],"product_tag":[1822],"class_list":{"0":"post-400337","1":"product","2":"type-product","3":"status-publish","4":"has-post-thumbnail","6":"product_cat-rangement-fr","7":"product_tag-roma-fr","9":"first","10":"instock","11":"taxable","12":"shipping-taxable","13":"product-type-simple","14":"entry","15":"content-bg","16":"loop-entry"},"taxonomy_info":{"product_cat":[{"value":1309,"label":"Rangement"}],"product_tag":[{"value":1822,"label":"ROMA"}]},"featured_image_src_large":["https:\/\/www.avenuedesigncanada.com\/wp-content\/uploads\/2026\/01\/Charlotte-1-1024x1024.jpg",1024,1024,true],"author_info":[],"comment_info":"","_links":{"self":[{"href":"https:\/\/www.avenuedesigncanada.com\/fr\/wp-json\/wp\/v2\/product\/400337","targetHints":{"allow":["GET"]}}],"collection":[{"href":"https:\/\/www.avenuedesigncanada.com\/fr\/wp-json\/wp\/v2\/product"}],"about":[{"href":"https:\/\/www.avenuedesigncanada.com\/fr\/wp-json\/wp\/v2\/types\/product"}],"wp:featuredmedia":[{"embeddable":true,"href":"https:\/\/www.avenuedesigncanada.com\/fr\/wp-json\/wp\/v2\/media\/398825"}],"wp:attachment":[{"href":"https:\/\/www.avenuedesigncanada.com\/fr\/wp-json\/wp\/v2\/media?parent=400337"}],"wp:term":[{"taxonomy":"product_brand","embeddable":true,"href":"https:\/\/www.avenuedesigncanada.com\/fr\/wp-json\/wp\/v2\/product_brand?post=400337"},{"taxonomy":"product_cat","embeddable":true,"href":"https:\/\/www.avenuedesigncanada.com\/fr\/wp-json\/wp\/v2\/product_cat?post=400337"},{"taxonomy":"product_tag","embeddable":true,"href":"https:\/\/www.avenuedesigncanada.com\/fr\/wp-json\/wp\/v2\/product_tag?post=400337"}],"curies":[{"name":"wp","href":"https:\/\/api.w.org\/{rel}","templated":true}]}}