{"id":401145,"date":"2026-01-08T10:00:43","date_gmt":"2026-01-08T15:00:43","guid":{"rendered":"https:\/\/www.avenuedesigncanada.com\/product\/credence-darchitecte\/"},"modified":"2026-02-12T10:48:30","modified_gmt":"2026-02-12T15:48:30","slug":"credence-darchitecte","status":"publish","type":"product","link":"https:\/\/www.avenuedesigncanada.com\/fr\/product\/credence-darchitecte\/","title":{"rendered":"Cr\u00e9dence d&rsquo;architecte"},"content":{"rendered":"<p><em>La cr\u00e9dence Architect pr\u00e9sente les caract\u00e9ristiques suivantes :<\/em><br \/>\nBois de fr\u00eane brun massif en finition Stormy avec garniture Ebony<br \/>\nQuatre portes \u00e0 ouverture par pression avec \u00e9tag\u00e8res r\u00e9glables<br \/>\nTypes de bois, finitions et tailles sur mesure disponibles.<\/p>\n<p>Vous avez des questions sur ce produit ?<br \/>\nNos concepteurs sont l\u00e0 pour vous aider. Appelez-nous au (514) 340-9351 <\/p>\n","protected":false},"excerpt":{"rendered":"<p>La cr\u00e9dence Architect en fr\u00eane massif avec garniture Ebony comporte quatre portes \u00e0 ouverture par pression et des \u00e9tag\u00e8res r\u00e9glables. Les finitions et les tailles personnalis\u00e9es offrent un design sur mesure pour les int\u00e9rieurs contemporains. <\/p>\n","protected":false},"featured_media":399820,"template":"","meta":{"_kad_blocks_custom_css":"","_kad_blocks_head_custom_js":"","_kad_blocks_body_custom_js":"","_kad_blocks_footer_custom_js":"","_kad_post_transparent":"","_kad_post_title":"","_kad_post_layout":"","_kad_post_sidebar_id":"","_kad_post_content_style":"","_kad_post_vertical_padding":"","_kad_post_feature":"","_kad_post_feature_position":"","_kad_post_header":false,"_kad_post_footer":false,"_kad_post_classname":""},"product_brand":[],"product_cat":[1303,1326,1841,1868],"product_tag":[1852],"class_list":{"0":"post-401145","1":"product","2":"type-product","3":"status-publish","4":"has-post-thumbnail","6":"product_cat-buffets","7":"product_cat-cabinets-media","8":"product_cat-meubles-sur-mesure","9":"product_cat-table-de-credence-sur-mesure","10":"product_tag-avenue-fr","12":"first","13":"instock","14":"taxable","15":"shipping-taxable","16":"product-type-simple","17":"entry","18":"content-bg","19":"loop-entry"},"taxonomy_info":{"product_cat":[{"value":1303,"label":"Buffets"},{"value":1326,"label":"Meubles Media"},{"value":1841,"label":"Meubles sur mesure"},{"value":1868,"label":"TABLE DE CR\u00c9DENCE SUR MESURE"}],"product_tag":[{"value":1852,"label":"AVENUE"}]},"featured_image_src_large":["https:\/\/www.avenuedesigncanada.com\/wp-content\/uploads\/2026\/01\/Architect-Sideboard-1-1-1024x1024.jpg",1024,1024,true],"author_info":[],"comment_info":"","_links":{"self":[{"href":"https:\/\/www.avenuedesigncanada.com\/fr\/wp-json\/wp\/v2\/product\/401145","targetHints":{"allow":["GET"]}}],"collection":[{"href":"https:\/\/www.avenuedesigncanada.com\/fr\/wp-json\/wp\/v2\/product"}],"about":[{"href":"https:\/\/www.avenuedesigncanada.com\/fr\/wp-json\/wp\/v2\/types\/product"}],"wp:featuredmedia":[{"embeddable":true,"href":"https:\/\/www.avenuedesigncanada.com\/fr\/wp-json\/wp\/v2\/media\/399820"}],"wp:attachment":[{"href":"https:\/\/www.avenuedesigncanada.com\/fr\/wp-json\/wp\/v2\/media?parent=401145"}],"wp:term":[{"taxonomy":"product_brand","embeddable":true,"href":"https:\/\/www.avenuedesigncanada.com\/fr\/wp-json\/wp\/v2\/product_brand?post=401145"},{"taxonomy":"product_cat","embeddable":true,"href":"https:\/\/www.avenuedesigncanada.com\/fr\/wp-json\/wp\/v2\/product_cat?post=401145"},{"taxonomy":"product_tag","embeddable":true,"href":"https:\/\/www.avenuedesigncanada.com\/fr\/wp-json\/wp\/v2\/product_tag?post=401145"}],"curies":[{"name":"wp","href":"https:\/\/api.w.org\/{rel}","templated":true}]}}