{"id":401147,"date":"2026-01-08T10:02:37","date_gmt":"2026-01-15T16:15:13","guid":{"rendered":"https:\/\/www.avenuedesigncanada.com\/product\/buffet-morgan\/"},"modified":"2026-01-30T11:12:12","modified_gmt":"2026-01-30T16:12:12","slug":"buffet-morgan","status":"publish","type":"product","link":"https:\/\/www.avenuedesigncanada.com\/fr\/product\/buffet-morgan\/","title":{"rendered":"Buffet Morgan"},"content":{"rendered":"<p><em>Le buffet Morgan pr\u00e9sente les caract\u00e9ristiques suivantes :<\/em><br \/>\n\u00c9rable brun massif en \u00e9mail argent\u00e9 et dor\u00e9<br \/>\nQuatre portes \u00e0 fermeture souple avec \u00e9tag\u00e8res r\u00e9glables<br \/>\nTiroirs int\u00e9rieurs disponibles en option<\/p>\n<p>Vous avez des questions sur ce produit ?<br \/>\nNos concepteurs sont l\u00e0 pour vous aider. Appelez-nous au (514) 340-9351 <\/p>\n","protected":false},"excerpt":{"rendered":"<p>Le buffet Morgan en \u00e9mail Silver-Gold et \u00e9rable brun comporte quatre portes \u00e0 fermeture progressive, des \u00e9tag\u00e8res r\u00e9glables et des tiroirs int\u00e9rieurs en option pour un rangement flexible.<\/p>\n","protected":false},"featured_media":399841,"template":"","meta":{"_kad_blocks_custom_css":"","_kad_blocks_head_custom_js":"","_kad_blocks_body_custom_js":"","_kad_blocks_footer_custom_js":"","_kad_post_transparent":"","_kad_post_title":"","_kad_post_layout":"","_kad_post_sidebar_id":"","_kad_post_content_style":"","_kad_post_vertical_padding":"","_kad_post_feature":"","_kad_post_feature_position":"","_kad_post_header":false,"_kad_post_footer":false,"_kad_post_classname":""},"product_brand":[],"product_cat":[1303,1326,1841,1868],"product_tag":[1852],"class_list":{"0":"post-401147","1":"product","2":"type-product","3":"status-publish","4":"has-post-thumbnail","6":"product_cat-buffets","7":"product_cat-cabinets-media","8":"product_cat-meubles-sur-mesure","9":"product_cat-table-de-credence-sur-mesure","10":"product_tag-avenue-fr","12":"first","13":"instock","14":"taxable","15":"shipping-taxable","16":"product-type-simple","17":"entry","18":"content-bg","19":"loop-entry"},"taxonomy_info":{"product_cat":[{"value":1303,"label":"Buffets"},{"value":1326,"label":"Meubles Media"},{"value":1841,"label":"Meubles sur mesure"},{"value":1868,"label":"TABLE DE CR\u00c9DENCE SUR MESURE"}],"product_tag":[{"value":1852,"label":"AVENUE"}]},"featured_image_src_large":["https:\/\/www.avenuedesigncanada.com\/wp-content\/uploads\/2026\/01\/Morgan-Sideboard-1-1024x1024.jpg",1024,1024,true],"author_info":[],"comment_info":"","_links":{"self":[{"href":"https:\/\/www.avenuedesigncanada.com\/fr\/wp-json\/wp\/v2\/product\/401147","targetHints":{"allow":["GET"]}}],"collection":[{"href":"https:\/\/www.avenuedesigncanada.com\/fr\/wp-json\/wp\/v2\/product"}],"about":[{"href":"https:\/\/www.avenuedesigncanada.com\/fr\/wp-json\/wp\/v2\/types\/product"}],"wp:featuredmedia":[{"embeddable":true,"href":"https:\/\/www.avenuedesigncanada.com\/fr\/wp-json\/wp\/v2\/media\/399841"}],"wp:attachment":[{"href":"https:\/\/www.avenuedesigncanada.com\/fr\/wp-json\/wp\/v2\/media?parent=401147"}],"wp:term":[{"taxonomy":"product_brand","embeddable":true,"href":"https:\/\/www.avenuedesigncanada.com\/fr\/wp-json\/wp\/v2\/product_brand?post=401147"},{"taxonomy":"product_cat","embeddable":true,"href":"https:\/\/www.avenuedesigncanada.com\/fr\/wp-json\/wp\/v2\/product_cat?post=401147"},{"taxonomy":"product_tag","embeddable":true,"href":"https:\/\/www.avenuedesigncanada.com\/fr\/wp-json\/wp\/v2\/product_tag?post=401147"}],"curies":[{"name":"wp","href":"https:\/\/api.w.org\/{rel}","templated":true}]}}