{"id":401186,"date":"2022-08-13T12:50:41","date_gmt":"2022-08-13T16:50:41","guid":{"rendered":"https:\/\/www.avenuedesigncanada.com\/product\/commode-keali\/"},"modified":"2026-02-12T10:48:32","modified_gmt":"2026-02-12T15:48:32","slug":"commode-keali","status":"publish","type":"product","link":"https:\/\/www.avenuedesigncanada.com\/fr\/product\/commode-keali\/","title":{"rendered":"Commode Keali"},"content":{"rendered":"<p><em>La commode Keali pr\u00e9sente les caract\u00e9ristiques suivantes :<\/em><br \/>\nFinition en pin \u00e9bonis\u00e9 avec quatre tiroirs et des poign\u00e9es en aluminium moul\u00e9 textur\u00e9 avec finition en nickel noir. Socle avec patins r\u00e9glables. N&rsquo;est pas con\u00e7ue pour supporter un t\u00e9l\u00e9viseur ou d&rsquo;autres m\u00e9dias.  <\/p>\n<p>Vous avez des questions sur ce produit ?<br \/>\nNos concepteurs sont l\u00e0 pour vous aider.<br \/>\nAppelez-nous au (514) 340-9351<\/p>\n","protected":false},"excerpt":{"rendered":"<p>La commode Keali apporte une touche audacieuse et moderne avec sa finition en pin \u00e9bonis\u00e9 et ses poign\u00e9es sculpturales en aluminium moul\u00e9 en nickel noir. Les lignes \u00e9pur\u00e9es et les textures riches s&rsquo;associent pour cr\u00e9er une pr\u00e9sence \u00e0 la fois saisissante et raffin\u00e9e, tandis que le socle profil\u00e9 maintient l&rsquo;aspect terre-\u00e0-terre et contemporain.   <\/p>\n","protected":false},"featured_media":156585,"template":"","meta":{"_kad_blocks_custom_css":"","_kad_blocks_head_custom_js":"","_kad_blocks_body_custom_js":"","_kad_blocks_footer_custom_js":"","_kad_post_transparent":"","_kad_post_title":"","_kad_post_layout":"","_kad_post_sidebar_id":"","_kad_post_content_style":"","_kad_post_vertical_padding":"","_kad_post_feature":"","_kad_post_feature_position":"","_kad_post_header":false,"_kad_post_footer":false,"_kad_post_classname":""},"product_brand":[],"product_cat":[1298],"product_tag":[1844],"class_list":{"0":"post-401186","1":"product","2":"type-product","3":"status-publish","4":"has-post-thumbnail","6":"product_cat-commodes","7":"product_tag-barcelona-cg-fr-2","9":"first","10":"instock","11":"taxable","12":"shipping-taxable","13":"product-type-simple","14":"entry","15":"content-bg","16":"loop-entry"},"taxonomy_info":{"product_cat":[{"value":1298,"label":"Commodes"}],"product_tag":[{"value":1844,"label":"BARCELONA - CG"}]},"featured_image_src_large":["https:\/\/www.avenuedesigncanada.com\/wp-content\/uploads\/2022\/08\/309054_keali_frontalt_web-2-1024x1024.jpg",1024,1024,true],"author_info":[],"comment_info":"","_links":{"self":[{"href":"https:\/\/www.avenuedesigncanada.com\/fr\/wp-json\/wp\/v2\/product\/401186","targetHints":{"allow":["GET"]}}],"collection":[{"href":"https:\/\/www.avenuedesigncanada.com\/fr\/wp-json\/wp\/v2\/product"}],"about":[{"href":"https:\/\/www.avenuedesigncanada.com\/fr\/wp-json\/wp\/v2\/types\/product"}],"wp:featuredmedia":[{"embeddable":true,"href":"https:\/\/www.avenuedesigncanada.com\/fr\/wp-json\/wp\/v2\/media\/156585"}],"wp:attachment":[{"href":"https:\/\/www.avenuedesigncanada.com\/fr\/wp-json\/wp\/v2\/media?parent=401186"}],"wp:term":[{"taxonomy":"product_brand","embeddable":true,"href":"https:\/\/www.avenuedesigncanada.com\/fr\/wp-json\/wp\/v2\/product_brand?post=401186"},{"taxonomy":"product_cat","embeddable":true,"href":"https:\/\/www.avenuedesigncanada.com\/fr\/wp-json\/wp\/v2\/product_cat?post=401186"},{"taxonomy":"product_tag","embeddable":true,"href":"https:\/\/www.avenuedesigncanada.com\/fr\/wp-json\/wp\/v2\/product_tag?post=401186"}],"curies":[{"name":"wp","href":"https:\/\/api.w.org\/{rel}","templated":true}]}}