{"id":401193,"date":"2026-01-08T09:52:59","date_gmt":"2026-01-08T14:52:59","guid":{"rendered":"https:\/\/www.avenuedesigncanada.com\/product\/tabouret-chantal\/"},"modified":"2026-02-12T10:48:32","modified_gmt":"2026-02-12T15:48:32","slug":"tabouret-chantal","status":"publish","type":"product","link":"https:\/\/www.avenuedesigncanada.com\/fr\/product\/tabouret-chantal\/","title":{"rendered":"Tabouret Chantal"},"content":{"rendered":"<p><em>Les caract\u00e9ristiques du tabouret Chantal :<\/em><br \/>\nEl\u00e9gant et adaptable, ce tabouret offre des possibilit\u00e9s de style infinies avec un rembourrage personnalisable et des finitions en m\u00e9tal pour convenir aux int\u00e9rieurs classiques et contemporains.<\/p>\n<p>Options :<br \/>\nDisponible en hauteur bar, en hauteur comptoir avec pieds en m\u00e9tal ou en version base r\u00e9glable.<\/p>\n<p>Avez-vous des questions \u00e0 propos de ce produit ?<br \/>\nNos designers sont l\u00e0 pour vous aider. Appelez-nous au (514) 340-9351<\/p>\n","protected":false},"excerpt":{"rendered":"<p>Le tabouret Chantal allie \u00e9l\u00e9gance et adaptabilit\u00e9, avec un rembourrage personnalisable et des finitions m\u00e9talliques qui conviennent aux int\u00e9rieurs classiques et contemporains. Ses proportions raffin\u00e9es le rendent parfait pour un bar, un comptoir ou un si\u00e8ge \u00e0 hauteur r\u00e9glable.   <\/p>\n","protected":false},"featured_media":399690,"template":"","meta":{"_kad_blocks_custom_css":"","_kad_blocks_head_custom_js":"","_kad_blocks_body_custom_js":"","_kad_blocks_footer_custom_js":"","_kad_post_transparent":"","_kad_post_title":"","_kad_post_layout":"","_kad_post_sidebar_id":"","_kad_post_content_style":"","_kad_post_vertical_padding":"","_kad_post_feature":"","_kad_post_feature_position":"","_kad_post_header":false,"_kad_post_footer":false,"_kad_post_classname":""},"product_brand":[],"product_cat":[1305],"product_tag":[1822],"class_list":{"0":"post-401193","1":"product","2":"type-product","3":"status-publish","4":"has-post-thumbnail","6":"product_cat-tabourets","7":"product_tag-roma-fr","9":"first","10":"instock","11":"taxable","12":"shipping-taxable","13":"product-type-simple","14":"entry","15":"content-bg","16":"loop-entry"},"taxonomy_info":{"product_cat":[{"value":1305,"label":"Tabourets"}],"product_tag":[{"value":1822,"label":"ROMA"}]},"featured_image_src_large":["https:\/\/www.avenuedesigncanada.com\/wp-content\/uploads\/2026\/01\/Chantal-1-1024x1024.jpg",1024,1024,true],"author_info":[],"comment_info":"","_links":{"self":[{"href":"https:\/\/www.avenuedesigncanada.com\/fr\/wp-json\/wp\/v2\/product\/401193","targetHints":{"allow":["GET"]}}],"collection":[{"href":"https:\/\/www.avenuedesigncanada.com\/fr\/wp-json\/wp\/v2\/product"}],"about":[{"href":"https:\/\/www.avenuedesigncanada.com\/fr\/wp-json\/wp\/v2\/types\/product"}],"wp:featuredmedia":[{"embeddable":true,"href":"https:\/\/www.avenuedesigncanada.com\/fr\/wp-json\/wp\/v2\/media\/399690"}],"wp:attachment":[{"href":"https:\/\/www.avenuedesigncanada.com\/fr\/wp-json\/wp\/v2\/media?parent=401193"}],"wp:term":[{"taxonomy":"product_brand","embeddable":true,"href":"https:\/\/www.avenuedesigncanada.com\/fr\/wp-json\/wp\/v2\/product_brand?post=401193"},{"taxonomy":"product_cat","embeddable":true,"href":"https:\/\/www.avenuedesigncanada.com\/fr\/wp-json\/wp\/v2\/product_cat?post=401193"},{"taxonomy":"product_tag","embeddable":true,"href":"https:\/\/www.avenuedesigncanada.com\/fr\/wp-json\/wp\/v2\/product_tag?post=401193"}],"curies":[{"name":"wp","href":"https:\/\/api.w.org\/{rel}","templated":true}]}}