{"id":401195,"date":"2026-01-08T09:54:48","date_gmt":"2026-01-08T14:54:48","guid":{"rendered":"https:\/\/www.avenuedesigncanada.com\/product\/tabouret-amilie\/"},"modified":"2026-02-12T10:48:33","modified_gmt":"2026-02-12T15:48:33","slug":"tabouret-amilie","status":"publish","type":"product","link":"https:\/\/www.avenuedesigncanada.com\/fr\/product\/tabouret-amilie\/","title":{"rendered":"Tabouret Amilie"},"content":{"rendered":"<p><em>Le tabouret Amilie pr\u00e9sente les caract\u00e9ristiques suivantes :<\/em><br \/>\nUn design \u00e9l\u00e9gant et polyvalent qui allie confort et personnalisation, offrant des proportions \u00e9l\u00e9gantes, qu&rsquo;il s&rsquo;agisse d&rsquo;un bar ou d&rsquo;un comptoir.<\/p>\n<p>Options :<br \/>\nDisponible en diff\u00e9rents tissus ou cuirs.<br \/>\nDisponible en hauteur de bar avec des pieds en m\u00e9tal ou des versions \u00e0 base r\u00e9glable.<\/p>\n<p>Avez-vous des questions \u00e0 propos de ce produit ?<br \/>\nNos designers sont l\u00e0 pour vous aider. Appelez-nous au (514) 340-9351<\/p>\n","protected":false},"excerpt":{"rendered":"<p>Le tabouret Amilie allie confort et polyvalence dans un design \u00e9l\u00e9gant, offrant des proportions \u00e9l\u00e9gantes pour le bar ou le comptoir. Personnalisable en tissu ou en cuir, il est disponible avec des pieds en m\u00e9tal ou une base r\u00e9glable pour un ajustement parfait.   <\/p>\n","protected":false},"featured_media":399716,"template":"","meta":{"_kad_blocks_custom_css":"","_kad_blocks_head_custom_js":"","_kad_blocks_body_custom_js":"","_kad_blocks_footer_custom_js":"","_kad_post_transparent":"","_kad_post_title":"","_kad_post_layout":"","_kad_post_sidebar_id":"","_kad_post_content_style":"","_kad_post_vertical_padding":"","_kad_post_feature":"","_kad_post_feature_position":"","_kad_post_header":false,"_kad_post_footer":false,"_kad_post_classname":""},"product_brand":[],"product_cat":[1305],"product_tag":[1822],"class_list":{"0":"post-401195","1":"product","2":"type-product","3":"status-publish","4":"has-post-thumbnail","6":"product_cat-tabourets","7":"product_tag-roma-fr","9":"first","10":"instock","11":"taxable","12":"shipping-taxable","13":"product-type-simple","14":"entry","15":"content-bg","16":"loop-entry"},"taxonomy_info":{"product_cat":[{"value":1305,"label":"Tabourets"}],"product_tag":[{"value":1822,"label":"ROMA"}]},"featured_image_src_large":["https:\/\/www.avenuedesigncanada.com\/wp-content\/uploads\/2026\/01\/Amilie-Stool-1-1024x1024.jpg",1024,1024,true],"author_info":[],"comment_info":"","_links":{"self":[{"href":"https:\/\/www.avenuedesigncanada.com\/fr\/wp-json\/wp\/v2\/product\/401195","targetHints":{"allow":["GET"]}}],"collection":[{"href":"https:\/\/www.avenuedesigncanada.com\/fr\/wp-json\/wp\/v2\/product"}],"about":[{"href":"https:\/\/www.avenuedesigncanada.com\/fr\/wp-json\/wp\/v2\/types\/product"}],"wp:featuredmedia":[{"embeddable":true,"href":"https:\/\/www.avenuedesigncanada.com\/fr\/wp-json\/wp\/v2\/media\/399716"}],"wp:attachment":[{"href":"https:\/\/www.avenuedesigncanada.com\/fr\/wp-json\/wp\/v2\/media?parent=401195"}],"wp:term":[{"taxonomy":"product_brand","embeddable":true,"href":"https:\/\/www.avenuedesigncanada.com\/fr\/wp-json\/wp\/v2\/product_brand?post=401195"},{"taxonomy":"product_cat","embeddable":true,"href":"https:\/\/www.avenuedesigncanada.com\/fr\/wp-json\/wp\/v2\/product_cat?post=401195"},{"taxonomy":"product_tag","embeddable":true,"href":"https:\/\/www.avenuedesigncanada.com\/fr\/wp-json\/wp\/v2\/product_tag?post=401195"}],"curies":[{"name":"wp","href":"https:\/\/api.w.org\/{rel}","templated":true}]}}