{"id":401803,"date":"2026-01-19T10:20:51","date_gmt":"2026-01-19T15:20:51","guid":{"rendered":"https:\/\/www.avenuedesigncanada.com\/product\/table-dappoint-tekoa\/"},"modified":"2026-02-12T10:48:34","modified_gmt":"2026-02-12T15:48:34","slug":"table-dappoint-tekoa","status":"publish","type":"product","link":"https:\/\/www.avenuedesigncanada.com\/fr\/product\/table-dappoint-tekoa\/","title":{"rendered":"Table d&rsquo;appoint Tekoa"},"content":{"rendered":"<p> <em> Les caract\u00e9ristiques de la table d&rsquo;appoint Tekoa : <\/em><br \/>\n Mat\u00e9riau &#8211; Fer \/ Bois<br \/>\nForme &#8211; Ronde<br \/>\nBase \/ Aluminium<br \/>\nFinition de la base &#8211; Laiton antique<br \/>\nFinition du mat\u00e9riau &#8211; Laiton antique<br \/>\nVous avez des questions sur ce produit ?<br \/>\nNos designers sont l\u00e0 pour vous aider.<br \/>\nAppelez-nous au (514) 340-9351<\/p>\n","protected":false},"excerpt":{"rendered":"<p>Des mat\u00e9riaux m\u00e9lang\u00e9s et une composition \u00e9quilibr\u00e9e t\u00e9moignent du design sophistiqu\u00e9 de la table d&rsquo;appoint Tekoa. Un plateau circulaire en m\u00e9tal et bois de manguier repose sur un socle en aluminium avec une finition bronze pour compl\u00e9ter la conversation.<br \/>\nCaract\u00e9ristiques et avantages<br \/>\nFabriqu\u00e9 \u00e0 la main par des artisans qualifi\u00e9s.<br \/>\nLes imperfections uniques telles que les fissures, les marques et les variations de couleur et de forme sont des caract\u00e9ristiques appr\u00e9ci\u00e9es d&rsquo;une pi\u00e8ce vraiment unique.<br \/>\nLe bois \u00e9tant un mat\u00e9riau organique et poreux, ces pi\u00e8ces pr\u00e9sentent des variations naturelles de texture et peuvent \u00e9galement pr\u00e9senter de fines indentations et fissures.<br \/>\nLes pi\u00e8ces de bois pr\u00e9sentent \u00e9galement une disparit\u00e9 de couleur et de grain, ainsi que des n\u0153uds et des loupes visibles qui ajoutent au caract\u00e8re de chaque pi\u00e8ce.<br \/>\nLa base en aluminium est dot\u00e9e d&rsquo;un rev\u00eatement durable en poudre.<\/p>\n","protected":false},"featured_media":401742,"template":"","meta":{"_kad_blocks_custom_css":"","_kad_blocks_head_custom_js":"","_kad_blocks_body_custom_js":"","_kad_blocks_footer_custom_js":"","_kad_post_transparent":"","_kad_post_title":"","_kad_post_layout":"","_kad_post_sidebar_id":"","_kad_post_content_style":"","_kad_post_vertical_padding":"","_kad_post_feature":"","_kad_post_feature_position":"","_kad_post_header":false,"_kad_post_footer":false,"_kad_post_classname":""},"product_brand":[],"product_cat":[1323],"product_tag":[1824],"class_list":{"0":"post-401803","1":"product","2":"type-product","3":"status-publish","4":"has-post-thumbnail","6":"product_cat-salon-tables-dappoint","7":"product_tag-sol-fr","9":"first","10":"instock","11":"taxable","12":"shipping-taxable","13":"product-type-simple","14":"entry","15":"content-bg","16":"loop-entry"},"taxonomy_info":{"product_cat":[{"value":1323,"label":"Tables d'appoint"}],"product_tag":[{"value":1824,"label":"SOL"}]},"featured_image_src_large":["https:\/\/www.avenuedesigncanada.com\/wp-content\/uploads\/2026\/01\/111728_20-1024x819.webp",1024,819,true],"author_info":[],"comment_info":"","_links":{"self":[{"href":"https:\/\/www.avenuedesigncanada.com\/fr\/wp-json\/wp\/v2\/product\/401803","targetHints":{"allow":["GET"]}}],"collection":[{"href":"https:\/\/www.avenuedesigncanada.com\/fr\/wp-json\/wp\/v2\/product"}],"about":[{"href":"https:\/\/www.avenuedesigncanada.com\/fr\/wp-json\/wp\/v2\/types\/product"}],"wp:featuredmedia":[{"embeddable":true,"href":"https:\/\/www.avenuedesigncanada.com\/fr\/wp-json\/wp\/v2\/media\/401742"}],"wp:attachment":[{"href":"https:\/\/www.avenuedesigncanada.com\/fr\/wp-json\/wp\/v2\/media?parent=401803"}],"wp:term":[{"taxonomy":"product_brand","embeddable":true,"href":"https:\/\/www.avenuedesigncanada.com\/fr\/wp-json\/wp\/v2\/product_brand?post=401803"},{"taxonomy":"product_cat","embeddable":true,"href":"https:\/\/www.avenuedesigncanada.com\/fr\/wp-json\/wp\/v2\/product_cat?post=401803"},{"taxonomy":"product_tag","embeddable":true,"href":"https:\/\/www.avenuedesigncanada.com\/fr\/wp-json\/wp\/v2\/product_tag?post=401803"}],"curies":[{"name":"wp","href":"https:\/\/api.w.org\/{rel}","templated":true}]}}