{"id":401804,"date":"2026-01-19T10:20:41","date_gmt":"2026-01-19T15:20:41","guid":{"rendered":"https:\/\/www.avenuedesigncanada.com\/product\/tables-dappoint-gigognes-kyrie\/"},"modified":"2026-02-12T10:48:35","modified_gmt":"2026-02-12T15:48:35","slug":"tables-dappoint-gigognes-kyrie","status":"publish","type":"product","link":"https:\/\/www.avenuedesigncanada.com\/fr\/product\/tables-dappoint-gigognes-kyrie\/","title":{"rendered":"Tables d&rsquo;appoint gigognes Kyrie"},"content":{"rendered":"<p> <em> Caract\u00e9ristiques des tables d&rsquo;appoint gigognes Kyrie : <\/em><br \/>\n Mat\u00e9riau &#8211; Marbre<br \/>\nForme &#8211; Ronde<br \/>\nBase \/ pieds &#8211; Fer<br \/>\nFinition de la base &#8211; Noir \/ Laiton antique<br \/>\nFinition du mat\u00e9riau &#8211; Noir<br \/>\nVous avez des questions sur ce produit ?<br \/>\nNos designers sont l\u00e0 pour vous aider.<br \/>\nAppelez-nous au (514) 340-9351<\/p>\n","protected":false},"excerpt":{"rendered":"<p>Un ensemble surr\u00e9aliste de tables d&rsquo;appoint gigognes. Chaque table est dot\u00e9e d&rsquo;un plateau en marbre noir spectaculaire et de pieds en fer noir et laiton antique finis \u00e0 la main. Ce design a \u00e9t\u00e9 r\u00e9alis\u00e9 par des artisans locaux qualifi\u00e9s, dans le cadre d&rsquo;un travail artisanal raffin\u00e9. Par nature, ces mat\u00e9riaux pr\u00e9sentent des imperfections uniques telles que des fissures, des marques et des variations de couleur, ce qui en fait des pi\u00e8ces uniques.   <\/p>\n","protected":false},"featured_media":401677,"template":"","meta":{"_kad_blocks_custom_css":"","_kad_blocks_head_custom_js":"","_kad_blocks_body_custom_js":"","_kad_blocks_footer_custom_js":"","_kad_post_transparent":"","_kad_post_title":"","_kad_post_layout":"","_kad_post_sidebar_id":"","_kad_post_content_style":"","_kad_post_vertical_padding":"","_kad_post_feature":"","_kad_post_feature_position":"","_kad_post_header":false,"_kad_post_footer":false,"_kad_post_classname":""},"product_brand":[],"product_cat":[1323],"product_tag":[1824],"class_list":{"0":"post-401804","1":"product","2":"type-product","3":"status-publish","4":"has-post-thumbnail","6":"product_cat-salon-tables-dappoint","7":"product_tag-sol-fr","9":"first","10":"instock","11":"taxable","12":"shipping-taxable","13":"product-type-simple","14":"entry","15":"content-bg","16":"loop-entry"},"taxonomy_info":{"product_cat":[{"value":1323,"label":"Tables d'appoint"}],"product_tag":[{"value":1824,"label":"SOL"}]},"featured_image_src_large":["https:\/\/www.avenuedesigncanada.com\/wp-content\/uploads\/2026\/01\/106291_20.webp",1000,800,false],"author_info":[],"comment_info":"","_links":{"self":[{"href":"https:\/\/www.avenuedesigncanada.com\/fr\/wp-json\/wp\/v2\/product\/401804","targetHints":{"allow":["GET"]}}],"collection":[{"href":"https:\/\/www.avenuedesigncanada.com\/fr\/wp-json\/wp\/v2\/product"}],"about":[{"href":"https:\/\/www.avenuedesigncanada.com\/fr\/wp-json\/wp\/v2\/types\/product"}],"wp:featuredmedia":[{"embeddable":true,"href":"https:\/\/www.avenuedesigncanada.com\/fr\/wp-json\/wp\/v2\/media\/401677"}],"wp:attachment":[{"href":"https:\/\/www.avenuedesigncanada.com\/fr\/wp-json\/wp\/v2\/media?parent=401804"}],"wp:term":[{"taxonomy":"product_brand","embeddable":true,"href":"https:\/\/www.avenuedesigncanada.com\/fr\/wp-json\/wp\/v2\/product_brand?post=401804"},{"taxonomy":"product_cat","embeddable":true,"href":"https:\/\/www.avenuedesigncanada.com\/fr\/wp-json\/wp\/v2\/product_cat?post=401804"},{"taxonomy":"product_tag","embeddable":true,"href":"https:\/\/www.avenuedesigncanada.com\/fr\/wp-json\/wp\/v2\/product_tag?post=401804"}],"curies":[{"name":"wp","href":"https:\/\/api.w.org\/{rel}","templated":true}]}}