{"id":401806,"date":"2026-01-19T10:20:50","date_gmt":"2026-01-19T15:20:50","guid":{"rendered":"https:\/\/www.avenuedesigncanada.com\/product\/table-dappoint-sumie\/"},"modified":"2026-02-12T10:48:35","modified_gmt":"2026-02-12T15:48:35","slug":"table-dappoint-sumie","status":"publish","type":"product","link":"https:\/\/www.avenuedesigncanada.com\/fr\/product\/table-dappoint-sumie\/","title":{"rendered":"Table d&rsquo;appoint Sumie"},"content":{"rendered":"<p> <em> Les caract\u00e9ristiques de la table d&rsquo;appoint Sumie : <\/em><br \/>\n Mat\u00e9riau &#8211; B\u00e9ton<br \/>\nForme &#8211; Ronde<br \/>\nBase \/ B\u00e9ton<br \/>\nFinition de la base &#8211; Blanc<br \/>\nFinition du mat\u00e9riau &#8211; Blanc<br \/>\nVous avez des questions sur ce produit ?<br \/>\nNos designers sont l\u00e0 pour vous aider.<br \/>\nAppelez-nous au (514) 340-9351<\/p>\n","protected":false},"excerpt":{"rendered":"<p>La table d&rsquo;appoint Sumie pr\u00e9sente un \u00e9tonnant design contemporain bicolore. Cette table d&rsquo;appoint circulaire pr\u00e9sente une pi\u00e8ce centrale sculpt\u00e9e unique qui attire l&rsquo;attention.<br \/>\nCaract\u00e9ristiques et avantages<br \/>\nFinition peinte \u00e0 la main<br \/>\nLe b\u00e9ton renforc\u00e9 de fibres de verre est incroyablement r\u00e9sistant et durable<br \/>\nScell\u00e9 avec une couche de finition acrylique pour une protection suppl\u00e9mentaire contre l&rsquo;humidit\u00e9 et les taches<br \/>\nLes variations de couleur, de texture, les imperfections, les rayures de surface et les fissures capillaires non structurelles sont des qualit\u00e9s inh\u00e9rentes et appr\u00e9ci\u00e9es du b\u00e9ton.<br \/>\nAppliquez des couvertures de protection lorsque vous n&rsquo;utilisez pas le b\u00e9ton et pendant les saisons et les conditions m\u00e9t\u00e9orologiques extr\u00eames afin de prolonger la dur\u00e9e de vie des articles d&rsquo;ext\u00e9rieur. <\/p>\n","protected":false},"featured_media":401738,"template":"","meta":{"_kad_blocks_custom_css":"","_kad_blocks_head_custom_js":"","_kad_blocks_body_custom_js":"","_kad_blocks_footer_custom_js":"","_kad_post_transparent":"","_kad_post_title":"","_kad_post_layout":"","_kad_post_sidebar_id":"","_kad_post_content_style":"","_kad_post_vertical_padding":"","_kad_post_feature":"","_kad_post_feature_position":"","_kad_post_header":false,"_kad_post_footer":false,"_kad_post_classname":""},"product_brand":[],"product_cat":[1323],"product_tag":[1824],"class_list":{"0":"post-401806","1":"product","2":"type-product","3":"status-publish","4":"has-post-thumbnail","6":"product_cat-salon-tables-dappoint","7":"product_tag-sol-fr","9":"first","10":"instock","11":"taxable","12":"shipping-taxable","13":"product-type-simple","14":"entry","15":"content-bg","16":"loop-entry"},"taxonomy_info":{"product_cat":[{"value":1323,"label":"Tables d'appoint"}],"product_tag":[{"value":1824,"label":"SOL"}]},"featured_image_src_large":["https:\/\/www.avenuedesigncanada.com\/wp-content\/uploads\/2026\/01\/111365_20-1024x819.webp",1024,819,true],"author_info":[],"comment_info":"","_links":{"self":[{"href":"https:\/\/www.avenuedesigncanada.com\/fr\/wp-json\/wp\/v2\/product\/401806","targetHints":{"allow":["GET"]}}],"collection":[{"href":"https:\/\/www.avenuedesigncanada.com\/fr\/wp-json\/wp\/v2\/product"}],"about":[{"href":"https:\/\/www.avenuedesigncanada.com\/fr\/wp-json\/wp\/v2\/types\/product"}],"wp:featuredmedia":[{"embeddable":true,"href":"https:\/\/www.avenuedesigncanada.com\/fr\/wp-json\/wp\/v2\/media\/401738"}],"wp:attachment":[{"href":"https:\/\/www.avenuedesigncanada.com\/fr\/wp-json\/wp\/v2\/media?parent=401806"}],"wp:term":[{"taxonomy":"product_brand","embeddable":true,"href":"https:\/\/www.avenuedesigncanada.com\/fr\/wp-json\/wp\/v2\/product_brand?post=401806"},{"taxonomy":"product_cat","embeddable":true,"href":"https:\/\/www.avenuedesigncanada.com\/fr\/wp-json\/wp\/v2\/product_cat?post=401806"},{"taxonomy":"product_tag","embeddable":true,"href":"https:\/\/www.avenuedesigncanada.com\/fr\/wp-json\/wp\/v2\/product_tag?post=401806"}],"curies":[{"name":"wp","href":"https:\/\/api.w.org\/{rel}","templated":true}]}}