{"id":401807,"date":"2026-01-19T10:20:38","date_gmt":"2026-01-19T15:20:38","guid":{"rendered":"https:\/\/www.avenuedesigncanada.com\/product\/table-dappoint-kamali\/"},"modified":"2026-02-12T10:48:35","modified_gmt":"2026-02-12T15:48:35","slug":"table-dappoint-kamali","status":"publish","type":"product","link":"https:\/\/www.avenuedesigncanada.com\/fr\/product\/table-dappoint-kamali\/","title":{"rendered":"Table d&rsquo;appoint Kamali"},"content":{"rendered":"<p> <em> La table d&rsquo;appoint Kamali pr\u00e9sente les caract\u00e9ristiques suivantes : <\/em><br \/>\n Mat\u00e9riau &#8211; Marbre<br \/>\nForme &#8211; Rectangulaire<br \/>\nBase \/ pieds &#8211; Acier inoxydable<br \/>\nFinition de la base &#8211; Noir \/ Or antique<br \/>\nFinition du mat\u00e9riau &#8211; Mat<br \/>\nVous avez des questions sur ce produit ?<br \/>\nNos designers sont l\u00e0 pour vous aider.<br \/>\nAppelez-nous au (514) 340-9351<\/p>\n","protected":false},"excerpt":{"rendered":"<p>La table d&rsquo;appoint Kamali se caract\u00e9rise par des tons chauds et des lignes modernes et \u00e9pur\u00e9es. Le plateau rectangulaire en marbre beige est magnifiquement soulign\u00e9 par une base en acier inoxydable rev\u00eatue de poudre d&rsquo;or antique. C&rsquo;est le compl\u00e9ment parfait \u00e0 tout espace de vie. Une version table basse est \u00e9galement disponible. Le marbre \u00e9tant un mat\u00e9riau naturel, les veines, les piq\u00fbres, les fissures, les microfissures et les variations de couleur sont autant de caract\u00e9ristiques qui ajoutent au caract\u00e8re unique et \u00e0 la beaut\u00e9 de chaque pi\u00e8ce.    <\/p>\n","protected":false},"featured_media":401607,"template":"","meta":{"_kad_blocks_custom_css":"","_kad_blocks_head_custom_js":"","_kad_blocks_body_custom_js":"","_kad_blocks_footer_custom_js":"","_kad_post_transparent":"","_kad_post_title":"","_kad_post_layout":"","_kad_post_sidebar_id":"","_kad_post_content_style":"","_kad_post_vertical_padding":"","_kad_post_feature":"","_kad_post_feature_position":"","_kad_post_header":false,"_kad_post_footer":false,"_kad_post_classname":""},"product_brand":[],"product_cat":[1323],"product_tag":[1824],"class_list":{"0":"post-401807","1":"product","2":"type-product","3":"status-publish","4":"has-post-thumbnail","6":"product_cat-salon-tables-dappoint","7":"product_tag-sol-fr","9":"first","10":"instock","11":"taxable","12":"shipping-taxable","13":"product-type-simple","14":"entry","15":"content-bg","16":"loop-entry"},"taxonomy_info":{"product_cat":[{"value":1323,"label":"Tables d'appoint"}],"product_tag":[{"value":1824,"label":"SOL"}]},"featured_image_src_large":["https:\/\/www.avenuedesigncanada.com\/wp-content\/uploads\/2026\/01\/110374_1-1024x819.webp",1024,819,true],"author_info":[],"comment_info":"","_links":{"self":[{"href":"https:\/\/www.avenuedesigncanada.com\/fr\/wp-json\/wp\/v2\/product\/401807","targetHints":{"allow":["GET"]}}],"collection":[{"href":"https:\/\/www.avenuedesigncanada.com\/fr\/wp-json\/wp\/v2\/product"}],"about":[{"href":"https:\/\/www.avenuedesigncanada.com\/fr\/wp-json\/wp\/v2\/types\/product"}],"wp:featuredmedia":[{"embeddable":true,"href":"https:\/\/www.avenuedesigncanada.com\/fr\/wp-json\/wp\/v2\/media\/401607"}],"wp:attachment":[{"href":"https:\/\/www.avenuedesigncanada.com\/fr\/wp-json\/wp\/v2\/media?parent=401807"}],"wp:term":[{"taxonomy":"product_brand","embeddable":true,"href":"https:\/\/www.avenuedesigncanada.com\/fr\/wp-json\/wp\/v2\/product_brand?post=401807"},{"taxonomy":"product_cat","embeddable":true,"href":"https:\/\/www.avenuedesigncanada.com\/fr\/wp-json\/wp\/v2\/product_cat?post=401807"},{"taxonomy":"product_tag","embeddable":true,"href":"https:\/\/www.avenuedesigncanada.com\/fr\/wp-json\/wp\/v2\/product_tag?post=401807"}],"curies":[{"name":"wp","href":"https:\/\/api.w.org\/{rel}","templated":true}]}}