{"id":401812,"date":"2026-01-19T10:20:43","date_gmt":"2026-01-19T15:20:43","guid":{"rendered":"https:\/\/www.avenuedesigncanada.com\/product\/table-dappoint-monaco\/"},"modified":"2026-02-12T10:48:37","modified_gmt":"2026-02-12T15:48:37","slug":"table-dappoint-monaco","status":"publish","type":"product","link":"https:\/\/www.avenuedesigncanada.com\/fr\/product\/table-dappoint-monaco\/","title":{"rendered":"Table d&rsquo;appoint Monaco"},"content":{"rendered":"<p> <em> Les caract\u00e9ristiques de la table d&rsquo;appoint Monaco : <\/em><br \/>\n Mat\u00e9riau &#8211; Bois<br \/>\nForme &#8211; Ronde<br \/>\nBase \/ Marbre \/ Fer<br \/>\nFinition de la base &#8211; Or \/ Gris<br \/>\nFinition du mat\u00e9riau &#8211; Noir<br \/>\nVous avez des questions sur ce produit ?<br \/>\nNos designers sont l\u00e0 pour vous aider.<br \/>\nAppelez-nous au (514) 340-9351<\/p>\n","protected":false},"excerpt":{"rendered":"<p>Cette table d&rsquo;appoint offre un look moderne avec une touche organique. Elle se compose d&rsquo;une base en marbre gris clair et en fer dor\u00e9 bross\u00e9 et d&rsquo;un plateau en placage de ch\u00eane fini gris anthracite. \u00c9galement disponible avec une base en marbre gris clair et en fer gris fonc\u00e9 avec un plateau en placage de ch\u00eane \u00e0 finition terre d&rsquo;ombre. Associez-la \u00e0 la table basse assortie pour lui donner plus d&rsquo;ampleur. Le marbre \u00e9tant un mat\u00e9riau naturel, les veines, les piq\u00fbres, les fissures, les microfissures et les variations de couleur sont autant de caract\u00e9ristiques qui ajoutent au caract\u00e8re unique et \u00e0 la beaut\u00e9 de chaque pi\u00e8ce.    <\/p>\n","protected":false},"featured_media":401686,"template":"","meta":{"_kad_blocks_custom_css":"","_kad_blocks_head_custom_js":"","_kad_blocks_body_custom_js":"","_kad_blocks_footer_custom_js":"","_kad_post_transparent":"","_kad_post_title":"","_kad_post_layout":"","_kad_post_sidebar_id":"","_kad_post_content_style":"","_kad_post_vertical_padding":"","_kad_post_feature":"","_kad_post_feature_position":"","_kad_post_header":false,"_kad_post_footer":false,"_kad_post_classname":""},"product_brand":[],"product_cat":[1323],"product_tag":[1824],"class_list":{"0":"post-401812","1":"product","2":"type-product","3":"status-publish","4":"has-post-thumbnail","6":"product_cat-salon-tables-dappoint","7":"product_tag-sol-fr","9":"first","10":"instock","11":"taxable","12":"shipping-taxable","13":"product-type-simple","14":"entry","15":"content-bg","16":"loop-entry"},"taxonomy_info":{"product_cat":[{"value":1323,"label":"Tables d'appoint"}],"product_tag":[{"value":1824,"label":"SOL"}]},"featured_image_src_large":["https:\/\/www.avenuedesigncanada.com\/wp-content\/uploads\/2026\/01\/104629_1.webp",1000,800,false],"author_info":[],"comment_info":"","_links":{"self":[{"href":"https:\/\/www.avenuedesigncanada.com\/fr\/wp-json\/wp\/v2\/product\/401812","targetHints":{"allow":["GET"]}}],"collection":[{"href":"https:\/\/www.avenuedesigncanada.com\/fr\/wp-json\/wp\/v2\/product"}],"about":[{"href":"https:\/\/www.avenuedesigncanada.com\/fr\/wp-json\/wp\/v2\/types\/product"}],"wp:featuredmedia":[{"embeddable":true,"href":"https:\/\/www.avenuedesigncanada.com\/fr\/wp-json\/wp\/v2\/media\/401686"}],"wp:attachment":[{"href":"https:\/\/www.avenuedesigncanada.com\/fr\/wp-json\/wp\/v2\/media?parent=401812"}],"wp:term":[{"taxonomy":"product_brand","embeddable":true,"href":"https:\/\/www.avenuedesigncanada.com\/fr\/wp-json\/wp\/v2\/product_brand?post=401812"},{"taxonomy":"product_cat","embeddable":true,"href":"https:\/\/www.avenuedesigncanada.com\/fr\/wp-json\/wp\/v2\/product_cat?post=401812"},{"taxonomy":"product_tag","embeddable":true,"href":"https:\/\/www.avenuedesigncanada.com\/fr\/wp-json\/wp\/v2\/product_tag?post=401812"}],"curies":[{"name":"wp","href":"https:\/\/api.w.org\/{rel}","templated":true}]}}