{"id":401814,"date":"2026-01-19T10:20:37","date_gmt":"2026-01-19T15:20:37","guid":{"rendered":"https:\/\/www.avenuedesigncanada.com\/product\/table-dappoint-frida\/"},"modified":"2026-02-12T10:48:37","modified_gmt":"2026-02-12T15:48:37","slug":"table-dappoint-frida","status":"publish","type":"product","link":"https:\/\/www.avenuedesigncanada.com\/fr\/product\/table-dappoint-frida\/","title":{"rendered":"Table d&rsquo;appoint Frida"},"content":{"rendered":"<p> <em> La table d&rsquo;appoint Frida pr\u00e9sente les caract\u00e9ristiques suivantes : <\/em><br \/>\n Mat\u00e9riau &#8211; Acier inoxydable<br \/>\nForme &#8211; Ronde<br \/>\nBase \/ pieds &#8211; Fer<br \/>\nFinition de la base &#8211; Noir \/ Laiton antique<br \/>\nFinition du mat\u00e9riau &#8211; Laiton antique<br \/>\nVous avez des questions sur ce produit ?<br \/>\nNos designers sont l\u00e0 pour vous aider.<br \/>\nAppelez-nous au (514) 340-9351<\/p>\n","protected":false},"excerpt":{"rendered":"<p>Cette table d&rsquo;appoint est la pi\u00e8ce d&rsquo;accentuation parfaite pour tout espace, elle est faite pour se d\u00e9marquer. Elle est compos\u00e9e d&rsquo;acier inoxydable avec une finition ombr\u00e9e polie en laiton antique et en noir. Une table basse coordonn\u00e9e est \u00e9galement disponible. Gr\u00e2ce \u00e0 un savoir-faire raffin\u00e9, ce design a \u00e9t\u00e9 donn\u00e9 vie par des artisans locaux qualifi\u00e9s. Par nature, ces mat\u00e9riaux pr\u00e9sentent des imperfections uniques telles que des fissures, des marques et des variations de couleur, pour une pi\u00e8ce vraiment unique.    <\/p>\n","protected":false},"featured_media":401601,"template":"","meta":{"_kad_blocks_custom_css":"","_kad_blocks_head_custom_js":"","_kad_blocks_body_custom_js":"","_kad_blocks_footer_custom_js":"","_kad_post_transparent":"","_kad_post_title":"","_kad_post_layout":"","_kad_post_sidebar_id":"","_kad_post_content_style":"","_kad_post_vertical_padding":"","_kad_post_feature":"","_kad_post_feature_position":"","_kad_post_header":false,"_kad_post_footer":false,"_kad_post_classname":""},"product_brand":[],"product_cat":[1323],"product_tag":[1824],"class_list":{"0":"post-401814","1":"product","2":"type-product","3":"status-publish","4":"has-post-thumbnail","6":"product_cat-salon-tables-dappoint","7":"product_tag-sol-fr","9":"first","10":"instock","11":"taxable","12":"shipping-taxable","13":"product-type-simple","14":"entry","15":"content-bg","16":"loop-entry"},"taxonomy_info":{"product_cat":[{"value":1323,"label":"Tables d'appoint"}],"product_tag":[{"value":1824,"label":"SOL"}]},"featured_image_src_large":["https:\/\/www.avenuedesigncanada.com\/wp-content\/uploads\/2026\/01\/107968_1.webp",1000,800,false],"author_info":[],"comment_info":"","_links":{"self":[{"href":"https:\/\/www.avenuedesigncanada.com\/fr\/wp-json\/wp\/v2\/product\/401814","targetHints":{"allow":["GET"]}}],"collection":[{"href":"https:\/\/www.avenuedesigncanada.com\/fr\/wp-json\/wp\/v2\/product"}],"about":[{"href":"https:\/\/www.avenuedesigncanada.com\/fr\/wp-json\/wp\/v2\/types\/product"}],"wp:featuredmedia":[{"embeddable":true,"href":"https:\/\/www.avenuedesigncanada.com\/fr\/wp-json\/wp\/v2\/media\/401601"}],"wp:attachment":[{"href":"https:\/\/www.avenuedesigncanada.com\/fr\/wp-json\/wp\/v2\/media?parent=401814"}],"wp:term":[{"taxonomy":"product_brand","embeddable":true,"href":"https:\/\/www.avenuedesigncanada.com\/fr\/wp-json\/wp\/v2\/product_brand?post=401814"},{"taxonomy":"product_cat","embeddable":true,"href":"https:\/\/www.avenuedesigncanada.com\/fr\/wp-json\/wp\/v2\/product_cat?post=401814"},{"taxonomy":"product_tag","embeddable":true,"href":"https:\/\/www.avenuedesigncanada.com\/fr\/wp-json\/wp\/v2\/product_tag?post=401814"}],"curies":[{"name":"wp","href":"https:\/\/api.w.org\/{rel}","templated":true}]}}