{"id":401815,"date":"2026-01-19T10:20:42","date_gmt":"2026-01-19T15:20:42","guid":{"rendered":"https:\/\/www.avenuedesigncanada.com\/product\/table-dappoint-lamont\/"},"modified":"2026-02-12T10:48:38","modified_gmt":"2026-02-12T15:48:38","slug":"table-dappoint-lamont","status":"publish","type":"product","link":"https:\/\/www.avenuedesigncanada.com\/fr\/product\/table-dappoint-lamont\/","title":{"rendered":"Table d&rsquo;appoint Lamont"},"content":{"rendered":"<p> <em> Caract\u00e9ristiques de la table d&rsquo;appoint Lamont : <\/em><br \/>\n Mat\u00e9riau &#8211; Verre<br \/>\nForme &#8211; Ovale<br \/>\nBase \/ pieds &#8211; Verre<br \/>\nFinition de la base &#8211; Noir \/ Brun<br \/>\nFinition du mat\u00e9riau &#8211; Noir<br \/>\nVous avez des questions sur ce produit ?<br \/>\nNos designers sont l\u00e0 pour vous aider.<br \/>\nAppelez-nous au (514) 340-9351<\/p>\n","protected":false},"excerpt":{"rendered":"<p>D\u00e9finie par sa forme fabuleuse, cette \u00e9tonnante table d&rsquo;appoint pr\u00e9sente une forme non conventionnelle qui captivera n&rsquo;importe quel espace. Elle est compos\u00e9e d&rsquo;un plateau en verre noir et d&rsquo;une base en b\u00e9ton marron fonc\u00e9 \u00e0 effet bois. Un rebord m\u00e9tallique en laiton peint par poudrage compl\u00e8te l&rsquo;ensemble. Fabriqu\u00e9e \u00e0 partir d&rsquo;un m\u00e9lange de b\u00e9ton naturel, chaque pi\u00e8ce est diff\u00e9rente. Les variations de couleur, de texture, les imperfections, les rayures de surface et les fissures capillaires non structurelles sont consid\u00e9r\u00e9es comme des qualit\u00e9s inh\u00e9rentes et pr\u00e9cieuses du mat\u00e9riau.    <\/p>\n","protected":false},"featured_media":401683,"template":"","meta":{"_kad_blocks_custom_css":"","_kad_blocks_head_custom_js":"","_kad_blocks_body_custom_js":"","_kad_blocks_footer_custom_js":"","_kad_post_transparent":"","_kad_post_title":"","_kad_post_layout":"","_kad_post_sidebar_id":"","_kad_post_content_style":"","_kad_post_vertical_padding":"","_kad_post_feature":"","_kad_post_feature_position":"","_kad_post_header":false,"_kad_post_footer":false,"_kad_post_classname":""},"product_brand":[],"product_cat":[1323],"product_tag":[1824],"class_list":{"0":"post-401815","1":"product","2":"type-product","3":"status-publish","4":"has-post-thumbnail","6":"product_cat-salon-tables-dappoint","7":"product_tag-sol-fr","9":"first","10":"instock","11":"taxable","12":"shipping-taxable","13":"product-type-simple","14":"entry","15":"content-bg","16":"loop-entry"},"taxonomy_info":{"product_cat":[{"value":1323,"label":"Tables d'appoint"}],"product_tag":[{"value":1824,"label":"SOL"}]},"featured_image_src_large":["https:\/\/www.avenuedesigncanada.com\/wp-content\/uploads\/2026\/01\/107189_20.webp",1000,800,false],"author_info":[],"comment_info":"","_links":{"self":[{"href":"https:\/\/www.avenuedesigncanada.com\/fr\/wp-json\/wp\/v2\/product\/401815","targetHints":{"allow":["GET"]}}],"collection":[{"href":"https:\/\/www.avenuedesigncanada.com\/fr\/wp-json\/wp\/v2\/product"}],"about":[{"href":"https:\/\/www.avenuedesigncanada.com\/fr\/wp-json\/wp\/v2\/types\/product"}],"wp:featuredmedia":[{"embeddable":true,"href":"https:\/\/www.avenuedesigncanada.com\/fr\/wp-json\/wp\/v2\/media\/401683"}],"wp:attachment":[{"href":"https:\/\/www.avenuedesigncanada.com\/fr\/wp-json\/wp\/v2\/media?parent=401815"}],"wp:term":[{"taxonomy":"product_brand","embeddable":true,"href":"https:\/\/www.avenuedesigncanada.com\/fr\/wp-json\/wp\/v2\/product_brand?post=401815"},{"taxonomy":"product_cat","embeddable":true,"href":"https:\/\/www.avenuedesigncanada.com\/fr\/wp-json\/wp\/v2\/product_cat?post=401815"},{"taxonomy":"product_tag","embeddable":true,"href":"https:\/\/www.avenuedesigncanada.com\/fr\/wp-json\/wp\/v2\/product_tag?post=401815"}],"curies":[{"name":"wp","href":"https:\/\/api.w.org\/{rel}","templated":true}]}}