{"id":401817,"date":"2026-01-19T10:20:32","date_gmt":"2026-01-19T15:20:32","guid":{"rendered":"https:\/\/www.avenuedesigncanada.com\/product\/table-dappoint-daines\/"},"modified":"2026-02-12T10:48:40","modified_gmt":"2026-02-12T15:48:40","slug":"table-dappoint-daines","status":"publish","type":"product","link":"https:\/\/www.avenuedesigncanada.com\/fr\/product\/table-dappoint-daines\/","title":{"rendered":"Table d&rsquo;appoint Daines"},"content":{"rendered":"<p> <em> La table d&rsquo;appoint Daines pr\u00e9sente les caract\u00e9ristiques suivantes : <\/em><br \/>\n Mat\u00e9riau &#8211; Marbre<br \/>\nForme &#8211; Carr\u00e9e<br \/>\nBase \/ pieds &#8211; Acier<br \/>\nFinition de la base &#8211; Laiton antique<br \/>\nFinition du mat\u00e9riau &#8211; Blanc<br \/>\nVous avez des questions sur ce produit ?<br \/>\nNos designers sont l\u00e0 pour vous aider.<br \/>\nAppelez-nous au (514) 340-9351<\/p>\n","protected":false},"excerpt":{"rendered":"<p>Cette table d&rsquo;appoint en marbre \u00e9voque une \u00e9l\u00e9gance rustique. Le design audacieux est compl\u00e9t\u00e9 par une incrustation et une base en laiton antique. Disponible en marbre blanc et gris. Le marbre \u00e9tant un mat\u00e9riau naturel, les veines, les piq\u00fbres, les fissures, les microfissures et les variations de couleur sont autant de caract\u00e9ristiques qui ajoutent au caract\u00e8re unique et \u00e0 la beaut\u00e9 de chaque pi\u00e8ce. Cr\u00e9ez un espace de vie ou de bureau \u00e9l\u00e9gant en l&rsquo;associant \u00e0 la biblioth\u00e8que coordonn\u00e9e. Gr\u00e2ce \u00e0 un savoir-faire raffin\u00e9, ce design a \u00e9t\u00e9 donn\u00e9 vie par des artisans locaux qualifi\u00e9s. Par nature, ces mat\u00e9riaux pr\u00e9sentent des imperfections uniques telles que des fissures, des marques et des variations de couleur, ce qui en fait des pi\u00e8ces uniques.      <\/p>\n","protected":false},"featured_media":401564,"template":"","meta":{"_kad_blocks_custom_css":"","_kad_blocks_head_custom_js":"","_kad_blocks_body_custom_js":"","_kad_blocks_footer_custom_js":"","_kad_post_transparent":"","_kad_post_title":"","_kad_post_layout":"","_kad_post_sidebar_id":"","_kad_post_content_style":"","_kad_post_vertical_padding":"","_kad_post_feature":"","_kad_post_feature_position":"","_kad_post_header":false,"_kad_post_footer":false,"_kad_post_classname":""},"product_brand":[],"product_cat":[1323],"product_tag":[1824],"class_list":{"0":"post-401817","1":"product","2":"type-product","3":"status-publish","4":"has-post-thumbnail","6":"product_cat-salon-tables-dappoint","7":"product_tag-sol-fr","9":"first","10":"instock","11":"taxable","12":"shipping-taxable","13":"product-type-simple","14":"entry","15":"content-bg","16":"loop-entry"},"taxonomy_info":{"product_cat":[{"value":1323,"label":"Tables d'appoint"}],"product_tag":[{"value":1824,"label":"SOL"}]},"featured_image_src_large":["https:\/\/www.avenuedesigncanada.com\/wp-content\/uploads\/2026\/01\/107023.jpg",533,426,false],"author_info":[],"comment_info":"","_links":{"self":[{"href":"https:\/\/www.avenuedesigncanada.com\/fr\/wp-json\/wp\/v2\/product\/401817","targetHints":{"allow":["GET"]}}],"collection":[{"href":"https:\/\/www.avenuedesigncanada.com\/fr\/wp-json\/wp\/v2\/product"}],"about":[{"href":"https:\/\/www.avenuedesigncanada.com\/fr\/wp-json\/wp\/v2\/types\/product"}],"wp:featuredmedia":[{"embeddable":true,"href":"https:\/\/www.avenuedesigncanada.com\/fr\/wp-json\/wp\/v2\/media\/401564"}],"wp:attachment":[{"href":"https:\/\/www.avenuedesigncanada.com\/fr\/wp-json\/wp\/v2\/media?parent=401817"}],"wp:term":[{"taxonomy":"product_brand","embeddable":true,"href":"https:\/\/www.avenuedesigncanada.com\/fr\/wp-json\/wp\/v2\/product_brand?post=401817"},{"taxonomy":"product_cat","embeddable":true,"href":"https:\/\/www.avenuedesigncanada.com\/fr\/wp-json\/wp\/v2\/product_cat?post=401817"},{"taxonomy":"product_tag","embeddable":true,"href":"https:\/\/www.avenuedesigncanada.com\/fr\/wp-json\/wp\/v2\/product_tag?post=401817"}],"curies":[{"name":"wp","href":"https:\/\/api.w.org\/{rel}","templated":true}]}}