{"id":401818,"date":"2026-01-19T10:20:46","date_gmt":"2026-01-19T15:20:46","guid":{"rendered":"https:\/\/www.avenuedesigncanada.com\/product\/table-dappoint-patras\/"},"modified":"2026-02-12T10:48:40","modified_gmt":"2026-02-12T15:48:40","slug":"table-dappoint-patras","status":"publish","type":"product","link":"https:\/\/www.avenuedesigncanada.com\/fr\/product\/table-dappoint-patras\/","title":{"rendered":"Table d&rsquo;appoint Patras"},"content":{"rendered":"<p> <em> Les caract\u00e9ristiques de la table d&rsquo;appoint Patras : <\/em><br \/>\n Mat\u00e9riau &#8211; B\u00e9ton<br \/>\nForme &#8211; Ronde<br \/>\nBase \/ B\u00e9ton<br \/>\nFinition de la base &#8211; Brun clair<br \/>\nFinition du mat\u00e9riau &#8211; Cr\u00e8me<br \/>\nVous avez des questions sur ce produit ?<br \/>\nNos designers sont l\u00e0 pour vous aider.<br \/>\nAppelez-nous au (514) 340-9351<\/p>\n","protected":false},"excerpt":{"rendered":"<p>L&rsquo;\u00e9tonnante forme sculpturale de la table d&rsquo;appoint Patras en fait un compl\u00e9ment id\u00e9al \u00e0 tout espace. Enti\u00e8rement construite en b\u00e9ton, cette table est dot\u00e9e d&rsquo;un plateau textur\u00e9 \u00e0 hauteur variable qui s&rsquo;appuie sur une base ronde astucieusement con\u00e7ue pour ressembler \u00e0 du bois de ch\u00eane rustique.<br \/>\nCaract\u00e9ristiques et avantages<br \/>\nLe b\u00e9ton renforc\u00e9 de fibres de verre est incroyablement durable.<br \/>\nScell\u00e9 avec une couche de finition pour une protection accrue contre l&rsquo;humidit\u00e9 et les taches.<br \/>\nLes poches d&rsquo;air naturelles sont visibles et remplies d&rsquo;\u00e9poxy, ce qui rend chaque pi\u00e8ce unique.<br \/>\nFabriqu\u00e9e \u00e0 partir d&rsquo;un m\u00e9lange de b\u00e9ton naturel, chaque pi\u00e8ce aura un aspect diff\u00e9rent.<br \/>\nLes variations de couleur, de texture, les imperfections, les rayures de surface et les fissures capillaires non structurelles sont des qualit\u00e9s inh\u00e9rentes et appr\u00e9ci\u00e9es du b\u00e9ton.<br \/>\nAppliquez des housses de protection ou rangez-les \u00e0 l&rsquo;int\u00e9rieur lorsqu&rsquo;ils ne sont pas utilis\u00e9s et en cas de mauvais temps, afin de prolonger la dur\u00e9e de vie des meubles d&rsquo;ext\u00e9rieur.<\/p>\n","protected":false},"featured_media":401708,"template":"","meta":{"_kad_blocks_custom_css":"","_kad_blocks_head_custom_js":"","_kad_blocks_body_custom_js":"","_kad_blocks_footer_custom_js":"","_kad_post_transparent":"","_kad_post_title":"","_kad_post_layout":"","_kad_post_sidebar_id":"","_kad_post_content_style":"","_kad_post_vertical_padding":"","_kad_post_feature":"","_kad_post_feature_position":"","_kad_post_header":false,"_kad_post_footer":false,"_kad_post_classname":""},"product_brand":[],"product_cat":[2178,1323],"product_tag":[1824],"class_list":{"0":"post-401818","1":"product","2":"type-product","3":"status-publish","4":"has-post-thumbnail","6":"product_cat-table-dappoint-dexterieur","7":"product_cat-salon-tables-dappoint","8":"product_tag-sol-fr","10":"first","11":"instock","12":"taxable","13":"shipping-taxable","14":"product-type-simple","15":"entry","16":"content-bg","17":"loop-entry"},"taxonomy_info":{"product_cat":[{"value":2178,"label":"Table d'appoint d'ext\u00e9rieur"},{"value":1323,"label":"Tables d'appoint"}],"product_tag":[{"value":1824,"label":"SOL"}]},"featured_image_src_large":["https:\/\/www.avenuedesigncanada.com\/wp-content\/uploads\/2026\/01\/111270_21-1024x819.webp",1024,819,true],"author_info":[],"comment_info":"","_links":{"self":[{"href":"https:\/\/www.avenuedesigncanada.com\/fr\/wp-json\/wp\/v2\/product\/401818","targetHints":{"allow":["GET"]}}],"collection":[{"href":"https:\/\/www.avenuedesigncanada.com\/fr\/wp-json\/wp\/v2\/product"}],"about":[{"href":"https:\/\/www.avenuedesigncanada.com\/fr\/wp-json\/wp\/v2\/types\/product"}],"wp:featuredmedia":[{"embeddable":true,"href":"https:\/\/www.avenuedesigncanada.com\/fr\/wp-json\/wp\/v2\/media\/401708"}],"wp:attachment":[{"href":"https:\/\/www.avenuedesigncanada.com\/fr\/wp-json\/wp\/v2\/media?parent=401818"}],"wp:term":[{"taxonomy":"product_brand","embeddable":true,"href":"https:\/\/www.avenuedesigncanada.com\/fr\/wp-json\/wp\/v2\/product_brand?post=401818"},{"taxonomy":"product_cat","embeddable":true,"href":"https:\/\/www.avenuedesigncanada.com\/fr\/wp-json\/wp\/v2\/product_cat?post=401818"},{"taxonomy":"product_tag","embeddable":true,"href":"https:\/\/www.avenuedesigncanada.com\/fr\/wp-json\/wp\/v2\/product_tag?post=401818"}],"curies":[{"name":"wp","href":"https:\/\/api.w.org\/{rel}","templated":true}]}}