{"id":401819,"date":"2026-01-19T10:20:48","date_gmt":"2026-01-19T15:20:48","guid":{"rendered":"https:\/\/www.avenuedesigncanada.com\/product\/table-dappoint-roshni\/"},"modified":"2026-02-12T10:48:41","modified_gmt":"2026-02-12T15:48:41","slug":"table-dappoint-roshni","status":"publish","type":"product","link":"https:\/\/www.avenuedesigncanada.com\/fr\/product\/table-dappoint-roshni\/","title":{"rendered":"Table d&rsquo;appoint Roshni"},"content":{"rendered":"<p> <em> Les caract\u00e9ristiques de la table d&rsquo;appoint Roshni : <\/em><br \/>\n Mat\u00e9riau &#8211; Travertin<br \/>\nForme &#8211; Ovale<br \/>\nBase \/ Fer<br \/>\nFinition de la base &#8211; Or antique<br \/>\nFinition du mat\u00e9riau &#8211; Naturel<br \/>\nVous avez des questions sur ce produit ?<br \/>\nNos designers sont l\u00e0 pour vous aider.<br \/>\nAppelez-nous au (514) 340-9351<\/p>\n","protected":false},"excerpt":{"rendered":"<p>Polyvalente et intemporelle, la table d&rsquo;appoint Roshni s&rsquo;adaptera \u00e0 tous les environnements. Une \u00e9tag\u00e8re et un plateau en travertin naturel ajoutent de la chaleur au design moderne du milieu du si\u00e8cle. Elle est compl\u00e9t\u00e9e par une base en fer recouverte de poudre d&rsquo;or antique.<br \/>\nCaract\u00e9ristiques et avantages<br \/>\nFabriqu\u00e9e \u00e0 la main par des artisans qualifi\u00e9s.<br \/>\nLa structure est construite en acier pour une finition solide et robuste.<br \/>\nLes imperfections uniques telles que les fissures, les marques et les variations de couleur et de forme sont des caract\u00e9ristiques appr\u00e9ci\u00e9es d&rsquo;une pi\u00e8ce vraiment unique.<br \/>\nTravertin naturel provenant de carri\u00e8res r\u00e9put\u00e9es en Turquie.<br \/>\nLa base en acier est dot\u00e9e d&rsquo;un rev\u00eatement en poudre durable.<br \/>\nLes imperfections uniques telles que les fissures, les marques et les variations de couleur et de forme sont des caract\u00e9ristiques appr\u00e9ci\u00e9es d&rsquo;une pi\u00e8ce vraiment unique.<br \/>\nFabriqu\u00e9 \u00e0 partir de travertin, un mat\u00e9riau naturel. Les veines, les piq\u00fbres, les fissures, les microfissures et les variations de couleur uniques ajoutent \u00e0 la beaut\u00e9 de chaque pi\u00e8ce.   <\/p>\n","protected":false},"featured_media":401718,"template":"","meta":{"_kad_blocks_custom_css":"","_kad_blocks_head_custom_js":"","_kad_blocks_body_custom_js":"","_kad_blocks_footer_custom_js":"","_kad_post_transparent":"","_kad_post_title":"","_kad_post_layout":"","_kad_post_sidebar_id":"","_kad_post_content_style":"","_kad_post_vertical_padding":"","_kad_post_feature":"","_kad_post_feature_position":"","_kad_post_header":false,"_kad_post_footer":false,"_kad_post_classname":""},"product_brand":[],"product_cat":[1323],"product_tag":[1824],"class_list":{"0":"post-401819","1":"product","2":"type-product","3":"status-publish","4":"has-post-thumbnail","6":"product_cat-salon-tables-dappoint","7":"product_tag-sol-fr","9":"first","10":"instock","11":"taxable","12":"shipping-taxable","13":"product-type-simple","14":"entry","15":"content-bg","16":"loop-entry"},"taxonomy_info":{"product_cat":[{"value":1323,"label":"Tables d'appoint"}],"product_tag":[{"value":1824,"label":"SOL"}]},"featured_image_src_large":["https:\/\/www.avenuedesigncanada.com\/wp-content\/uploads\/2026\/01\/110617_22-1024x819.webp",1024,819,true],"author_info":[],"comment_info":"","_links":{"self":[{"href":"https:\/\/www.avenuedesigncanada.com\/fr\/wp-json\/wp\/v2\/product\/401819","targetHints":{"allow":["GET"]}}],"collection":[{"href":"https:\/\/www.avenuedesigncanada.com\/fr\/wp-json\/wp\/v2\/product"}],"about":[{"href":"https:\/\/www.avenuedesigncanada.com\/fr\/wp-json\/wp\/v2\/types\/product"}],"wp:featuredmedia":[{"embeddable":true,"href":"https:\/\/www.avenuedesigncanada.com\/fr\/wp-json\/wp\/v2\/media\/401718"}],"wp:attachment":[{"href":"https:\/\/www.avenuedesigncanada.com\/fr\/wp-json\/wp\/v2\/media?parent=401819"}],"wp:term":[{"taxonomy":"product_brand","embeddable":true,"href":"https:\/\/www.avenuedesigncanada.com\/fr\/wp-json\/wp\/v2\/product_brand?post=401819"},{"taxonomy":"product_cat","embeddable":true,"href":"https:\/\/www.avenuedesigncanada.com\/fr\/wp-json\/wp\/v2\/product_cat?post=401819"},{"taxonomy":"product_tag","embeddable":true,"href":"https:\/\/www.avenuedesigncanada.com\/fr\/wp-json\/wp\/v2\/product_tag?post=401819"}],"curies":[{"name":"wp","href":"https:\/\/api.w.org\/{rel}","templated":true}]}}