{"id":401825,"date":"2026-01-19T10:20:26","date_gmt":"2026-01-19T15:20:26","guid":{"rendered":"https:\/\/www.avenuedesigncanada.com\/product\/chizu-tables-dappoint-gigognes\/"},"modified":"2026-02-12T10:48:43","modified_gmt":"2026-02-12T15:48:43","slug":"chizu-tables-dappoint-gigognes","status":"publish","type":"product","link":"https:\/\/www.avenuedesigncanada.com\/fr\/product\/chizu-tables-dappoint-gigognes\/","title":{"rendered":"Chizu Tables d&rsquo;appoint gigognes"},"content":{"rendered":"<p> <em> Les tables d&rsquo;appoint gigognes Chizu pr\u00e9sentent les caract\u00e9ristiques suivantes : <\/em><br \/>\n Mat\u00e9riau &#8211; Marbre<br \/>\nForme &#8211; Ronde<br \/>\nBase \/ pieds &#8211; Aluminium<br \/>\nFinition de la base &#8211; Bronze<br \/>\nFinition du mat\u00e9riau &#8211; Blanc<br \/>\nVous avez des questions sur ce produit ?<br \/>\nNos designers sont l\u00e0 pour vous aider.<br \/>\nAppelez-nous au (514) 340-9351<\/p>\n","protected":false},"excerpt":{"rendered":"<p>Les tables gigognes Chizu jouent sur les proportions et les mat\u00e9riaux compl\u00e9mentaires pour former une paire parfaite. Les plateaux arrondis en marbre blanc de Banswara garantissent que chaque pi\u00e8ce est unique. Les bases en aluminium plaqu\u00e9 pr\u00e9sentent une finition bronze et ajoutent de l&rsquo;uniformit\u00e9.<br \/>\nCaract\u00e9ristiques et avantages<br \/>\nFabriqu\u00e9 \u00e0 la main par des artisans qualifi\u00e9s en Inde.<br \/>\nLes imperfections uniques telles que les fissures, les marques et les variations de couleur et de forme sont des caract\u00e9ristiques appr\u00e9ci\u00e9es d&rsquo;une pi\u00e8ce vraiment unique.<br \/>\nLe marbre est un mat\u00e9riau naturel. Les veines, les piq\u00fbres, les fissures, les microfissures et les variations de couleur uniques ajoutent \u00e0 la beaut\u00e9 organique de chaque pi\u00e8ce.<br \/>\nLe marbre est recouvert d&rsquo;un produit d&rsquo;\u00e9tanch\u00e9it\u00e9 pour une protection accrue contre les taches \u00e0 base d&rsquo;eau.   <\/p>\n","protected":false},"featured_media":401535,"template":"","meta":{"_kad_blocks_custom_css":"","_kad_blocks_head_custom_js":"","_kad_blocks_body_custom_js":"","_kad_blocks_footer_custom_js":"","_kad_post_transparent":"","_kad_post_title":"","_kad_post_layout":"","_kad_post_sidebar_id":"","_kad_post_content_style":"","_kad_post_vertical_padding":"","_kad_post_feature":"","_kad_post_feature_position":"","_kad_post_header":false,"_kad_post_footer":false,"_kad_post_classname":""},"product_brand":[],"product_cat":[1323],"product_tag":[1824],"class_list":{"0":"post-401825","1":"product","2":"type-product","3":"status-publish","4":"has-post-thumbnail","6":"product_cat-salon-tables-dappoint","7":"product_tag-sol-fr","9":"first","10":"instock","11":"taxable","12":"shipping-taxable","13":"product-type-simple","14":"entry","15":"content-bg","16":"loop-entry"},"taxonomy_info":{"product_cat":[{"value":1323,"label":"Tables d'appoint"}],"product_tag":[{"value":1824,"label":"SOL"}]},"featured_image_src_large":["https:\/\/www.avenuedesigncanada.com\/wp-content\/uploads\/2026\/01\/111910_20-1024x819.webp",1024,819,true],"author_info":[],"comment_info":"","_links":{"self":[{"href":"https:\/\/www.avenuedesigncanada.com\/fr\/wp-json\/wp\/v2\/product\/401825","targetHints":{"allow":["GET"]}}],"collection":[{"href":"https:\/\/www.avenuedesigncanada.com\/fr\/wp-json\/wp\/v2\/product"}],"about":[{"href":"https:\/\/www.avenuedesigncanada.com\/fr\/wp-json\/wp\/v2\/types\/product"}],"wp:featuredmedia":[{"embeddable":true,"href":"https:\/\/www.avenuedesigncanada.com\/fr\/wp-json\/wp\/v2\/media\/401535"}],"wp:attachment":[{"href":"https:\/\/www.avenuedesigncanada.com\/fr\/wp-json\/wp\/v2\/media?parent=401825"}],"wp:term":[{"taxonomy":"product_brand","embeddable":true,"href":"https:\/\/www.avenuedesigncanada.com\/fr\/wp-json\/wp\/v2\/product_brand?post=401825"},{"taxonomy":"product_cat","embeddable":true,"href":"https:\/\/www.avenuedesigncanada.com\/fr\/wp-json\/wp\/v2\/product_cat?post=401825"},{"taxonomy":"product_tag","embeddable":true,"href":"https:\/\/www.avenuedesigncanada.com\/fr\/wp-json\/wp\/v2\/product_tag?post=401825"}],"curies":[{"name":"wp","href":"https:\/\/api.w.org\/{rel}","templated":true}]}}