{"id":401826,"date":"2026-01-16T08:37:27","date_gmt":"2026-01-16T13:37:27","guid":{"rendered":"https:\/\/www.avenuedesigncanada.com\/product\/table-dappoint-amarula\/"},"modified":"2026-02-12T10:48:43","modified_gmt":"2026-02-12T15:48:43","slug":"table-dappoint-amarula","status":"publish","type":"product","link":"https:\/\/www.avenuedesigncanada.com\/fr\/product\/table-dappoint-amarula\/","title":{"rendered":"Table d&rsquo;appoint Amarula"},"content":{"rendered":"<p> <em> La table d&rsquo;extr\u00e9mit\u00e9 Amarula pr\u00e9sente les caract\u00e9ristiques suivantes : <\/em><br \/>\nMat\u00e9riau &#8211; B\u00e9ton<br \/>\nForme &#8211; Carr\u00e9e<br \/>\nBase \/ pieds &#8211; Acier<br \/>\nFinition de la base &#8211; Laiton antique<br \/>\nFinition du mat\u00e9riau &#8211; Brun fonc\u00e9<br \/>\nVous avez des questions sur ce produit ?<br \/>\nNos designers sont l\u00e0 pour vous aider.<br \/>\nAppelez-nous au (514) 340-9351<\/p>\n","protected":false},"excerpt":{"rendered":"<p>Chef-d&rsquo;\u0153uvre angulaire, la table d&rsquo;appoint Amarula est une construction \u00e0 couper le souffle, pleine de courbes et de fluidit\u00e9. Fabriqu\u00e9e avec un effet bois sur un plateau en b\u00e9ton et drap\u00e9e de pieds en laiton bross\u00e9 rev\u00eatu de poudre, cette table d&rsquo;appoint est une interpr\u00e9tation moderne d&rsquo;un m\u00e9lange audacieux de mat\u00e9riaux. <\/p>\n","protected":false},"featured_media":401321,"template":"","meta":{"_kad_blocks_custom_css":"","_kad_blocks_head_custom_js":"","_kad_blocks_body_custom_js":"","_kad_blocks_footer_custom_js":"","_kad_post_transparent":"","_kad_post_title":"","_kad_post_layout":"","_kad_post_sidebar_id":"","_kad_post_content_style":"","_kad_post_vertical_padding":"","_kad_post_feature":"","_kad_post_feature_position":"","_kad_post_header":false,"_kad_post_footer":false,"_kad_post_classname":""},"product_brand":[],"product_cat":[2178,1323],"product_tag":[1824],"class_list":{"0":"post-401826","1":"product","2":"type-product","3":"status-publish","4":"has-post-thumbnail","6":"product_cat-table-dappoint-dexterieur","7":"product_cat-salon-tables-dappoint","8":"product_tag-sol-fr","10":"first","11":"instock","12":"taxable","13":"shipping-taxable","14":"product-type-simple","15":"entry","16":"content-bg","17":"loop-entry"},"taxonomy_info":{"product_cat":[{"value":2178,"label":"Table d'appoint d'ext\u00e9rieur"},{"value":1323,"label":"Tables d'appoint"}],"product_tag":[{"value":1824,"label":"SOL"}]},"featured_image_src_large":["https:\/\/www.avenuedesigncanada.com\/wp-content\/uploads\/2026\/01\/111593_22.webp",823,658,false],"author_info":[],"comment_info":"","_links":{"self":[{"href":"https:\/\/www.avenuedesigncanada.com\/fr\/wp-json\/wp\/v2\/product\/401826","targetHints":{"allow":["GET"]}}],"collection":[{"href":"https:\/\/www.avenuedesigncanada.com\/fr\/wp-json\/wp\/v2\/product"}],"about":[{"href":"https:\/\/www.avenuedesigncanada.com\/fr\/wp-json\/wp\/v2\/types\/product"}],"wp:featuredmedia":[{"embeddable":true,"href":"https:\/\/www.avenuedesigncanada.com\/fr\/wp-json\/wp\/v2\/media\/401321"}],"wp:attachment":[{"href":"https:\/\/www.avenuedesigncanada.com\/fr\/wp-json\/wp\/v2\/media?parent=401826"}],"wp:term":[{"taxonomy":"product_brand","embeddable":true,"href":"https:\/\/www.avenuedesigncanada.com\/fr\/wp-json\/wp\/v2\/product_brand?post=401826"},{"taxonomy":"product_cat","embeddable":true,"href":"https:\/\/www.avenuedesigncanada.com\/fr\/wp-json\/wp\/v2\/product_cat?post=401826"},{"taxonomy":"product_tag","embeddable":true,"href":"https:\/\/www.avenuedesigncanada.com\/fr\/wp-json\/wp\/v2\/product_tag?post=401826"}],"curies":[{"name":"wp","href":"https:\/\/api.w.org\/{rel}","templated":true}]}}