{"id":401827,"date":"2026-01-19T10:20:19","date_gmt":"2026-01-19T15:20:19","guid":{"rendered":"https:\/\/www.avenuedesigncanada.com\/product\/table-anak-side\/"},"modified":"2026-02-12T10:48:43","modified_gmt":"2026-02-12T15:48:43","slug":"table-anak-side","status":"publish","type":"product","link":"https:\/\/www.avenuedesigncanada.com\/fr\/product\/table-anak-side\/","title":{"rendered":"Table Anak SIde"},"content":{"rendered":"<p> <em> La table AnakEnd pr\u00e9sente les caract\u00e9ristiques suivantes : <\/em><br \/>\n Mat\u00e9riau &#8211; B\u00e9ton<br \/>\nForme &#8211; Ronde<br \/>\nBase \/ pieds &#8211; Fer<br \/>\nFinition de la base &#8211; Laiton antique<br \/>\nFinition du mat\u00e9riau &#8211; Noir<br \/>\nVous avez des questions sur ce produit ?<br \/>\nNos designers sont l\u00e0 pour vous aider.<br \/>\nAppelez-nous au (514) 340-9351<\/p>\n","protected":false},"excerpt":{"rendered":"<p>Cette table d&rsquo;appoint accrocheuse d\u00e9gage une impression d&rsquo;\u00e9l\u00e9gance rustique. Elle se compose d&rsquo;un cadre en fer en laiton antique et d&rsquo;un plateau rond en marbre blanc ou noir. Le marbre \u00e9tant un mat\u00e9riau naturel, les veines, les piq\u00fbres, les fissures, les microfissures et les variations de couleur sont autant de caract\u00e9ristiques qui ajoutent au caract\u00e8re unique et \u00e0 la beaut\u00e9 de chaque pi\u00e8ce. Gr\u00e2ce \u00e0 un savoir-faire raffin\u00e9, ce mod\u00e8le a \u00e9t\u00e9 r\u00e9alis\u00e9 par des artisans locaux qualifi\u00e9s. Par nature, ces mat\u00e9riaux pr\u00e9sentent des imperfections uniques telles que des fissures, des marques et des variations de couleur, ce qui en fait des pi\u00e8ces uniques.    <\/p>\n","protected":false},"featured_media":401487,"template":"","meta":{"_kad_blocks_custom_css":"","_kad_blocks_head_custom_js":"","_kad_blocks_body_custom_js":"","_kad_blocks_footer_custom_js":"","_kad_post_transparent":"","_kad_post_title":"","_kad_post_layout":"","_kad_post_sidebar_id":"","_kad_post_content_style":"","_kad_post_vertical_padding":"","_kad_post_feature":"","_kad_post_feature_position":"","_kad_post_header":false,"_kad_post_footer":false,"_kad_post_classname":""},"product_brand":[],"product_cat":[1323],"product_tag":[1824],"class_list":{"0":"post-401827","1":"product","2":"type-product","3":"status-publish","4":"has-post-thumbnail","6":"product_cat-salon-tables-dappoint","7":"product_tag-sol-fr","9":"first","10":"instock","11":"taxable","12":"shipping-taxable","13":"product-type-simple","14":"entry","15":"content-bg","16":"loop-entry"},"taxonomy_info":{"product_cat":[{"value":1323,"label":"Tables d'appoint"}],"product_tag":[{"value":1824,"label":"SOL"}]},"featured_image_src_large":["https:\/\/www.avenuedesigncanada.com\/wp-content\/uploads\/2026\/01\/105526_411.jpg",550,550,false],"author_info":[],"comment_info":"","_links":{"self":[{"href":"https:\/\/www.avenuedesigncanada.com\/fr\/wp-json\/wp\/v2\/product\/401827","targetHints":{"allow":["GET"]}}],"collection":[{"href":"https:\/\/www.avenuedesigncanada.com\/fr\/wp-json\/wp\/v2\/product"}],"about":[{"href":"https:\/\/www.avenuedesigncanada.com\/fr\/wp-json\/wp\/v2\/types\/product"}],"wp:featuredmedia":[{"embeddable":true,"href":"https:\/\/www.avenuedesigncanada.com\/fr\/wp-json\/wp\/v2\/media\/401487"}],"wp:attachment":[{"href":"https:\/\/www.avenuedesigncanada.com\/fr\/wp-json\/wp\/v2\/media?parent=401827"}],"wp:term":[{"taxonomy":"product_brand","embeddable":true,"href":"https:\/\/www.avenuedesigncanada.com\/fr\/wp-json\/wp\/v2\/product_brand?post=401827"},{"taxonomy":"product_cat","embeddable":true,"href":"https:\/\/www.avenuedesigncanada.com\/fr\/wp-json\/wp\/v2\/product_cat?post=401827"},{"taxonomy":"product_tag","embeddable":true,"href":"https:\/\/www.avenuedesigncanada.com\/fr\/wp-json\/wp\/v2\/product_tag?post=401827"}],"curies":[{"name":"wp","href":"https:\/\/api.w.org\/{rel}","templated":true}]}}