{"id":401830,"date":"2026-01-19T10:20:24","date_gmt":"2026-01-19T19:49:11","guid":{"rendered":"https:\/\/www.avenuedesigncanada.com\/product\/table-dappoint-blakely\/"},"modified":"2026-01-19T14:49:12","modified_gmt":"2026-01-19T19:49:12","slug":"table-dappoint-blakely","status":"publish","type":"product","link":"https:\/\/www.avenuedesigncanada.com\/fr\/product\/table-dappoint-blakely\/","title":{"rendered":"Table d&rsquo;appoint Blakely"},"content":{"rendered":"<p> <em> La table d&rsquo;appoint Blakely pr\u00e9sente les caract\u00e9ristiques suivantes : <\/em><br \/>\n Mat\u00e9riau &#8211; Fer<br \/>\nForme &#8211; Rectangulaire<br \/>\nBase \/ pieds &#8211; Fer<br \/>\nFinition de la base &#8211; Noir<br \/>\nFinition du mat\u00e9riau &#8211; Gunmetal<br \/>\nVous avez des questions sur ce produit ?<br \/>\nNos designers sont l\u00e0 pour vous aider.<br \/>\nAppelez-nous au (514) 340-9351<\/p>\n","protected":false},"excerpt":{"rendered":"<p>Faites tourner les t\u00eates avec cette table d&rsquo;appoint rectangulaire contemporaine au design audacieux. Elle est compos\u00e9e d&rsquo;un plateau en acier gunmetal et d&rsquo;une base en acier rev\u00eatue de poudre noire mate. Fabriqu\u00e9e en Inde. Gr\u00e2ce \u00e0 un savoir-faire raffin\u00e9, ce design a \u00e9t\u00e9 donn\u00e9 vie par des artisans locaux qualifi\u00e9s. En raison de la nature de l&rsquo;artisanat, les imperfections uniques telles que les fissures, les marques et les variations de couleur et de forme sont les bienvenues et les caract\u00e9ristiques appr\u00e9ci\u00e9es pour une pi\u00e8ce vraiment unique.    <\/p>\n","protected":false},"featured_media":401516,"template":"","meta":{"_kad_blocks_custom_css":"","_kad_blocks_head_custom_js":"","_kad_blocks_body_custom_js":"","_kad_blocks_footer_custom_js":"","_kad_post_transparent":"","_kad_post_title":"","_kad_post_layout":"","_kad_post_sidebar_id":"","_kad_post_content_style":"","_kad_post_vertical_padding":"","_kad_post_feature":"","_kad_post_feature_position":"","_kad_post_header":false,"_kad_post_footer":false,"_kad_post_classname":""},"product_brand":[],"product_cat":[1323],"product_tag":[1824],"class_list":{"0":"post-401830","1":"product","2":"type-product","3":"status-publish","4":"has-post-thumbnail","6":"product_cat-salon-tables-dappoint","7":"product_tag-sol-fr","9":"first","10":"instock","11":"taxable","12":"shipping-taxable","13":"product-type-simple","14":"entry","15":"content-bg","16":"loop-entry"},"taxonomy_info":{"product_cat":[{"value":1323,"label":"Tables d'appoint"}],"product_tag":[{"value":1824,"label":"SOL"}]},"featured_image_src_large":["https:\/\/www.avenuedesigncanada.com\/wp-content\/uploads\/2026\/01\/107079_2.webp",1000,800,false],"author_info":[],"comment_info":"","_links":{"self":[{"href":"https:\/\/www.avenuedesigncanada.com\/fr\/wp-json\/wp\/v2\/product\/401830","targetHints":{"allow":["GET"]}}],"collection":[{"href":"https:\/\/www.avenuedesigncanada.com\/fr\/wp-json\/wp\/v2\/product"}],"about":[{"href":"https:\/\/www.avenuedesigncanada.com\/fr\/wp-json\/wp\/v2\/types\/product"}],"wp:featuredmedia":[{"embeddable":true,"href":"https:\/\/www.avenuedesigncanada.com\/fr\/wp-json\/wp\/v2\/media\/401516"}],"wp:attachment":[{"href":"https:\/\/www.avenuedesigncanada.com\/fr\/wp-json\/wp\/v2\/media?parent=401830"}],"wp:term":[{"taxonomy":"product_brand","embeddable":true,"href":"https:\/\/www.avenuedesigncanada.com\/fr\/wp-json\/wp\/v2\/product_brand?post=401830"},{"taxonomy":"product_cat","embeddable":true,"href":"https:\/\/www.avenuedesigncanada.com\/fr\/wp-json\/wp\/v2\/product_cat?post=401830"},{"taxonomy":"product_tag","embeddable":true,"href":"https:\/\/www.avenuedesigncanada.com\/fr\/wp-json\/wp\/v2\/product_tag?post=401830"}],"curies":[{"name":"wp","href":"https:\/\/api.w.org\/{rel}","templated":true}]}}