{"id":401832,"date":"2026-01-16T08:37:25","date_gmt":"2026-01-16T13:37:25","guid":{"rendered":"https:\/\/www.avenuedesigncanada.com\/product\/table-dappoint-alto\/"},"modified":"2026-02-12T10:48:44","modified_gmt":"2026-02-12T15:48:44","slug":"table-dappoint-alto","status":"publish","type":"product","link":"https:\/\/www.avenuedesigncanada.com\/fr\/product\/table-dappoint-alto\/","title":{"rendered":"Table d&rsquo;appoint Alto"},"content":{"rendered":"<p> <em> La table d&rsquo;extr\u00e9mit\u00e9 Alto pr\u00e9sente les caract\u00e9ristiques suivantes : <\/em><br \/>\nMat\u00e9riau &#8211; Bois<br \/>\nForme &#8211; Carr\u00e9e<br \/>\nBase \/ pieds &#8211; Fer<br \/>\nFinition de la base &#8211; Laiton antique<br \/>\nFinition du mat\u00e9riau &#8211; Espresso<br \/>\nVous avez des questions sur ce produit ?<br \/>\nNos designers sont l\u00e0 pour vous aider.<br \/>\nAppelez-nous au (514) 340-9351<\/p>\n","protected":false},"excerpt":{"rendered":"<p>Cette table d&rsquo;appoint carr\u00e9e apportera chaleur et style \u00e0 divers espaces de vie et de salon. Le plateau en placage de bois de ch\u00eane est compl\u00e9t\u00e9 par des pieds architecturaux en fer laiton antique pour plus d&rsquo;attrait. Les fissures et les lignes profondes de la finition font partie de l&rsquo;aspect vieilli. Convient aux environnements r\u00e9sidentiels et contractuels.   <\/p>\n","protected":false},"featured_media":401315,"template":"","meta":{"_kad_blocks_custom_css":"","_kad_blocks_head_custom_js":"","_kad_blocks_body_custom_js":"","_kad_blocks_footer_custom_js":"","_kad_post_transparent":"","_kad_post_title":"","_kad_post_layout":"","_kad_post_sidebar_id":"","_kad_post_content_style":"","_kad_post_vertical_padding":"","_kad_post_feature":"","_kad_post_feature_position":"","_kad_post_header":false,"_kad_post_footer":false,"_kad_post_classname":""},"product_brand":[],"product_cat":[1323],"product_tag":[1824],"class_list":{"0":"post-401832","1":"product","2":"type-product","3":"status-publish","4":"has-post-thumbnail","6":"product_cat-salon-tables-dappoint","7":"product_tag-sol-fr","9":"first","10":"instock","11":"taxable","12":"shipping-taxable","13":"product-type-simple","14":"entry","15":"content-bg","16":"loop-entry"},"taxonomy_info":{"product_cat":[{"value":1323,"label":"Tables d'appoint"}],"product_tag":[{"value":1824,"label":"SOL"}]},"featured_image_src_large":["https:\/\/www.avenuedesigncanada.com\/wp-content\/uploads\/2026\/01\/102943_1.webp",823,658,false],"author_info":[],"comment_info":"","_links":{"self":[{"href":"https:\/\/www.avenuedesigncanada.com\/fr\/wp-json\/wp\/v2\/product\/401832","targetHints":{"allow":["GET"]}}],"collection":[{"href":"https:\/\/www.avenuedesigncanada.com\/fr\/wp-json\/wp\/v2\/product"}],"about":[{"href":"https:\/\/www.avenuedesigncanada.com\/fr\/wp-json\/wp\/v2\/types\/product"}],"wp:featuredmedia":[{"embeddable":true,"href":"https:\/\/www.avenuedesigncanada.com\/fr\/wp-json\/wp\/v2\/media\/401315"}],"wp:attachment":[{"href":"https:\/\/www.avenuedesigncanada.com\/fr\/wp-json\/wp\/v2\/media?parent=401832"}],"wp:term":[{"taxonomy":"product_brand","embeddable":true,"href":"https:\/\/www.avenuedesigncanada.com\/fr\/wp-json\/wp\/v2\/product_brand?post=401832"},{"taxonomy":"product_cat","embeddable":true,"href":"https:\/\/www.avenuedesigncanada.com\/fr\/wp-json\/wp\/v2\/product_cat?post=401832"},{"taxonomy":"product_tag","embeddable":true,"href":"https:\/\/www.avenuedesigncanada.com\/fr\/wp-json\/wp\/v2\/product_tag?post=401832"}],"curies":[{"name":"wp","href":"https:\/\/api.w.org\/{rel}","templated":true}]}}