{"id":401840,"date":"2022-08-13T12:51:06","date_gmt":"2022-08-13T16:51:06","guid":{"rendered":"https:\/\/www.avenuedesigncanada.com\/product\/table-de-nuit-ritter\/"},"modified":"2026-02-12T10:48:46","modified_gmt":"2026-02-12T15:48:46","slug":"table-de-nuit-ritter","status":"publish","type":"product","link":"https:\/\/www.avenuedesigncanada.com\/fr\/product\/table-de-nuit-ritter\/","title":{"rendered":"Table de nuit Ritter"},"content":{"rendered":"<p><em>La table de nuit Ritter pr\u00e9sente les caract\u00e9ristiques suivantes :<\/em><br \/>\nFinition combin\u00e9e avec plateau Sand Grey et bo\u00eetier Flint<br \/>\nPlateau en b\u00e9ton moul\u00e9 avec surface lisse et c\u00f4t\u00e9s textur\u00e9s<br \/>\nDeux tiroirs \u00e0 fermeture souple avec poign\u00e9es<br \/>\nChargeur USB \u00e0 deux ports \u00e0 l&rsquo;arri\u00e8re du bo\u00eetier<br \/>\nBase en aluminium moul\u00e9 avec finition graphite<br \/>\nPatins r\u00e9glables<\/p>\n<p>Avez-vous des questions \u00e0 propos de ce produit ? Nos designers sont l\u00e0 pour vous aider.  Appelez-nous au (514) 340-9351<\/p>\n","protected":false},"excerpt":{"rendered":"<p>La table de nuit Ritter est compos\u00e9e d&rsquo;un plateau en b\u00e9ton moul\u00e9 avec des surfaces lisses et des c\u00f4t\u00e9s textur\u00e9s, plac\u00e9 au-dessus d&rsquo;un bo\u00eetier en finition Flint. Deux tiroirs \u00e0 fermeture progressive, un port de charge USB int\u00e9gr\u00e9 et une base en aluminium moul\u00e9 au fini graphite cr\u00e9ent une d\u00e9claration architecturale audacieuse. <\/p>\n","protected":false},"featured_media":156614,"template":"","meta":{"_kad_blocks_custom_css":"","_kad_blocks_head_custom_js":"","_kad_blocks_body_custom_js":"","_kad_blocks_footer_custom_js":"","_kad_post_transparent":"","_kad_post_title":"","_kad_post_layout":"","_kad_post_sidebar_id":"","_kad_post_content_style":"","_kad_post_vertical_padding":"","_kad_post_feature":"","_kad_post_feature_position":"","_kad_post_header":false,"_kad_post_footer":false,"_kad_post_classname":""},"product_brand":[],"product_cat":[1299],"product_tag":[1844],"class_list":{"0":"post-401840","1":"product","2":"type-product","3":"status-publish","4":"has-post-thumbnail","6":"product_cat-tables-de-nuit","7":"product_tag-barcelona-cg-fr-2","9":"first","10":"instock","11":"taxable","12":"shipping-taxable","13":"product-type-simple","14":"entry","15":"content-bg","16":"loop-entry"},"taxonomy_info":{"product_cat":[{"value":1299,"label":"Tables de chevet"}],"product_tag":[{"value":1844,"label":"BARCELONA - CG"}]},"featured_image_src_large":["https:\/\/www.avenuedesigncanada.com\/wp-content\/uploads\/2022\/08\/309232_ritter_frontalt_web-2-1024x1024.jpg",1024,1024,true],"author_info":[],"comment_info":"","_links":{"self":[{"href":"https:\/\/www.avenuedesigncanada.com\/fr\/wp-json\/wp\/v2\/product\/401840","targetHints":{"allow":["GET"]}}],"collection":[{"href":"https:\/\/www.avenuedesigncanada.com\/fr\/wp-json\/wp\/v2\/product"}],"about":[{"href":"https:\/\/www.avenuedesigncanada.com\/fr\/wp-json\/wp\/v2\/types\/product"}],"wp:featuredmedia":[{"embeddable":true,"href":"https:\/\/www.avenuedesigncanada.com\/fr\/wp-json\/wp\/v2\/media\/156614"}],"wp:attachment":[{"href":"https:\/\/www.avenuedesigncanada.com\/fr\/wp-json\/wp\/v2\/media?parent=401840"}],"wp:term":[{"taxonomy":"product_brand","embeddable":true,"href":"https:\/\/www.avenuedesigncanada.com\/fr\/wp-json\/wp\/v2\/product_brand?post=401840"},{"taxonomy":"product_cat","embeddable":true,"href":"https:\/\/www.avenuedesigncanada.com\/fr\/wp-json\/wp\/v2\/product_cat?post=401840"},{"taxonomy":"product_tag","embeddable":true,"href":"https:\/\/www.avenuedesigncanada.com\/fr\/wp-json\/wp\/v2\/product_tag?post=401840"}],"curies":[{"name":"wp","href":"https:\/\/api.w.org\/{rel}","templated":true}]}}