{"id":401954,"date":"2026-01-08T09:13:21","date_gmt":"2026-01-08T14:13:21","guid":{"rendered":"https:\/\/www.avenuedesigncanada.com\/product\/buffet-paris\/"},"modified":"2026-02-12T10:50:23","modified_gmt":"2026-02-12T15:50:23","slug":"buffet-paris","status":"publish","type":"product","link":"https:\/\/www.avenuedesigncanada.com\/fr\/product\/buffet-paris\/","title":{"rendered":"Buffet Paris"},"content":{"rendered":"<p><em>Le buffet Paris pr\u00e9sente les caract\u00e9ristiques suivantes :<\/em><br \/>\nCe buffet de belle facture ajoutera de l&rsquo;allure \u00e0 tout espace de salle \u00e0 manger<br \/>\nCon\u00e7u avec quatre grandes portes d&rsquo;armoire \u00e0 panneaux et des \u00e9tag\u00e8res pour un vaste espace de rangement<br \/>\nUne base en acier en laiton antique compl\u00e8te le look<br \/>\nLe fini d\u00e9lav\u00e9 pr\u00e9sente des fissures et des bosses visibles qui font partie du fini.<\/p>\n<p>Vous avez des questions sur ce produit ? Nos concepteurs sont l\u00e0 pour vous aider. Appelez-nous au (514) 340-9351  <\/p>\n","protected":false},"excerpt":{"rendered":"<p>Le buffet Paris d\u00e9gage un charme intemporel, avec ses quatre grandes portes \u00e0 panneaux et ses \u00e9tag\u00e8res bien con\u00e7ues pour un grand espace de rangement. Fini avec une base en acier laiton antique, le buffet pr\u00e9sente une surface vieillie avec des fissures et des bosses intentionnelles, cr\u00e9ant un caract\u00e8re unique d&rsquo;inspiration vintage. Parfait pour ajouter de la chaleur et de l&rsquo;allure \u00e0 tout espace de salle \u00e0 manger.  <\/p>\n","protected":false},"featured_media":399265,"template":"","meta":{"_kad_blocks_custom_css":"","_kad_blocks_head_custom_js":"","_kad_blocks_body_custom_js":"","_kad_blocks_footer_custom_js":"","_kad_post_transparent":"","_kad_post_title":"","_kad_post_layout":"","_kad_post_sidebar_id":"","_kad_post_content_style":"","_kad_post_vertical_padding":"","_kad_post_feature":"","_kad_post_feature_position":"","_kad_post_header":false,"_kad_post_footer":false,"_kad_post_classname":""},"product_brand":[],"product_cat":[1854,1303],"product_tag":[1824],"class_list":{"0":"post-401954","1":"product","2":"type-product","3":"status-publish","4":"has-post-thumbnail","6":"product_cat-buffets-fr","7":"product_cat-buffets","8":"product_tag-sol-fr","10":"first","11":"instock","12":"taxable","13":"shipping-taxable","14":"product-type-simple","15":"entry","16":"content-bg","17":"loop-entry"},"taxonomy_info":{"product_cat":[{"value":1854,"label":"Buffets"},{"value":1303,"label":"Buffets"}],"product_tag":[{"value":1824,"label":"SOL"}]},"featured_image_src_large":["https:\/\/www.avenuedesigncanada.com\/wp-content\/uploads\/2026\/01\/Paris-Main-1024x1024.jpg",1024,1024,true],"author_info":[],"comment_info":"","_links":{"self":[{"href":"https:\/\/www.avenuedesigncanada.com\/fr\/wp-json\/wp\/v2\/product\/401954","targetHints":{"allow":["GET"]}}],"collection":[{"href":"https:\/\/www.avenuedesigncanada.com\/fr\/wp-json\/wp\/v2\/product"}],"about":[{"href":"https:\/\/www.avenuedesigncanada.com\/fr\/wp-json\/wp\/v2\/types\/product"}],"wp:featuredmedia":[{"embeddable":true,"href":"https:\/\/www.avenuedesigncanada.com\/fr\/wp-json\/wp\/v2\/media\/399265"}],"wp:attachment":[{"href":"https:\/\/www.avenuedesigncanada.com\/fr\/wp-json\/wp\/v2\/media?parent=401954"}],"wp:term":[{"taxonomy":"product_brand","embeddable":true,"href":"https:\/\/www.avenuedesigncanada.com\/fr\/wp-json\/wp\/v2\/product_brand?post=401954"},{"taxonomy":"product_cat","embeddable":true,"href":"https:\/\/www.avenuedesigncanada.com\/fr\/wp-json\/wp\/v2\/product_cat?post=401954"},{"taxonomy":"product_tag","embeddable":true,"href":"https:\/\/www.avenuedesigncanada.com\/fr\/wp-json\/wp\/v2\/product_tag?post=401954"}],"curies":[{"name":"wp","href":"https:\/\/api.w.org\/{rel}","templated":true}]}}