{"id":401955,"date":"2026-01-08T09:21:26","date_gmt":"2026-01-08T14:21:26","guid":{"rendered":"https:\/\/www.avenuedesigncanada.com\/product\/buffet-weldrick\/"},"modified":"2026-02-12T10:50:24","modified_gmt":"2026-02-12T15:50:24","slug":"buffet-weldrick","status":"publish","type":"product","link":"https:\/\/www.avenuedesigncanada.com\/fr\/product\/buffet-weldrick\/","title":{"rendered":"Buffet Weldrick"},"content":{"rendered":"<p><em>Le buffet Weldrick pr\u00e9sente les caract\u00e9ristiques suivantes :<\/em><br \/>\nFaites-vous remarquer avec ce buffet \u00e9l\u00e9gant qui respire le prestige<br \/>\nPlacage en bois d&rsquo;acacia expresso avec deux tiroirs \u00e0 fermeture douce<br \/>\nPoign\u00e9es en fer noir et laiton antique et base coordonn\u00e9e<br \/>\nLe bois \u00e9tant un mat\u00e9riau organique et poreux, ces pi\u00e8ces pr\u00e9senteront des variations naturelles de texture et peuvent \u00e9galement pr\u00e9senter de fines indentations et fissures<br \/>\nLes pi\u00e8ces de bois pr\u00e9senteront \u00e9galement une disparit\u00e9 de couleur et de grain, ainsi que des n\u0153uds et des loupes visibles qui ajoutent au caract\u00e8re de chaque pi\u00e8ce.<\/p>\n<p>Vous avez des questions sur ce produit ? Nos concepteurs sont l\u00e0 pour vous aider. Appelez-nous au (514) 340-9351  <\/p>\n","protected":false},"excerpt":{"rendered":"<p>Le buffet Weldrick fait une d\u00e9claration audacieuse avec son placage en bois d&rsquo;acacia expresso, ses deux tiroirs \u00e0 fermeture progressive et sa quincaillerie en fer noir et laiton antique. Les variations naturelles de la texture, du grain et des n\u0153uds du bois conf\u00e8rent \u00e0 chaque buffet sa propre personnalit\u00e9, alliant prestige et caract\u00e8re pour une pi\u00e8ce ma\u00eetresse \u00e9l\u00e9gante et fonctionnelle. <\/p>\n","protected":false},"featured_media":399429,"template":"","meta":{"_kad_blocks_custom_css":"","_kad_blocks_head_custom_js":"","_kad_blocks_body_custom_js":"","_kad_blocks_footer_custom_js":"","_kad_post_transparent":"","_kad_post_title":"","_kad_post_layout":"","_kad_post_sidebar_id":"","_kad_post_content_style":"","_kad_post_vertical_padding":"","_kad_post_feature":"","_kad_post_feature_position":"","_kad_post_header":false,"_kad_post_footer":false,"_kad_post_classname":""},"product_brand":[],"product_cat":[1854,1303],"product_tag":[1824],"class_list":{"0":"post-401955","1":"product","2":"type-product","3":"status-publish","4":"has-post-thumbnail","6":"product_cat-buffets-fr","7":"product_cat-buffets","8":"product_tag-sol-fr","10":"first","11":"instock","12":"taxable","13":"shipping-taxable","14":"product-type-simple","15":"entry","16":"content-bg","17":"loop-entry"},"taxonomy_info":{"product_cat":[{"value":1854,"label":"Buffets"},{"value":1303,"label":"Buffets"}],"product_tag":[{"value":1824,"label":"SOL"}]},"featured_image_src_large":["https:\/\/www.avenuedesigncanada.com\/wp-content\/uploads\/2026\/01\/Weldric-main-1024x1024.jpg",1024,1024,true],"author_info":[],"comment_info":"","_links":{"self":[{"href":"https:\/\/www.avenuedesigncanada.com\/fr\/wp-json\/wp\/v2\/product\/401955","targetHints":{"allow":["GET"]}}],"collection":[{"href":"https:\/\/www.avenuedesigncanada.com\/fr\/wp-json\/wp\/v2\/product"}],"about":[{"href":"https:\/\/www.avenuedesigncanada.com\/fr\/wp-json\/wp\/v2\/types\/product"}],"wp:featuredmedia":[{"embeddable":true,"href":"https:\/\/www.avenuedesigncanada.com\/fr\/wp-json\/wp\/v2\/media\/399429"}],"wp:attachment":[{"href":"https:\/\/www.avenuedesigncanada.com\/fr\/wp-json\/wp\/v2\/media?parent=401955"}],"wp:term":[{"taxonomy":"product_brand","embeddable":true,"href":"https:\/\/www.avenuedesigncanada.com\/fr\/wp-json\/wp\/v2\/product_brand?post=401955"},{"taxonomy":"product_cat","embeddable":true,"href":"https:\/\/www.avenuedesigncanada.com\/fr\/wp-json\/wp\/v2\/product_cat?post=401955"},{"taxonomy":"product_tag","embeddable":true,"href":"https:\/\/www.avenuedesigncanada.com\/fr\/wp-json\/wp\/v2\/product_tag?post=401955"}],"curies":[{"name":"wp","href":"https:\/\/api.w.org\/{rel}","templated":true}]}}