{"id":401956,"date":"2026-01-08T09:21:01","date_gmt":"2026-01-08T14:21:01","guid":{"rendered":"https:\/\/www.avenuedesigncanada.com\/product\/buffet-viserys\/"},"modified":"2026-02-12T10:50:24","modified_gmt":"2026-02-12T15:50:24","slug":"buffet-viserys","status":"publish","type":"product","link":"https:\/\/www.avenuedesigncanada.com\/fr\/product\/buffet-viserys\/","title":{"rendered":"Buffet Viserys"},"content":{"rendered":"<p><em>Le buffet Viserys pr\u00e9sente les caract\u00e9ristiques suivantes :<\/em><br \/>\nAjoutez une atmosph\u00e8re froide et sombre \u00e0 votre salle \u00e0 manger avec le buffet Viserys<br \/>\nDot\u00e9 d&rsquo;un cadre rev\u00eatu de poudre noire et de poign\u00e9es en marbre terrazzo noir<br \/>\nLes portes en fer zingu\u00e9 antique ajoutent un aspect vieilli et d\u00e9lav\u00e9 \u00e0 la pi\u00e8ce<br \/>\nFabriqu\u00e9 en Inde<br \/>\nAvec un savoir-faire artisanal raffin\u00e9, ce mod\u00e8le a \u00e9t\u00e9 r\u00e9alis\u00e9 par des artisans locaux qualifi\u00e9s<br \/>\nEn raison de la nature de l&rsquo;artisanat, les imperfections uniques telles que les fissures, les marques et les variations de couleur et de forme sont les bienvenues et les caract\u00e9ristiques appr\u00e9ci\u00e9es pour une pi\u00e8ce vraiment unique<\/p>\n<p>Vous avez des questions sur ce produit ? Nos concepteurs sont l\u00e0 pour vous aider. Appelez-nous au (514) 340-9351  <\/p>\n","protected":false},"excerpt":{"rendered":"<p>Cr\u00e9ez une ambiance sombre et sophistiqu\u00e9e avec le buffet Viserys, dot\u00e9 d&rsquo;un cadre rev\u00eatu de poudre noire, de poign\u00e9es en marbre terrazzo noir et de portes en fer zingu\u00e9 antique pour un aspect vivant et \u00e9l\u00e9gant. Fabriqu\u00e9e en Inde par des artisans qualifi\u00e9s, chaque pi\u00e8ce pr\u00e9sente des variations artisanales uniques qui en font une pi\u00e8ce unique. <\/p>\n","protected":false},"featured_media":399419,"template":"","meta":{"_kad_blocks_custom_css":"","_kad_blocks_head_custom_js":"","_kad_blocks_body_custom_js":"","_kad_blocks_footer_custom_js":"","_kad_post_transparent":"","_kad_post_title":"","_kad_post_layout":"","_kad_post_sidebar_id":"","_kad_post_content_style":"","_kad_post_vertical_padding":"","_kad_post_feature":"","_kad_post_feature_position":"","_kad_post_header":false,"_kad_post_footer":false,"_kad_post_classname":""},"product_brand":[],"product_cat":[1854,1303],"product_tag":[1824],"class_list":{"0":"post-401956","1":"product","2":"type-product","3":"status-publish","4":"has-post-thumbnail","6":"product_cat-buffets-fr","7":"product_cat-buffets","8":"product_tag-sol-fr","10":"first","11":"instock","12":"taxable","13":"shipping-taxable","14":"product-type-simple","15":"entry","16":"content-bg","17":"loop-entry"},"taxonomy_info":{"product_cat":[{"value":1854,"label":"Buffets"},{"value":1303,"label":"Buffets"}],"product_tag":[{"value":1824,"label":"SOL"}]},"featured_image_src_large":["https:\/\/www.avenuedesigncanada.com\/wp-content\/uploads\/2026\/01\/Viserys-main-1024x1024.jpg",1024,1024,true],"author_info":[],"comment_info":"","_links":{"self":[{"href":"https:\/\/www.avenuedesigncanada.com\/fr\/wp-json\/wp\/v2\/product\/401956","targetHints":{"allow":["GET"]}}],"collection":[{"href":"https:\/\/www.avenuedesigncanada.com\/fr\/wp-json\/wp\/v2\/product"}],"about":[{"href":"https:\/\/www.avenuedesigncanada.com\/fr\/wp-json\/wp\/v2\/types\/product"}],"wp:featuredmedia":[{"embeddable":true,"href":"https:\/\/www.avenuedesigncanada.com\/fr\/wp-json\/wp\/v2\/media\/399419"}],"wp:attachment":[{"href":"https:\/\/www.avenuedesigncanada.com\/fr\/wp-json\/wp\/v2\/media?parent=401956"}],"wp:term":[{"taxonomy":"product_brand","embeddable":true,"href":"https:\/\/www.avenuedesigncanada.com\/fr\/wp-json\/wp\/v2\/product_brand?post=401956"},{"taxonomy":"product_cat","embeddable":true,"href":"https:\/\/www.avenuedesigncanada.com\/fr\/wp-json\/wp\/v2\/product_cat?post=401956"},{"taxonomy":"product_tag","embeddable":true,"href":"https:\/\/www.avenuedesigncanada.com\/fr\/wp-json\/wp\/v2\/product_tag?post=401956"}],"curies":[{"name":"wp","href":"https:\/\/api.w.org\/{rel}","templated":true}]}}