{"id":401957,"date":"2026-01-08T09:12:55","date_gmt":"2026-01-08T14:12:55","guid":{"rendered":"https:\/\/www.avenuedesigncanada.com\/product\/buffet-paloma\/"},"modified":"2026-02-12T10:50:24","modified_gmt":"2026-02-12T15:50:24","slug":"buffet-paloma","status":"publish","type":"product","link":"https:\/\/www.avenuedesigncanada.com\/fr\/product\/buffet-paloma\/","title":{"rendered":"Buffet Paloma"},"content":{"rendered":"<p><em>Le buffet Paloma pr\u00e9sente les caract\u00e9ristiques suivantes :<\/em><br \/>\nCe buffet luxueux apportera un esprit sculptural aux espaces de vie modernes, au salon et \u00e0 la salle \u00e0 manger.<br \/>\nLe cadre incurv\u00e9, en finition cr\u00e8me brillante, est contrast\u00e9 par une trame verticale complexe.<br \/>\nLes pieds et les incrustations en acier inoxydable dor\u00e9 ajoutent une d\u00e9finition suppl\u00e9mentaire.<\/p>\n<p>Vous avez des questions sur ce produit ? Nos concepteurs sont l\u00e0 pour vous aider. Appelez-nous au (514) 340-9351  <\/p>\n","protected":false},"excerpt":{"rendered":"<p>Le buffet Paloma apporte une \u00e9l\u00e9gance sculpturale aux salons et salles \u00e0 manger modernes. Son cadre incurv\u00e9 de couleur cr\u00e8me brillant est rehauss\u00e9 de cannelures verticales complexes, tandis que les pieds et les incrustations en acier inoxydable dor\u00e9 ajoutent une touche raffin\u00e9e et luxueuse. Ce buffet allie un design audacieux \u00e0 des rangements fonctionnels, ce qui en fait une pi\u00e8ce de choix pour tout int\u00e9rieur sophistiqu\u00e9.  <\/p>\n","protected":false},"featured_media":399254,"template":"","meta":{"_kad_blocks_custom_css":"","_kad_blocks_head_custom_js":"","_kad_blocks_body_custom_js":"","_kad_blocks_footer_custom_js":"","_kad_post_transparent":"","_kad_post_title":"","_kad_post_layout":"","_kad_post_sidebar_id":"","_kad_post_content_style":"","_kad_post_vertical_padding":"","_kad_post_feature":"","_kad_post_feature_position":"","_kad_post_header":false,"_kad_post_footer":false,"_kad_post_classname":""},"product_brand":[],"product_cat":[1854,1303],"product_tag":[1824],"class_list":{"0":"post-401957","1":"product","2":"type-product","3":"status-publish","4":"has-post-thumbnail","6":"product_cat-buffets-fr","7":"product_cat-buffets","8":"product_tag-sol-fr","10":"first","11":"instock","12":"taxable","13":"shipping-taxable","14":"product-type-simple","15":"entry","16":"content-bg","17":"loop-entry"},"taxonomy_info":{"product_cat":[{"value":1854,"label":"Buffets"},{"value":1303,"label":"Buffets"}],"product_tag":[{"value":1824,"label":"SOL"}]},"featured_image_src_large":["https:\/\/www.avenuedesigncanada.com\/wp-content\/uploads\/2026\/01\/Paloma-Main-1024x1024.jpg",1024,1024,true],"author_info":[],"comment_info":"","_links":{"self":[{"href":"https:\/\/www.avenuedesigncanada.com\/fr\/wp-json\/wp\/v2\/product\/401957","targetHints":{"allow":["GET"]}}],"collection":[{"href":"https:\/\/www.avenuedesigncanada.com\/fr\/wp-json\/wp\/v2\/product"}],"about":[{"href":"https:\/\/www.avenuedesigncanada.com\/fr\/wp-json\/wp\/v2\/types\/product"}],"wp:featuredmedia":[{"embeddable":true,"href":"https:\/\/www.avenuedesigncanada.com\/fr\/wp-json\/wp\/v2\/media\/399254"}],"wp:attachment":[{"href":"https:\/\/www.avenuedesigncanada.com\/fr\/wp-json\/wp\/v2\/media?parent=401957"}],"wp:term":[{"taxonomy":"product_brand","embeddable":true,"href":"https:\/\/www.avenuedesigncanada.com\/fr\/wp-json\/wp\/v2\/product_brand?post=401957"},{"taxonomy":"product_cat","embeddable":true,"href":"https:\/\/www.avenuedesigncanada.com\/fr\/wp-json\/wp\/v2\/product_cat?post=401957"},{"taxonomy":"product_tag","embeddable":true,"href":"https:\/\/www.avenuedesigncanada.com\/fr\/wp-json\/wp\/v2\/product_tag?post=401957"}],"curies":[{"name":"wp","href":"https:\/\/api.w.org\/{rel}","templated":true}]}}