{"id":401960,"date":"2026-01-08T09:19:47","date_gmt":"2026-01-08T14:19:47","guid":{"rendered":"https:\/\/www.avenuedesigncanada.com\/product\/buffet-tapio\/"},"modified":"2026-02-12T10:50:25","modified_gmt":"2026-02-12T15:50:25","slug":"buffet-tapio","status":"publish","type":"product","link":"https:\/\/www.avenuedesigncanada.com\/fr\/product\/buffet-tapio\/","title":{"rendered":"Buffet Tapio"},"content":{"rendered":"<p><em>Le buffet Tapio pr\u00e9sente les caract\u00e9ristiques suivantes :<\/em><br \/>\nLes portes de l&rsquo;armoire et la base sont recouvertes d&rsquo;un rev\u00eatement en poudre pour une plus grande durabilit\u00e9.<br \/>\nLa patine est appliqu\u00e9e \u00e0 la main par des artisans qualifi\u00e9s et pr\u00e9sente des variations de couleur.<br \/>\nDeux \u00e9tag\u00e8res int\u00e9rieures permettent un rangement g\u00e9n\u00e9reux<br \/>\nLe bois \u00e9tant un mat\u00e9riau organique et poreux, ces pi\u00e8ces pr\u00e9sentent des variations naturelles de texture et peuvent \u00e9galement pr\u00e9senter de fines indentations et fissures.<br \/>\nLes pi\u00e8ces de bois pr\u00e9sentent \u00e9galement une disparit\u00e9 de couleur et de grain, ainsi que des n\u0153uds et des loupes visibles qui ajoutent au caract\u00e8re de chaque pi\u00e8ce.<br \/>\nFabriqu\u00e9 \u00e0 la main par des artisans qualifi\u00e9s en Inde<br \/>\nLes imperfections uniques telles que les fissures, les marques et les variations de couleur et de forme sont des caract\u00e9ristiques appr\u00e9ci\u00e9es d&rsquo;une pi\u00e8ce v\u00e9ritablement unique.<\/p>\n<p>Vous avez des questions sur ce produit ? Nos concepteurs sont l\u00e0 pour vous aider. Appelez-nous au (514) 340-9351  <\/p>\n","protected":false},"excerpt":{"rendered":"<p>D&rsquo;une beaut\u00e9 saisissante, le buffet Tapio allie un style international et des mat\u00e9riaux uniques pour cr\u00e9er une pi\u00e8ce magistrale qui servira magnifiquement n&rsquo;importe quel espace. L&rsquo;attrait organique du bois de manguier massif et les riches variations de tons de la patine du cuivre et du zinc rev\u00eatus de poudre ajoutent \u00e0 son charme unique. <\/p>\n","protected":false},"featured_media":399403,"template":"","meta":{"_kad_blocks_custom_css":"","_kad_blocks_head_custom_js":"","_kad_blocks_body_custom_js":"","_kad_blocks_footer_custom_js":"","_kad_post_transparent":"","_kad_post_title":"","_kad_post_layout":"","_kad_post_sidebar_id":"","_kad_post_content_style":"","_kad_post_vertical_padding":"","_kad_post_feature":"","_kad_post_feature_position":"","_kad_post_header":false,"_kad_post_footer":false,"_kad_post_classname":""},"product_brand":[],"product_cat":[1303,1854],"product_tag":[1824],"class_list":{"0":"post-401960","1":"product","2":"type-product","3":"status-publish","4":"has-post-thumbnail","6":"product_cat-buffets","7":"product_cat-buffets-fr","8":"product_tag-sol-fr","10":"first","11":"instock","12":"taxable","13":"shipping-taxable","14":"product-type-simple","15":"entry","16":"content-bg","17":"loop-entry"},"taxonomy_info":{"product_cat":[{"value":1303,"label":"Buffets"},{"value":1854,"label":"Buffets"}],"product_tag":[{"value":1824,"label":"SOL"}]},"featured_image_src_large":["https:\/\/www.avenuedesigncanada.com\/wp-content\/uploads\/2026\/01\/Tapio-Main-1024x1024.jpg",1024,1024,true],"author_info":[],"comment_info":"","_links":{"self":[{"href":"https:\/\/www.avenuedesigncanada.com\/fr\/wp-json\/wp\/v2\/product\/401960","targetHints":{"allow":["GET"]}}],"collection":[{"href":"https:\/\/www.avenuedesigncanada.com\/fr\/wp-json\/wp\/v2\/product"}],"about":[{"href":"https:\/\/www.avenuedesigncanada.com\/fr\/wp-json\/wp\/v2\/types\/product"}],"wp:featuredmedia":[{"embeddable":true,"href":"https:\/\/www.avenuedesigncanada.com\/fr\/wp-json\/wp\/v2\/media\/399403"}],"wp:attachment":[{"href":"https:\/\/www.avenuedesigncanada.com\/fr\/wp-json\/wp\/v2\/media?parent=401960"}],"wp:term":[{"taxonomy":"product_brand","embeddable":true,"href":"https:\/\/www.avenuedesigncanada.com\/fr\/wp-json\/wp\/v2\/product_brand?post=401960"},{"taxonomy":"product_cat","embeddable":true,"href":"https:\/\/www.avenuedesigncanada.com\/fr\/wp-json\/wp\/v2\/product_cat?post=401960"},{"taxonomy":"product_tag","embeddable":true,"href":"https:\/\/www.avenuedesigncanada.com\/fr\/wp-json\/wp\/v2\/product_tag?post=401960"}],"curies":[{"name":"wp","href":"https:\/\/api.w.org\/{rel}","templated":true}]}}