{"id":401962,"date":"2026-01-08T09:12:22","date_gmt":"2026-01-08T14:12:22","guid":{"rendered":"https:\/\/www.avenuedesigncanada.com\/product\/buffet-mirabelli\/"},"modified":"2026-02-12T10:50:26","modified_gmt":"2026-02-12T15:50:26","slug":"buffet-mirabelli","status":"publish","type":"product","link":"https:\/\/www.avenuedesigncanada.com\/fr\/product\/buffet-mirabelli\/","title":{"rendered":"Buffet Mirabelli"},"content":{"rendered":"<p><em>Le buffet Mirabelli pr\u00e9sente les caract\u00e9ristiques suivantes :<\/em><br \/>\nRiche en textures, ce buffet unique illustre la beaut\u00e9 des mat\u00e9riaux m\u00e9lang\u00e9s qui s&rsquo;assemblent en harmonie.<br \/>\nCadre en bois massif de manguier gris avec placage d&rsquo;ardoise sur les fa\u00e7ades des portes.<br \/>\nCompl\u00e9t\u00e9 par des pieds en acier inoxydable avec une finition en laiton<br \/>\nPar nature, ces mat\u00e9riaux pr\u00e9sentent des imperfections uniques telles que des fissures, des marques et des variations de couleur, ce qui en fait des pi\u00e8ces uniques.<br \/>\nLe bois \u00e9tant un mat\u00e9riau organique et poreux, ces pi\u00e8ces pr\u00e9sentent des variations naturelles de texture et peuvent \u00e9galement pr\u00e9senter de fines indentations et fissures.<br \/>\nLes pi\u00e8ces de bois pr\u00e9sentent \u00e9galement une disparit\u00e9 de couleur et de grain, ainsi que des n\u0153uds et des loupes visibles qui ajoutent au caract\u00e8re de chaque pi\u00e8ce.<br \/>\nEn raison du mat\u00e9riau organique des portes de l&rsquo;armoire, des variations de couleur peuvent appara\u00eetre sur le produit r\u00e9el.<\/p>\n<p>Vous avez des questions sur ce produit ? Nos concepteurs sont l\u00e0 pour vous aider. Appelez-nous au (514) 340-9351  <\/p>\n","protected":false},"excerpt":{"rendered":"<p>Riche en textures, ce buffet unique illustre la beaut\u00e9 des mat\u00e9riaux m\u00e9lang\u00e9s qui s&rsquo;assemblent en harmonie. Il se compose d&rsquo;un cadre en bois massif de manguier gris et d&rsquo;un placage d&rsquo;ardoise sur les fa\u00e7ades des portes. Il est compl\u00e9t\u00e9 par des pieds en acier inoxydable en finition laiton. Fabriqu\u00e9 en Inde : avec un savoir-faire raffin\u00e9, ce design a \u00e9t\u00e9 donn\u00e9 vie par des artisans locaux qualifi\u00e9s. Par nature, ces mat\u00e9riaux pr\u00e9sentent des imperfections uniques telles que des fissures, des marques et des variations de couleur, ce qui en fait des pi\u00e8ces uniques. Le bois \u00e9tant un mat\u00e9riau organique et poreux, ces pi\u00e8ces pr\u00e9sentent des variations naturelles de texture et peuvent \u00e9galement pr\u00e9senter de fines indentations et fissures. Les pi\u00e8ces de bois pr\u00e9sentent \u00e9galement une disparit\u00e9 de couleur et de grain, ainsi que des n\u0153uds et des loupes visibles qui ajoutent au caract\u00e8re de chaque pi\u00e8ce. En raison de la mati\u00e8re organique des portes de l&rsquo;armoire, des variations de couleur peuvent appara\u00eetre sur le produit r\u00e9el.       <\/p>\n","protected":false},"featured_media":399245,"template":"","meta":{"_kad_blocks_custom_css":"","_kad_blocks_head_custom_js":"","_kad_blocks_body_custom_js":"","_kad_blocks_footer_custom_js":"","_kad_post_transparent":"","_kad_post_title":"","_kad_post_layout":"","_kad_post_sidebar_id":"","_kad_post_content_style":"","_kad_post_vertical_padding":"","_kad_post_feature":"","_kad_post_feature_position":"","_kad_post_header":false,"_kad_post_footer":false,"_kad_post_classname":""},"product_brand":[],"product_cat":[1303,1854],"product_tag":[1824],"class_list":{"0":"post-401962","1":"product","2":"type-product","3":"status-publish","4":"has-post-thumbnail","6":"product_cat-buffets","7":"product_cat-buffets-fr","8":"product_tag-sol-fr","10":"first","11":"instock","12":"taxable","13":"shipping-taxable","14":"product-type-simple","15":"entry","16":"content-bg","17":"loop-entry"},"taxonomy_info":{"product_cat":[{"value":1303,"label":"Buffets"},{"value":1854,"label":"Buffets"}],"product_tag":[{"value":1824,"label":"SOL"}]},"featured_image_src_large":["https:\/\/www.avenuedesigncanada.com\/wp-content\/uploads\/2026\/01\/Mirabelli-Main-1024x1024.jpg",1024,1024,true],"author_info":[],"comment_info":"","_links":{"self":[{"href":"https:\/\/www.avenuedesigncanada.com\/fr\/wp-json\/wp\/v2\/product\/401962","targetHints":{"allow":["GET"]}}],"collection":[{"href":"https:\/\/www.avenuedesigncanada.com\/fr\/wp-json\/wp\/v2\/product"}],"about":[{"href":"https:\/\/www.avenuedesigncanada.com\/fr\/wp-json\/wp\/v2\/types\/product"}],"wp:featuredmedia":[{"embeddable":true,"href":"https:\/\/www.avenuedesigncanada.com\/fr\/wp-json\/wp\/v2\/media\/399245"}],"wp:attachment":[{"href":"https:\/\/www.avenuedesigncanada.com\/fr\/wp-json\/wp\/v2\/media?parent=401962"}],"wp:term":[{"taxonomy":"product_brand","embeddable":true,"href":"https:\/\/www.avenuedesigncanada.com\/fr\/wp-json\/wp\/v2\/product_brand?post=401962"},{"taxonomy":"product_cat","embeddable":true,"href":"https:\/\/www.avenuedesigncanada.com\/fr\/wp-json\/wp\/v2\/product_cat?post=401962"},{"taxonomy":"product_tag","embeddable":true,"href":"https:\/\/www.avenuedesigncanada.com\/fr\/wp-json\/wp\/v2\/product_tag?post=401962"}],"curies":[{"name":"wp","href":"https:\/\/api.w.org\/{rel}","templated":true}]}}