{"id":401966,"date":"2026-01-08T09:08:59","date_gmt":"2026-01-08T14:08:59","guid":{"rendered":"https:\/\/www.avenuedesigncanada.com\/product\/buffet-jamille\/"},"modified":"2026-02-12T10:50:27","modified_gmt":"2026-02-12T15:50:27","slug":"buffet-jamille","status":"publish","type":"product","link":"https:\/\/www.avenuedesigncanada.com\/fr\/product\/buffet-jamille\/","title":{"rendered":"Buffet Jamille"},"content":{"rendered":"<p><em>Le buffet Jamille pr\u00e9sente les caract\u00e9ristiques suivantes :<\/em><br \/>\nCorps en similicuir textur\u00e9 et tiss\u00e9 doux, naturellement r\u00e9sistant \u00e0 l&rsquo;eau<br \/>\nDessus en placage de ch\u00eane au fini brun chaud<br \/>\nPortes \u00e0 fermeture souple pour un fonctionnement en douceur<br \/>\nDos fini pour un placement polyvalent dans la pi\u00e8ce<br \/>\nDesign contemporain aux bords incurv\u00e9s inspir\u00e9 de l&rsquo;Art d\u00e9co classique<br \/>\nInt\u00e9rieur peint assorti au fini cr\u00e8me<\/p>\n<p>Vous avez des questions sur ce produit ? Nos concepteurs sont l\u00e0 pour vous aider. Appelez-nous au (514) 340-9351  <\/p>\n","protected":false},"excerpt":{"rendered":"<p>Ce buffet contemporain est d\u00e9fini par ses belles et douces courbes. Envelopp\u00e9 de faux cuir cr\u00e8me avec un plateau de table en placage de ch\u00eane marron qui ne manquera pas d&rsquo;impressionner. Il comprend quatre armoires et est compl\u00e9t\u00e9 par une base en bois d&rsquo;acacia massif. A manipuler avec pr\u00e9caution : Ce meuble a \u00e9t\u00e9 r\u00e9alis\u00e9 en faux cuir. Le faux cuir est fabriqu\u00e9 de mani\u00e8re \u00e0 refl\u00e9ter les caract\u00e9ristiques naturelles du cuir ; ainsi, les variations de couleur, les marques, les rides, les rainures et les l\u00e9g\u00e8res \u00e9raflures sont des caract\u00e9ristiques appr\u00e9ci\u00e9es. Il n&rsquo;y a pas deux pi\u00e8ces identiques. Visitez notre page sur l&rsquo;entretien des produits pour plus d&rsquo;informations sur la fa\u00e7on de garantir la beaut\u00e9 durable de cette pi\u00e8ce.      <\/p>\n","protected":false},"featured_media":399180,"template":"","meta":{"_kad_blocks_custom_css":"","_kad_blocks_head_custom_js":"","_kad_blocks_body_custom_js":"","_kad_blocks_footer_custom_js":"","_kad_post_transparent":"","_kad_post_title":"","_kad_post_layout":"","_kad_post_sidebar_id":"","_kad_post_content_style":"","_kad_post_vertical_padding":"","_kad_post_feature":"","_kad_post_feature_position":"","_kad_post_header":false,"_kad_post_footer":false,"_kad_post_classname":""},"product_brand":[],"product_cat":[1303,1854],"product_tag":[1824],"class_list":{"0":"post-401966","1":"product","2":"type-product","3":"status-publish","4":"has-post-thumbnail","6":"product_cat-buffets","7":"product_cat-buffets-fr","8":"product_tag-sol-fr","10":"first","11":"instock","12":"taxable","13":"shipping-taxable","14":"product-type-simple","15":"entry","16":"content-bg","17":"loop-entry"},"taxonomy_info":{"product_cat":[{"value":1303,"label":"Buffets"},{"value":1854,"label":"Buffets"}],"product_tag":[{"value":1824,"label":"SOL"}]},"featured_image_src_large":["https:\/\/www.avenuedesigncanada.com\/wp-content\/uploads\/2026\/01\/Jamille-main-1024x1024.jpg",1024,1024,true],"author_info":[],"comment_info":"","_links":{"self":[{"href":"https:\/\/www.avenuedesigncanada.com\/fr\/wp-json\/wp\/v2\/product\/401966","targetHints":{"allow":["GET"]}}],"collection":[{"href":"https:\/\/www.avenuedesigncanada.com\/fr\/wp-json\/wp\/v2\/product"}],"about":[{"href":"https:\/\/www.avenuedesigncanada.com\/fr\/wp-json\/wp\/v2\/types\/product"}],"wp:featuredmedia":[{"embeddable":true,"href":"https:\/\/www.avenuedesigncanada.com\/fr\/wp-json\/wp\/v2\/media\/399180"}],"wp:attachment":[{"href":"https:\/\/www.avenuedesigncanada.com\/fr\/wp-json\/wp\/v2\/media?parent=401966"}],"wp:term":[{"taxonomy":"product_brand","embeddable":true,"href":"https:\/\/www.avenuedesigncanada.com\/fr\/wp-json\/wp\/v2\/product_brand?post=401966"},{"taxonomy":"product_cat","embeddable":true,"href":"https:\/\/www.avenuedesigncanada.com\/fr\/wp-json\/wp\/v2\/product_cat?post=401966"},{"taxonomy":"product_tag","embeddable":true,"href":"https:\/\/www.avenuedesigncanada.com\/fr\/wp-json\/wp\/v2\/product_tag?post=401966"}],"curies":[{"name":"wp","href":"https:\/\/api.w.org\/{rel}","templated":true}]}}