{"id":401968,"date":"2026-01-08T09:10:47","date_gmt":"2026-01-08T14:10:47","guid":{"rendered":"https:\/\/www.avenuedesigncanada.com\/product\/buffet-lautrec\/"},"modified":"2026-02-12T10:50:27","modified_gmt":"2026-02-12T15:50:27","slug":"buffet-lautrec","status":"publish","type":"product","link":"https:\/\/www.avenuedesigncanada.com\/fr\/product\/buffet-lautrec\/","title":{"rendered":"Buffet Lautrec"},"content":{"rendered":"<p><em>Le buffet Lautrec pr\u00e9sente les caract\u00e9ristiques suivantes :<\/em><br \/>\nFabriqu\u00e9 \u00e0 la main par des artisans indon\u00e9siens avec un magnifique marbre cr\u00e8me provenant de carri\u00e8res locales<br \/>\nLe cadre est renforc\u00e9 par un assemblage \u00e0 tenons et mortaises pour une solidit\u00e9 et une durabilit\u00e9 accrues<br \/>\nQuatre \u00e9tag\u00e8res int\u00e9rieures spacieuses permettent un rangement g\u00e9n\u00e9reux<br \/>\nDeux trous de gestion des cordons \u00e0 l&rsquo;arri\u00e8re permettent une organisation facile<br \/>\nLe m\u00e9canisme de la porte coulissante permet une ouverture en douceur<br \/>\nLe marbre est poli pour accentuer ses caract\u00e9ristiques naturelles et n&rsquo;affecte pas la qualit\u00e9 ou la performance de la pi\u00e8ce<br \/>\nLe marbre est un mat\u00e9riau naturel. Les veines, les piq\u00fbres, les fissures, les microfissures et les variations de couleur uniques ajoutent \u00e0 la beaut\u00e9 organique de chaque pi\u00e8ce. <\/p>\n<p>Vous avez des questions sur ce produit ? Nos concepteurs sont l\u00e0 pour vous aider. Appelez-nous au (514) 340-9351  <\/p>\n","protected":false},"excerpt":{"rendered":"<p>Un design audacieux et des mat\u00e9riaux mixtes conf\u00e8rent une pr\u00e9sence moderne au buffet Lautrec. Fabriqu\u00e9 en acier inoxydable et dot\u00e9 d&rsquo;un superbe plateau en marbre cr\u00e8me, le buffet Lautrec pr\u00e9sente des formes textur\u00e9es captivantes sur les portes coulissantes avant. Il est soutenu par des pieds incurv\u00e9s en finition laiton antique.  <\/p>\n","protected":false},"featured_media":399213,"template":"","meta":{"_kad_blocks_custom_css":"","_kad_blocks_head_custom_js":"","_kad_blocks_body_custom_js":"","_kad_blocks_footer_custom_js":"","_kad_post_transparent":"","_kad_post_title":"","_kad_post_layout":"","_kad_post_sidebar_id":"","_kad_post_content_style":"","_kad_post_vertical_padding":"","_kad_post_feature":"","_kad_post_feature_position":"","_kad_post_header":false,"_kad_post_footer":false,"_kad_post_classname":""},"product_brand":[],"product_cat":[1303,1854],"product_tag":[1824],"class_list":{"0":"post-401968","1":"product","2":"type-product","3":"status-publish","4":"has-post-thumbnail","6":"product_cat-buffets","7":"product_cat-buffets-fr","8":"product_tag-sol-fr","10":"first","11":"instock","12":"taxable","13":"shipping-taxable","14":"product-type-simple","15":"entry","16":"content-bg","17":"loop-entry"},"taxonomy_info":{"product_cat":[{"value":1303,"label":"Buffets"},{"value":1854,"label":"Buffets"}],"product_tag":[{"value":1824,"label":"SOL"}]},"featured_image_src_large":["https:\/\/www.avenuedesigncanada.com\/wp-content\/uploads\/2026\/01\/Lautrec-Main-1024x1024.jpg",1024,1024,true],"author_info":[],"comment_info":"","_links":{"self":[{"href":"https:\/\/www.avenuedesigncanada.com\/fr\/wp-json\/wp\/v2\/product\/401968","targetHints":{"allow":["GET"]}}],"collection":[{"href":"https:\/\/www.avenuedesigncanada.com\/fr\/wp-json\/wp\/v2\/product"}],"about":[{"href":"https:\/\/www.avenuedesigncanada.com\/fr\/wp-json\/wp\/v2\/types\/product"}],"wp:featuredmedia":[{"embeddable":true,"href":"https:\/\/www.avenuedesigncanada.com\/fr\/wp-json\/wp\/v2\/media\/399213"}],"wp:attachment":[{"href":"https:\/\/www.avenuedesigncanada.com\/fr\/wp-json\/wp\/v2\/media?parent=401968"}],"wp:term":[{"taxonomy":"product_brand","embeddable":true,"href":"https:\/\/www.avenuedesigncanada.com\/fr\/wp-json\/wp\/v2\/product_brand?post=401968"},{"taxonomy":"product_cat","embeddable":true,"href":"https:\/\/www.avenuedesigncanada.com\/fr\/wp-json\/wp\/v2\/product_cat?post=401968"},{"taxonomy":"product_tag","embeddable":true,"href":"https:\/\/www.avenuedesigncanada.com\/fr\/wp-json\/wp\/v2\/product_tag?post=401968"}],"curies":[{"name":"wp","href":"https:\/\/api.w.org\/{rel}","templated":true}]}}