{"id":401969,"date":"2026-01-08T09:08:58","date_gmt":"2026-01-08T14:08:58","guid":{"rendered":"https:\/\/www.avenuedesigncanada.com\/product\/buffet-jade\/"},"modified":"2026-02-12T10:50:28","modified_gmt":"2026-02-12T15:50:28","slug":"buffet-jade","status":"publish","type":"product","link":"https:\/\/www.avenuedesigncanada.com\/fr\/product\/buffet-jade\/","title":{"rendered":"Buffet Jade"},"content":{"rendered":"<p><em>Le buffet Jade pr\u00e9sente les caract\u00e9ristiques suivantes :<\/em><br \/>\nDesign raffin\u00e9 avec des lignes \u00e9pur\u00e9es et un attrait contemporain<br \/>\nRangement int\u00e9rieur g\u00e9n\u00e9reux avec des \u00e9tag\u00e8res r\u00e9glables<br \/>\nFabriqu\u00e9 en bois de premi\u00e8re qualit\u00e9 avec des variations naturelles de grain et de couleur<br \/>\nDos fini pour un placement flexible<br \/>\nDes textures et des marques subtiles ajoutent un caract\u00e8re unique \u00e0 chaque pi\u00e8ce.<\/p>\n<p>Vous avez des questions sur ce produit ? Nos concepteurs sont l\u00e0 pour vous aider. Appelez-nous au (514) 340-9351  <\/p>\n","protected":false},"excerpt":{"rendered":"<p>Ce buffet de fabrication unique ajoutera une allure transitionnelle \u00e0 votre salle \u00e0 manger ou \u00e0 votre hall d&rsquo;entr\u00e9e. Fabriqu\u00e9 en placage de bois d&rsquo;acacia, il comporte quatre tiroirs et deux grandes armoires pour un grand espace de rangement. Les motifs de grain de bois altern\u00e9s sur les fa\u00e7ades des tiroirs et la quincaillerie en laiton antique compl\u00e8tent l&rsquo;ensemble. Convient aux environnements r\u00e9sidentiels et contractuels.    Le bois \u00e9tant un mat\u00e9riau organique et poreux, ces pi\u00e8ces pr\u00e9sentent des variations naturelles de texture et peuvent \u00e9galement pr\u00e9senter de fines indentations et fissures. Les pi\u00e8ces de bois pr\u00e9sentent \u00e9galement une disparit\u00e9 de couleur et de grain, ainsi que des n\u0153uds et des loupes visibles qui ajoutent au caract\u00e8re de chaque pi\u00e8ce.<\/p>\n","protected":false},"featured_media":399171,"template":"","meta":{"_kad_blocks_custom_css":"","_kad_blocks_head_custom_js":"","_kad_blocks_body_custom_js":"","_kad_blocks_footer_custom_js":"","_kad_post_transparent":"","_kad_post_title":"","_kad_post_layout":"","_kad_post_sidebar_id":"","_kad_post_content_style":"","_kad_post_vertical_padding":"","_kad_post_feature":"","_kad_post_feature_position":"","_kad_post_header":false,"_kad_post_footer":false,"_kad_post_classname":""},"product_brand":[],"product_cat":[1854,1303],"product_tag":[1824],"class_list":{"0":"post-401969","1":"product","2":"type-product","3":"status-publish","4":"has-post-thumbnail","6":"product_cat-buffets-fr","7":"product_cat-buffets","8":"product_tag-sol-fr","10":"first","11":"instock","12":"taxable","13":"shipping-taxable","14":"product-type-simple","15":"entry","16":"content-bg","17":"loop-entry"},"taxonomy_info":{"product_cat":[{"value":1854,"label":"Buffets"},{"value":1303,"label":"Buffets"}],"product_tag":[{"value":1824,"label":"SOL"}]},"featured_image_src_large":["https:\/\/www.avenuedesigncanada.com\/wp-content\/uploads\/2026\/01\/Jade-main-1024x1024.jpg",1024,1024,true],"author_info":[],"comment_info":"","_links":{"self":[{"href":"https:\/\/www.avenuedesigncanada.com\/fr\/wp-json\/wp\/v2\/product\/401969","targetHints":{"allow":["GET"]}}],"collection":[{"href":"https:\/\/www.avenuedesigncanada.com\/fr\/wp-json\/wp\/v2\/product"}],"about":[{"href":"https:\/\/www.avenuedesigncanada.com\/fr\/wp-json\/wp\/v2\/types\/product"}],"wp:featuredmedia":[{"embeddable":true,"href":"https:\/\/www.avenuedesigncanada.com\/fr\/wp-json\/wp\/v2\/media\/399171"}],"wp:attachment":[{"href":"https:\/\/www.avenuedesigncanada.com\/fr\/wp-json\/wp\/v2\/media?parent=401969"}],"wp:term":[{"taxonomy":"product_brand","embeddable":true,"href":"https:\/\/www.avenuedesigncanada.com\/fr\/wp-json\/wp\/v2\/product_brand?post=401969"},{"taxonomy":"product_cat","embeddable":true,"href":"https:\/\/www.avenuedesigncanada.com\/fr\/wp-json\/wp\/v2\/product_cat?post=401969"},{"taxonomy":"product_tag","embeddable":true,"href":"https:\/\/www.avenuedesigncanada.com\/fr\/wp-json\/wp\/v2\/product_tag?post=401969"}],"curies":[{"name":"wp","href":"https:\/\/api.w.org\/{rel}","templated":true}]}}