{"id":401971,"date":"2026-01-08T09:09:52","date_gmt":"2026-01-08T14:09:52","guid":{"rendered":"https:\/\/www.avenuedesigncanada.com\/product\/buffet-kresteven\/"},"modified":"2026-02-12T10:50:28","modified_gmt":"2026-02-12T15:50:28","slug":"buffet-kresteven","status":"publish","type":"product","link":"https:\/\/www.avenuedesigncanada.com\/fr\/product\/buffet-kresteven\/","title":{"rendered":"Buffet Kresteven"},"content":{"rendered":"<p><em>Le buffet Kresteven pr\u00e9sente les caract\u00e9ristiques suivantes :<\/em><br \/>\nCadre en bois d&rsquo;ing\u00e9nierie avec placage de ronce<br \/>\nOuverture pour le rangement des c\u00e2bles<br \/>\nPortes de placard \u00e0 fermeture souple<br \/>\nInt\u00e9rieur des placards en bouleau<br \/>\nDos fini pour un placement polyvalent<br \/>\nVariations naturelles de la texture, du grain et de la couleur du bois<br \/>\nLes n\u0153uds et les ronces visibles rehaussent le caract\u00e8re<br \/>\nChaque pi\u00e8ce est unique.<\/p>\n<p>Vous avez des questions sur ce produit ? Nos concepteurs sont l\u00e0 pour vous aider. Appelez-nous au (514) 340-9351  <\/p>\n","protected":false},"excerpt":{"rendered":"<p>Avec ses riches teintes brunes et ses touches d&rsquo;acier inoxydable dor\u00e9, le buffet Kresteven conf\u00e8re \u00e0 tout espace un air de luxe discret. Les motifs tourbillonnants complexes et les nuances marbr\u00e9es du placage en ronce d&rsquo;\u00e9rable soulignent la qualit\u00e9 de l&rsquo;artisanat et la modernit\u00e9 du design. <\/p>\n","protected":false},"featured_media":399198,"template":"","meta":{"_kad_blocks_custom_css":"","_kad_blocks_head_custom_js":"","_kad_blocks_body_custom_js":"","_kad_blocks_footer_custom_js":"","_kad_post_transparent":"","_kad_post_title":"","_kad_post_layout":"","_kad_post_sidebar_id":"","_kad_post_content_style":"","_kad_post_vertical_padding":"","_kad_post_feature":"","_kad_post_feature_position":"","_kad_post_header":false,"_kad_post_footer":false,"_kad_post_classname":""},"product_brand":[],"product_cat":[1854,1303],"product_tag":[1824],"class_list":{"0":"post-401971","1":"product","2":"type-product","3":"status-publish","4":"has-post-thumbnail","6":"product_cat-buffets-fr","7":"product_cat-buffets","8":"product_tag-sol-fr","10":"first","11":"instock","12":"taxable","13":"shipping-taxable","14":"product-type-simple","15":"entry","16":"content-bg","17":"loop-entry"},"taxonomy_info":{"product_cat":[{"value":1854,"label":"Buffets"},{"value":1303,"label":"Buffets"}],"product_tag":[{"value":1824,"label":"SOL"}]},"featured_image_src_large":["https:\/\/www.avenuedesigncanada.com\/wp-content\/uploads\/2026\/01\/Kresteven-main-1024x1024.jpg",1024,1024,true],"author_info":[],"comment_info":"","_links":{"self":[{"href":"https:\/\/www.avenuedesigncanada.com\/fr\/wp-json\/wp\/v2\/product\/401971","targetHints":{"allow":["GET"]}}],"collection":[{"href":"https:\/\/www.avenuedesigncanada.com\/fr\/wp-json\/wp\/v2\/product"}],"about":[{"href":"https:\/\/www.avenuedesigncanada.com\/fr\/wp-json\/wp\/v2\/types\/product"}],"wp:featuredmedia":[{"embeddable":true,"href":"https:\/\/www.avenuedesigncanada.com\/fr\/wp-json\/wp\/v2\/media\/399198"}],"wp:attachment":[{"href":"https:\/\/www.avenuedesigncanada.com\/fr\/wp-json\/wp\/v2\/media?parent=401971"}],"wp:term":[{"taxonomy":"product_brand","embeddable":true,"href":"https:\/\/www.avenuedesigncanada.com\/fr\/wp-json\/wp\/v2\/product_brand?post=401971"},{"taxonomy":"product_cat","embeddable":true,"href":"https:\/\/www.avenuedesigncanada.com\/fr\/wp-json\/wp\/v2\/product_cat?post=401971"},{"taxonomy":"product_tag","embeddable":true,"href":"https:\/\/www.avenuedesigncanada.com\/fr\/wp-json\/wp\/v2\/product_tag?post=401971"}],"curies":[{"name":"wp","href":"https:\/\/api.w.org\/{rel}","templated":true}]}}